{"id":877,"date":"2024-03-01T10:13:01","date_gmt":"2024-03-01T07:13:01","guid":{"rendered":"https:\/\/anirililled.ee\/?product=lilled-karbis-s-8-2"},"modified":"2025-02-11T23:22:56","modified_gmt":"2025-02-11T20:22:56","slug":"lilled-karbis-s-8-2","status":"publish","type":"product","link":"https:\/\/anirililled.ee\/ru\/product\/lilled-karbis-s-8-2\/","title":{"rendered":"Lilled karbis &#171;S-8&#187;"},"content":{"rendered":"<p>Lilled karbis &#171;S-8&#187;. (Roosid, eusthoma, santini). Pilt illustratiivne vastab \u201eM\u201c suurusele. Florist j\u00e4\u00e4tab endale \u00f5iguse lillevalikut muuta, v\u00e4rvitoonid j\u00e4\u00e4vad samaks, kui tellimuse t\u00e4itmise t\u00e4htaeg on l\u00fchike.<\/p>\n<p>&#171;S&#187;- 55.00<\/p>\n<p>&#171;M&#187;- 69.00<\/p>\n<p>&#171;L&#187;- 79.00<\/p>\n","protected":false},"excerpt":{"rendered":"<p>Lilled karbis &#171;S-8&#187;. (Roosid, eusthoma, santini). Pilt illustratiivne vastab \u201eM\u201c suurusele. Florist j\u00e4\u00e4tab endale \u00f5iguse lillevalikut muuta, v\u00e4rvitoonid j\u00e4\u00e4vad samaks, kui tellimuse t\u00e4itmise t\u00e4htaeg on l\u00fchike. &#171;S&#187;- 55.00 &#171;M&#187;- 69.00 &#171;L&#187;- 79.00<\/p>\n","protected":false},"featured_media":421,"comment_status":"closed","ping_status":"closed","template":"","meta":[],"product_cat":[339],"product_tag":[],"class_list":{"0":"post-877","1":"product","2":"type-product","3":"status-publish","4":"has-post-thumbnail","6":"product_cat-339","7":"pa_size-l","8":"pa_size-m","9":"pa_size-s","11":"first","12":"instock","13":"purchasable","14":"product-type-variable"},"_links":{"self":[{"href":"https:\/\/anirililled.ee\/ru\/wp-json\/wp\/v2\/product\/877","targetHints":{"allow":["GET"]}}],"collection":[{"href":"https:\/\/anirililled.ee\/ru\/wp-json\/wp\/v2\/product"}],"about":[{"href":"https:\/\/anirililled.ee\/ru\/wp-json\/wp\/v2\/types\/product"}],"replies":[{"embeddable":true,"href":"https:\/\/anirililled.ee\/ru\/wp-json\/wp\/v2\/comments?post=877"}],"wp:featuredmedia":[{"embeddable":true,"href":"https:\/\/anirililled.ee\/ru\/wp-json\/wp\/v2\/media\/421"}],"wp:attachment":[{"href":"https:\/\/anirililled.ee\/ru\/wp-json\/wp\/v2\/media?parent=877"}],"wp:term":[{"taxonomy":"product_cat","embeddable":true,"href":"https:\/\/anirililled.ee\/ru\/wp-json\/wp\/v2\/product_cat?post=877"},{"taxonomy":"product_tag","embeddable":true,"href":"https:\/\/anirililled.ee\/ru\/wp-json\/wp\/v2\/product_tag?post=877"}],"curies":[{"name":"wp","href":"https:\/\/api.w.org\/{rel}","templated":true}]}}