{"id":879,"date":"2024-03-01T10:13:01","date_gmt":"2024-03-01T07:13:01","guid":{"rendered":"https:\/\/anirililled.ee\/?product=lillekimp-royal-k-241401"},"modified":"2025-02-13T21:03:12","modified_gmt":"2025-02-13T18:03:12","slug":"lillekimp-royal-k-241401","status":"publish","type":"product","link":"https:\/\/anirililled.ee\/et\/product\/lillekimp-kuninglik-k-241401\/","title":{"rendered":"Lillekimp \"Royal\""},"content":{"rendered":"<ol>\n<li>Lillekimp \"Royal\" K-241401 (roosad roosid, eustoma) Pilt on illustratiivne, vastab \"L\" suurusele. Florist j\u00e4\u00e4tab endale \u00f5iguse lillevalikut muuta, v\u00e4rvitoonid j\u00e4\u00e4vad samaks, kui tellimuse t\u00e4itmise t\u00e4htaeg on l\u00fchike.<\/li>\n<\/ol>\n<p>\"S\" - 9 roosi 55.00<\/p>\n<p>\"M\" - 11 roosi 69.00<\/p>\n<p>\"L\" - 19 roosi 99.00<\/p>","protected":false},"excerpt":{"rendered":"<blockquote><p>&nbsp;<\/p><\/blockquote>","protected":false},"featured_media":571,"comment_status":"closed","ping_status":"closed","template":"","meta":[],"product_cat":[331],"product_tag":[],"class_list":{"0":"post-879","1":"product","2":"type-product","3":"status-publish","4":"has-post-thumbnail","6":"product_cat-331","7":"pa_size-l","8":"pa_size-m","9":"pa_size-s","11":"first","12":"instock","13":"purchasable","14":"product-type-variable"},"_links":{"self":[{"href":"https:\/\/anirililled.ee\/et\/wp-json\/wp\/v2\/product\/879","targetHints":{"allow":["GET"]}}],"collection":[{"href":"https:\/\/anirililled.ee\/et\/wp-json\/wp\/v2\/product"}],"about":[{"href":"https:\/\/anirililled.ee\/et\/wp-json\/wp\/v2\/types\/product"}],"replies":[{"embeddable":true,"href":"https:\/\/anirililled.ee\/et\/wp-json\/wp\/v2\/comments?post=879"}],"wp:featuredmedia":[{"embeddable":true,"href":"https:\/\/anirililled.ee\/et\/wp-json\/wp\/v2\/media\/571"}],"wp:attachment":[{"href":"https:\/\/anirililled.ee\/et\/wp-json\/wp\/v2\/media?parent=879"}],"wp:term":[{"taxonomy":"product_cat","embeddable":true,"href":"https:\/\/anirililled.ee\/et\/wp-json\/wp\/v2\/product_cat?post=879"},{"taxonomy":"product_tag","embeddable":true,"href":"https:\/\/anirililled.ee\/et\/wp-json\/wp\/v2\/product_tag?post=879"}],"curies":[{"name":"wp","href":"https:\/\/api.w.org\/{rel}","templated":true}]}}