{"id":878,"date":"2024-03-01T10:13:01","date_gmt":"2024-03-01T07:13:01","guid":{"rendered":"https:\/\/anirililled.ee\/?product=kollased-roosid-karbis-s-3"},"modified":"2026-02-15T06:46:35","modified_gmt":"2026-02-15T03:46:35","slug":"kollased-roosid-karbis-s-3","status":"publish","type":"product","link":"https:\/\/anirililled.ee\/et\/product\/kollased-roosid-karbis-s-3\/","title":{"rendered":"Kollased roosid karbis \"S-3\""},"content":{"rendered":"<ol>\n<li>\n<blockquote><p>Kollased roosid \"S-3\" karbis. Foto on illustratiivne ja vastab suurusele \"S\". Lillepoodnik j\u00e4tab endale \u00f5iguse muuta lillede komplekti, j\u00e4rgides v\u00e4rviskeemi, kui t\u00e4htaeg on l\u00fchike.<\/p><\/blockquote>\n<\/li>\n<\/ol>\n<p style=\"color: #333333; font-family: sans-serif,Arial,Verdana,&amp;quot; trebuchet ms&amp;quot;; font-size: 13px; font-style: normal; font-variant: normal; font-weight: 400; letter-spacing: normal; orphans: 2; text-align: left; text-decoration: none; text-indent: 0px; text-transform: none; -webkit-text-stroke-width: 0px; white-space: normal; word-spacing: 0px;\">\u00a0\"S\"- 55.00<\/p>\n<p style=\"color: #333333; font-family: sans-serif,Arial,Verdana,&amp;quot; trebuchet ms&amp;quot;; font-size: 13px; font-style: normal; font-variant: normal; font-weight: 400; letter-spacing: normal; orphans: 2; text-align: left; text-decoration: none; text-indent: 0px; text-transform: none; -webkit-text-stroke-width: 0px; white-space: normal; word-spacing: 0px;\">\"M\"- 69.00<\/p>\n<p style=\"color: #333333; font-family: sans-serif,Arial,Verdana,&amp;quot; trebuchet ms&amp;quot;; font-size: 13px; font-style: normal; font-variant: normal; font-weight: 400; letter-spacing: normal; orphans: 2; text-align: left; text-decoration: none; text-indent: 0px; text-transform: none; -webkit-text-stroke-width: 0px; white-space: normal; word-spacing: 0px;\">\"L\"- 79.00<\/p>\n<p style=\"color: #333333; font-family: sans-serif,Arial,Verdana,&amp;quot; trebuchet ms&amp;quot;; font-size: 13px; font-style: normal; font-variant: normal; font-weight: 400; letter-spacing: normal; orphans: 2; text-align: left; text-decoration: none; text-indent: 0px; text-transform: none; -webkit-text-stroke-width: 0px; white-space: normal; word-spacing: 0px;\">","protected":false},"excerpt":{"rendered":"<p>Kollased roosid \"S-3\" karbis. Foto on illustratiivne ja vastab suurusele \"S\". Lillepoodnik j\u00e4tab endale \u00f5iguse muuta lillede komplekti, j\u00e4rgides v\u00e4rviskeemi, kui t\u00e4htaeg on l\u00fchike.  \"S\" - 55.00 \"M\" - 69.00 \"L\" - 79.00<\/p>","protected":false},"featured_media":375,"comment_status":"closed","ping_status":"closed","template":"","meta":[],"product_cat":[339],"product_tag":[],"class_list":{"0":"post-878","1":"product","2":"type-product","3":"status-publish","4":"has-post-thumbnail","6":"product_cat-339","7":"pa_size-l","8":"pa_size-m","9":"pa_size-s","11":"first","12":"instock","13":"purchasable","14":"product-type-variable"},"_links":{"self":[{"href":"https:\/\/anirililled.ee\/et\/wp-json\/wp\/v2\/product\/878","targetHints":{"allow":["GET"]}}],"collection":[{"href":"https:\/\/anirililled.ee\/et\/wp-json\/wp\/v2\/product"}],"about":[{"href":"https:\/\/anirililled.ee\/et\/wp-json\/wp\/v2\/types\/product"}],"replies":[{"embeddable":true,"href":"https:\/\/anirililled.ee\/et\/wp-json\/wp\/v2\/comments?post=878"}],"wp:featuredmedia":[{"embeddable":true,"href":"https:\/\/anirililled.ee\/et\/wp-json\/wp\/v2\/media\/375"}],"wp:attachment":[{"href":"https:\/\/anirililled.ee\/et\/wp-json\/wp\/v2\/media?parent=878"}],"wp:term":[{"taxonomy":"product_cat","embeddable":true,"href":"https:\/\/anirililled.ee\/et\/wp-json\/wp\/v2\/product_cat?post=878"},{"taxonomy":"product_tag","embeddable":true,"href":"https:\/\/anirililled.ee\/et\/wp-json\/wp\/v2\/product_tag?post=878"}],"curies":[{"name":"wp","href":"https:\/\/api.w.org\/{rel}","templated":true}]}}