{"id":871,"date":"2024-03-01T10:13:01","date_gmt":"2024-03-01T07:13:01","guid":{"rendered":"https:\/\/anirililled.ee\/?product=kimp-101-punast-roosi"},"modified":"2026-04-16T09:39:48","modified_gmt":"2026-04-16T06:39:48","slug":"kimp-101-punast-roosi","status":"publish","type":"product","link":"https:\/\/anirililled.ee\/et\/product\/kimp-101-punast-roosi\/","title":{"rendered":"Kimp \"101 punast roosi\""},"content":{"rendered":"<p style=\"text-align: left;\">Kimp 101 punast roosi<\/p>\n<p>Florist j\u00e4\u00e4tab endale \u00f5iguse lillevalikut muuta, v\u00e4rvitoonid j\u00e4\u00e4vad samaks, kui tellimuse t\u00e4itmise t\u00e4htaeg on l\u00fchike.<\/p>","protected":false},"excerpt":{"rendered":"<p>Kimp \"101 punast roosi\". Lillepoodnik j\u00e4tab endale \u00f5iguse muuta v\u00e4rviskeemi, kui t\u00e4htaeg on l\u00fchike.<\/p>","protected":false},"featured_media":440,"comment_status":"closed","ping_status":"closed","template":"","meta":[],"product_cat":[331,398],"product_tag":[],"class_list":{"0":"post-871","1":"product","2":"type-product","3":"status-publish","4":"has-post-thumbnail","6":"product_cat-331","7":"product_cat-bukety-roz","9":"first","10":"outofstock","11":"purchasable","12":"product-type-simple"},"_links":{"self":[{"href":"https:\/\/anirililled.ee\/et\/wp-json\/wp\/v2\/product\/871","targetHints":{"allow":["GET"]}}],"collection":[{"href":"https:\/\/anirililled.ee\/et\/wp-json\/wp\/v2\/product"}],"about":[{"href":"https:\/\/anirililled.ee\/et\/wp-json\/wp\/v2\/types\/product"}],"replies":[{"embeddable":true,"href":"https:\/\/anirililled.ee\/et\/wp-json\/wp\/v2\/comments?post=871"}],"wp:featuredmedia":[{"embeddable":true,"href":"https:\/\/anirililled.ee\/et\/wp-json\/wp\/v2\/media\/440"}],"wp:attachment":[{"href":"https:\/\/anirililled.ee\/et\/wp-json\/wp\/v2\/media?parent=871"}],"wp:term":[{"taxonomy":"product_cat","embeddable":true,"href":"https:\/\/anirililled.ee\/et\/wp-json\/wp\/v2\/product_cat?post=871"},{"taxonomy":"product_tag","embeddable":true,"href":"https:\/\/anirililled.ee\/et\/wp-json\/wp\/v2\/product_tag?post=871"}],"curies":[{"name":"wp","href":"https:\/\/api.w.org\/{rel}","templated":true}]}}