{"id":870,"date":"2024-03-01T10:13:01","date_gmt":"2024-03-01T07:13:01","guid":{"rendered":"https:\/\/anirililled.ee\/?product=%d0%b1%d1%83%d0%ba%d0%b5%d1%82-pink-athena-k-14-2"},"modified":"2026-04-12T16:02:21","modified_gmt":"2026-04-12T13:02:21","slug":"buket-pink-athena-k-14-2","status":"publish","type":"product","link":"https:\/\/anirililled.ee\/et\/product\/buket-roosa-athena-k-14-2\/","title":{"rendered":"Kimp \"Pink athena\" KP-14"},"content":{"rendered":"<p>Lillekimp \"Pink Athena\" K-14 (roosid, kipslill). Florist j\u00e4\u00e4tab endale \u00f5iguse lillevalikut muuta, v\u00e4rvitoonid j\u00e4\u00e4vad samaks, kui tellimuse t\u00e4itmise t\u00e4htaeg on l\u00fchike.<\/p>\n<p><span style=\"font-size: 10pt;\">&#171;S&#187;- 25 roosi\u00a0<\/span><\/p>\n<p><span style=\"font-size: 10pt;\">&#171;M&#187;- 51 roosi\u00a0<\/span><\/p>\n<p><span style=\"font-size: 10pt;\">&#171;L&#187;- 101 roosi<\/span><\/p>\n<p>&nbsp;<\/p>","protected":false},"excerpt":{"rendered":"<p>Lillekimp &#171;Pink Athena&#187; K-14 (roosid, kipslill). Florist j\u00e4\u00e4tab endale \u00f5iguse lillevalikut muuta, v\u00e4rvitoonid j\u00e4\u00e4vad samaks, kui tellimuse t\u00e4itmise t\u00e4htaeg on l\u00fchike. &#171;S&#187;- 25 roosi\u00a0 &#171;M&#187;- 51 roosi\u00a0 &#171;L&#187;- 101 roosi &nbsp;<\/p>","protected":false},"featured_media":515,"comment_status":"closed","ping_status":"closed","template":"","meta":[],"product_cat":[331],"product_tag":[],"class_list":{"0":"post-870","1":"product","2":"type-product","3":"status-publish","4":"has-post-thumbnail","6":"product_cat-331","8":"first","9":"outofstock","10":"purchasable","11":"product-type-variable"},"_links":{"self":[{"href":"https:\/\/anirililled.ee\/et\/wp-json\/wp\/v2\/product\/870","targetHints":{"allow":["GET"]}}],"collection":[{"href":"https:\/\/anirililled.ee\/et\/wp-json\/wp\/v2\/product"}],"about":[{"href":"https:\/\/anirililled.ee\/et\/wp-json\/wp\/v2\/types\/product"}],"replies":[{"embeddable":true,"href":"https:\/\/anirililled.ee\/et\/wp-json\/wp\/v2\/comments?post=870"}],"wp:featuredmedia":[{"embeddable":true,"href":"https:\/\/anirililled.ee\/et\/wp-json\/wp\/v2\/media\/515"}],"wp:attachment":[{"href":"https:\/\/anirililled.ee\/et\/wp-json\/wp\/v2\/media?parent=870"}],"wp:term":[{"taxonomy":"product_cat","embeddable":true,"href":"https:\/\/anirililled.ee\/et\/wp-json\/wp\/v2\/product_cat?post=870"},{"taxonomy":"product_tag","embeddable":true,"href":"https:\/\/anirililled.ee\/et\/wp-json\/wp\/v2\/product_tag?post=870"}],"curies":[{"name":"wp","href":"https:\/\/api.w.org\/{rel}","templated":true}]}}