{"id":862,"date":"2024-03-01T10:12:58","date_gmt":"2024-03-01T07:12:58","guid":{"rendered":"https:\/\/anirililled.ee\/?product=%d1%82%d1%80%d0%b0%d1%83%d1%80%d0%bd%d1%8b%d0%b9-%d0%b2%d0%b5%d0%bd%d0%be%d0%ba-p-11-2"},"modified":"2025-02-19T00:14:15","modified_gmt":"2025-02-18T21:14:15","slug":"traurnyj-venok-p-11-2","status":"publish","type":"product","link":"https:\/\/anirililled.ee\/et\/product\/traurnyj-venok-p-11-2\/","title":{"rendered":"Matusep\u00e4rg \"P-15\""},"content":{"rendered":"<p>Matusep\u00e4rg \"P-15\" (kr\u00fcsanteemid ja nelgid). L\u00e4bim\u00f5\u00f5t ~65cm. Lint tekstiga hinnas. Foto on illustratiivne, vastab suurusele \"M\". Lillepood j\u00e4tab endale \u00f5iguse muuta lillede komplekti, s\u00e4ilitades v\u00e4rviskeemi, kui t\u00e4htaeg on l\u00fchike.<\/p>\n<p><span style=\"font-size: 10pt; font-family: Arial, sans-serif;\">\u00a0\"S\"- 95.00<\/span><\/p>\n<p><span style=\"font-size: 10pt; font-family: Arial, sans-serif;\">\u00a0\"M\"- <\/span><span style=\"font-size: 10pt; font-family: Arial, sans-serif;\">115.00<\/span><\/p>\n<p><span style=\"font-size: 10pt; font-family: Arial, sans-serif;\">\u00a0\"L\"- <\/span><span style=\"font-size: 10pt; font-family: Arial, sans-serif;\">155.00<\/span><\/p>","protected":false},"excerpt":{"rendered":"<p>Matusep\u00e4rg \"P-15\" (kr\u00fcsanteemid ja nelgid). L\u00e4bim\u00f5\u00f5t ~65cm. Lindi tekstiga hinnas. Foto on illustratiivne, vastab suurusele \"M\". Lillepood j\u00e4tab endale \u00f5iguse muuta lillede komplekti, s\u00e4ilitades v\u00e4rviskeemi, kui t\u00e4htaeg on l\u00fchike.  \"S\" - 95.00 \"M\" - 115.00 \"L\" - 155.00<\/p>","protected":false},"featured_media":231,"comment_status":"closed","ping_status":"closed","template":"","meta":[],"product_cat":[337],"product_tag":[],"class_list":{"0":"post-862","1":"product","2":"type-product","3":"status-publish","4":"has-post-thumbnail","6":"product_cat-337","7":"pa_size-l","8":"pa_size-m","9":"pa_size-s","11":"first","12":"instock","13":"purchasable","14":"product-type-variable"},"_links":{"self":[{"href":"https:\/\/anirililled.ee\/et\/wp-json\/wp\/v2\/product\/862","targetHints":{"allow":["GET"]}}],"collection":[{"href":"https:\/\/anirililled.ee\/et\/wp-json\/wp\/v2\/product"}],"about":[{"href":"https:\/\/anirililled.ee\/et\/wp-json\/wp\/v2\/types\/product"}],"replies":[{"embeddable":true,"href":"https:\/\/anirililled.ee\/et\/wp-json\/wp\/v2\/comments?post=862"}],"wp:featuredmedia":[{"embeddable":true,"href":"https:\/\/anirililled.ee\/et\/wp-json\/wp\/v2\/media\/231"}],"wp:attachment":[{"href":"https:\/\/anirililled.ee\/et\/wp-json\/wp\/v2\/media?parent=862"}],"wp:term":[{"taxonomy":"product_cat","embeddable":true,"href":"https:\/\/anirililled.ee\/et\/wp-json\/wp\/v2\/product_cat?post=862"},{"taxonomy":"product_tag","embeddable":true,"href":"https:\/\/anirililled.ee\/et\/wp-json\/wp\/v2\/product_tag?post=862"}],"curies":[{"name":"wp","href":"https:\/\/api.w.org\/{rel}","templated":true}]}}