{"id":860,"date":"2024-03-01T10:12:58","date_gmt":"2024-03-01T07:12:58","guid":{"rendered":"https:\/\/anirililled.ee\/?product=%d1%82%d1%80%d0%b0%d1%83%d1%80%d0%bd%d1%8b%d0%b9-%d0%b1%d1%83%d0%ba%d0%b5%d1%82-mk-322"},"modified":"2025-06-15T15:48:20","modified_gmt":"2025-06-15T12:48:20","slug":"traurnyj-buket-mk-322","status":"publish","type":"product","link":"https:\/\/anirililled.ee\/et\/product\/traurnyj-buket-mk-322\/","title":{"rendered":"Leinakimp \"MK-322\""},"content":{"rendered":"<p>Leinakimp \"MK-322\" (roosid, iirised). Hinna sees on lindi kiri. Lillepoodnik j\u00e4tab endale \u00f5iguse muuta lillekomplekti, j\u00e4rgides v\u00e4rviskeemi, kui t\u00e4htaeg on l\u00fchike.<\/p>\n<p>\"S\" - 4 roosi, iiris 4 tk.<\/p>\n<p>\"M\" 6 roosi, iiris 8 tk.<\/p>\n<p>\"L\" 8 roosi, iiris 10 tk.<\/p>","protected":false},"excerpt":{"rendered":"<p>Leinakimp \"MK-322\" (roosid, iirised). Hinna sees on lindi kiri. Lillepoodnik j\u00e4tab endale \u00f5iguse muuta lillekomplekti, j\u00e4rgides v\u00e4rviskeemi, kui t\u00e4htaeg on l\u00fchike. \"S\" - 4 roosi, iiris 4 tk \"M\" 6 roosi, iiris 8 tk \"L\" 8 roosi, iiris 10 tk<\/p>","protected":false},"featured_media":3672,"comment_status":"closed","ping_status":"closed","template":"","meta":[],"product_cat":[336,335],"product_tag":[],"class_list":{"0":"post-860","1":"product","2":"type-product","3":"status-publish","4":"has-post-thumbnail","6":"product_cat-336","7":"product_cat-335","9":"first","10":"instock","11":"purchasable","12":"product-type-simple"},"_links":{"self":[{"href":"https:\/\/anirililled.ee\/et\/wp-json\/wp\/v2\/product\/860","targetHints":{"allow":["GET"]}}],"collection":[{"href":"https:\/\/anirililled.ee\/et\/wp-json\/wp\/v2\/product"}],"about":[{"href":"https:\/\/anirililled.ee\/et\/wp-json\/wp\/v2\/types\/product"}],"replies":[{"embeddable":true,"href":"https:\/\/anirililled.ee\/et\/wp-json\/wp\/v2\/comments?post=860"}],"wp:featuredmedia":[{"embeddable":true,"href":"https:\/\/anirililled.ee\/et\/wp-json\/wp\/v2\/media\/3672"}],"wp:attachment":[{"href":"https:\/\/anirililled.ee\/et\/wp-json\/wp\/v2\/media?parent=860"}],"wp:term":[{"taxonomy":"product_cat","embeddable":true,"href":"https:\/\/anirililled.ee\/et\/wp-json\/wp\/v2\/product_cat?post=860"},{"taxonomy":"product_tag","embeddable":true,"href":"https:\/\/anirililled.ee\/et\/wp-json\/wp\/v2\/product_tag?post=860"}],"curies":[{"name":"wp","href":"https:\/\/api.w.org\/{rel}","templated":true}]}}