{"id":854,"date":"2024-03-01T10:12:58","date_gmt":"2024-03-01T07:12:58","guid":{"rendered":"https:\/\/anirililled.ee\/?product=%d1%82%d1%80%d0%b0%d1%83%d1%80%d0%bd%d1%8b%d0%b9-%d0%b1%d1%83%d0%ba%d0%b5%d1%82-mk-10"},"modified":"2024-03-01T10:12:58","modified_gmt":"2024-03-01T07:12:58","slug":"traurnyj-buket-mk-10","status":"publish","type":"product","link":"https:\/\/anirililled.ee\/et\/product\/traurnyj-buket-mk-10\/","title":{"rendered":"Leinakimp \"MK-10\""},"content":{"rendered":"<p>Leinakimp&nbsp;<span style=\"display: inline !important; float: none; background-color: rgb(255, 255, 255); color: rgb(51, 51, 51); font-family: sans-serif,Arial,Verdana,&quot;Trebuchet MS&quot;; font-size: 13px; font-style: normal; font-variant: normal; font-weight: 400; letter-spacing: normal; orphans: 2; text-align: left; text-decoration: none; text-indent: 0px; text-transform: none; -webkit-text-stroke-width: 0px; white-space: normal; word-spacing: 0px;\">\"MK-10.\"<\/span>&nbsp;(liilia, roosid, eustoma). Foto on illustratiivne, vastab suurusele \"L\". Lillepoodnik j\u00e4tab endale \u00f5iguse muuta lillede komplekti, j\u00e4rgides v\u00e4rviskeemi, kui t\u00e4htaeg on l\u00fchike.<\/p>\n<p>\"S\"- (lillad 2 tk, roosid 4 tk) 45.-<\/p>\n<p style=\"font-variant-numeric: normal; font-variant-east-asian: normal;\">\"M\" - (liilia 4 tk, roosid 6 tk) 65.-<\/p>\n<p style=\"font-variant-numeric: normal; font-variant-east-asian: normal;\">\"L\"- (lillad 6 tk, roosid 10 tk) 85.-<\/p>\n<p>&nbsp;<\/p>","protected":false},"excerpt":{"rendered":"<p>\u0422\u0440\u0430\u0443\u0440\u043d\u044b\u0439 \u0431\u0443\u043a\u0435\u0442&nbsp;&quot;MK-10&quot;&nbsp;(\u041b\u0438\u043b\u0438\u044f, \u0440\u043e\u0437\u044b, \u044d\u0443\u0441\u0442\u043e\u043c\u0430). \u0424\u043e\u0442\u043e \u0438\u043b\u043b\u044e\u0441\u0442\u0440\u0430\u0442\u0438\u0432\u043d\u043e, \u0441\u043e\u043e\u0442\u0432\u0435\u0442\u0441\u0442\u0432\u0443\u0435\u0442 \u0440\u0430\u0437\u043c\u0435\u0440\u0443 &quot;L&quot;. \u0424\u043b\u043e\u0440\u0438\u0441\u0442 \u043e\u0441\u0442\u0430\u0432\u043b\u044f\u0435\u0442 \u0437\u0430 \u0441\u043e\u0431\u043e\u0439 \u043f\u0440\u0430\u0432\u043e \u0438\u0437\u043c\u0435\u043d\u0438\u0442\u044c \u043d\u0430\u0431\u043e\u0440 \u0446\u0432\u0435\u0442\u043e\u0432, \u043f\u0440\u0438\u0434\u0435\u0440\u0436\u0438\u0432\u0430\u044f\u0441\u044c \u0446\u0432\u0435\u0442\u043e\u0432\u043e\u0439 \u0433\u0430\u043c\u043c\u044b, \u0435\u0441\u043b\u0438 \u0441\u0440\u043e\u043a \u0432\u044b\u043f\u043e\u043b\u043d\u0435\u043d\u0438\u0435 \u0437\u0430\u043a\u0430\u0437\u0430 \u043a\u043e\u0440\u043e\u0442\u043a\u0438\u0439. &quot;S&quot;- (\u043b\u0438\u043b\u0438\u044f 2 \u0448\u0442, \u0440\u043e\u0437\u044b 4 \u0448\u0442) 45.- &quot;M&quot; &#8212;&nbsp;(\u043b\u0438\u043b\u0438\u044f 4 \u0448\u0442, \u0440\u043e\u0437\u044b 6 \u0448\u0442) 65.- &quot;L&quot;-&nbsp;(\u043b\u0438\u043b\u0438\u044f 6 \u0448\u0442, \u0440\u043e\u0437\u044b 10 \u0448\u0442) 85.- &nbsp;<\/p>","protected":false},"featured_media":535,"comment_status":"closed","ping_status":"open","template":"","meta":[],"product_cat":[336,335],"product_tag":[],"class_list":{"0":"post-854","1":"product","2":"type-product","3":"status-publish","4":"has-post-thumbnail","6":"product_cat-336","7":"product_cat-335","9":"first","10":"instock","11":"purchasable","12":"product-type-simple"},"_links":{"self":[{"href":"https:\/\/anirililled.ee\/et\/wp-json\/wp\/v2\/product\/854","targetHints":{"allow":["GET"]}}],"collection":[{"href":"https:\/\/anirililled.ee\/et\/wp-json\/wp\/v2\/product"}],"about":[{"href":"https:\/\/anirililled.ee\/et\/wp-json\/wp\/v2\/types\/product"}],"replies":[{"embeddable":true,"href":"https:\/\/anirililled.ee\/et\/wp-json\/wp\/v2\/comments?post=854"}],"wp:featuredmedia":[{"embeddable":true,"href":"https:\/\/anirililled.ee\/et\/wp-json\/wp\/v2\/media\/535"}],"wp:attachment":[{"href":"https:\/\/anirililled.ee\/et\/wp-json\/wp\/v2\/media?parent=854"}],"wp:term":[{"taxonomy":"product_cat","embeddable":true,"href":"https:\/\/anirililled.ee\/et\/wp-json\/wp\/v2\/product_cat?post=854"},{"taxonomy":"product_tag","embeddable":true,"href":"https:\/\/anirililled.ee\/et\/wp-json\/wp\/v2\/product_tag?post=854"}],"curies":[{"name":"wp","href":"https:\/\/api.w.org\/{rel}","templated":true}]}}