{"id":849,"date":"2024-03-01T10:12:58","date_gmt":"2024-03-01T07:12:58","guid":{"rendered":"https:\/\/anirililled.ee\/?product=ak-16"},"modified":"2024-03-07T17:03:33","modified_gmt":"2024-03-07T14:03:33","slug":"ak-16","status":"publish","type":"product","link":"https:\/\/anirililled.ee\/et\/product\/ak-16\/","title":{"rendered":"AK-16."},"content":{"rendered":"<p><span style=\"font-size:14px;\">Autodekoratsioon \"AK-16\" (valged roosid, gipsofila). Autokaunistusi saab valmistada erinevates kujudes ja suurustes.&nbsp;<\/span><\/p>\n<p><span style=\"font-size:14px;\">Foto illustreeriv. Vastab \"L\" variandile. Lillepoodnik j\u00e4tab endale \u00f5iguse muuta lillekomplekti, s\u00e4ilitades v\u00e4rviskeemi, kui t\u00e4htaeg on l\u00fchike.<\/span><\/p>\n<p><span style=\"font-size: 10pt;\">\"S\" - 1m -150.00 tk.<\/span><\/p>\n<p><span style=\"font-size: 10pt;\">\"M\" - 2m -250.00 tk.<o_p><\/o_p><\/span><\/p>\n<p><span style=\"font-size: 10pt;\">\"L\" - 4m -350.00 tk.<\/span><\/p>","protected":false},"excerpt":{"rendered":"<p>\u0423\u043a\u0440\u0430\u0448\u0435\u043d\u0438\u0435 \u043d\u0430 \u043c\u0430\u0448\u0438\u043d\u0443 &quot;AK-16&quot; (\u0411\u0435\u043b\u044b\u0435 \u0440\u043e\u0437\u044b, \u0433\u0438\u043f\u0441\u043e\u0444\u0438\u043b\u0430).&nbsp;\u0423\u043a\u0440\u0430\u0448\u0435\u043d\u0438\u0435 \u043d\u0430 \u043c\u0430\u0448\u0438\u043d\u0443&nbsp;\u043c\u043e\u0436\u043d\u043e \u043e\u0444\u043e\u0440\u043c\u0438\u0442\u044c \u0440\u0430\u0437\u043b\u0438\u0447\u043d\u043e\u0439 \u0444\u043e\u0440\u043c\u044b \u0438 \u0440\u0430\u0437\u043c\u0435\u0440\u0430.&nbsp; \u0424\u043e\u0442\u043e \u0438\u043b\u043b\u044e\u0441\u0442\u0440\u0430\u0442\u0438\u0432\u043d\u043e. \u0421\u043e\u043e\u0442\u0432\u0435\u0442\u0441\u0442\u0432\u0443\u0435\u0442 \u0432\u0430\u0440\u0438\u0430\u043d\u0442\u0443 &quot;L&quot;. \u0424\u043b\u043e\u0440\u0438\u0441\u0442 \u043e\u0441\u0442\u0430\u0432\u043b\u044f\u0435\u0442 \u0437\u0430 \u0441\u043e\u0431\u043e\u0439 \u043f\u0440\u0430\u0432\u043e \u0438\u0437\u043c\u0435\u043d\u0438\u0442\u044c \u043d\u0430\u0431\u043e\u0440 \u0446\u0432\u0435\u0442\u043e\u0432, \u0441\u043e\u0445\u0440\u0430\u043d\u044f\u044f \u0446\u0432\u0435\u0442\u043e\u0432\u0443\u044e \u0433\u0430\u043c\u043c\u0443, \u0432 \u0441\u043b\u0443\u0447\u0430\u0435, \u0435\u0441\u043b\u0438 \u0441\u0440\u043e\u043a \u0432\u044b\u043f\u043e\u043b\u043d\u0435\u043d\u0438\u044f \u0437\u0430\u043a\u0430\u0437\u0430 \u043a\u043e\u0440\u043e\u0442\u043a\u0438\u0439. &quot;S&quot;- 1\u043c &nbsp;-150.00 \u0448\u0442 &quot;M&quot;- 2\u043c -250.00 \u0448\u0442 &quot;L&quot;- 4\u043c -350.00 \u0448\u0442<\/p>","protected":false},"featured_media":525,"comment_status":"closed","ping_status":"open","template":"","meta":[],"product_cat":[333],"product_tag":[],"class_list":{"0":"post-849","1":"product","2":"type-product","3":"status-publish","4":"has-post-thumbnail","6":"product_cat-333","7":"pa_size-l","8":"pa_size-m","9":"pa_size-s","11":"first","12":"instock","13":"purchasable","14":"product-type-variable"},"_links":{"self":[{"href":"https:\/\/anirililled.ee\/et\/wp-json\/wp\/v2\/product\/849","targetHints":{"allow":["GET"]}}],"collection":[{"href":"https:\/\/anirililled.ee\/et\/wp-json\/wp\/v2\/product"}],"about":[{"href":"https:\/\/anirililled.ee\/et\/wp-json\/wp\/v2\/types\/product"}],"replies":[{"embeddable":true,"href":"https:\/\/anirililled.ee\/et\/wp-json\/wp\/v2\/comments?post=849"}],"wp:featuredmedia":[{"embeddable":true,"href":"https:\/\/anirililled.ee\/et\/wp-json\/wp\/v2\/media\/525"}],"wp:attachment":[{"href":"https:\/\/anirililled.ee\/et\/wp-json\/wp\/v2\/media?parent=849"}],"wp:term":[{"taxonomy":"product_cat","embeddable":true,"href":"https:\/\/anirililled.ee\/et\/wp-json\/wp\/v2\/product_cat?post=849"},{"taxonomy":"product_tag","embeddable":true,"href":"https:\/\/anirililled.ee\/et\/wp-json\/wp\/v2\/product_tag?post=849"}],"curies":[{"name":"wp","href":"https:\/\/api.w.org\/{rel}","templated":true}]}}