{"id":848,"date":"2024-03-01T10:12:58","date_gmt":"2024-03-01T07:12:58","guid":{"rendered":"https:\/\/anirililled.ee\/?product=%d1%82%d1%80%d0%b0%d1%83%d1%80%d0%bd%d0%b0%d1%8f-%d0%ba%d0%be%d0%bc%d0%bf%d0%be%d0%b7%d0%b8%d1%86%d0%b8%d1%8f-ms-14"},"modified":"2025-06-12T13:13:03","modified_gmt":"2025-06-12T10:13:03","slug":"traurnaya-kompozicziya-ms-14","status":"publish","type":"product","link":"https:\/\/anirililled.ee\/et\/product\/traurnaya-kompozicziya-ms-14\/","title":{"rendered":"Matuseseade \"MS-14\""},"content":{"rendered":"<p><span style=\"font-variant-ligatures: normal; font-variant-numeric: normal; font-variant-alternates: normal; font-variant-east-asian: normal; font-variant-position: normal; orphans: 2;\">Matuseseade \"MS-15\" (liilia, iiris, kipslill ja kr\u00fcsanteem). Pilt illustratiivne, vastab \"L\"suurusele. Lint kirjaga hinnas. Florist j\u00e4\u00e4tab endale \u00f5iguse lillevalikut muuta, v\u00e4rvitoonid j\u00e4\u00e4vad samaks, kui tellimuse t\u00e4itmise t\u00e4htaeg on l\u00fchike.<\/span><\/p>\n<p><span style=\"font-variant-ligatures: normal; font-variant-numeric: normal; font-variant-alternates: normal; font-variant-east-asian: normal; font-variant-position: normal; orphans: 2;\">\"S\" pikkus\u00a0<\/span><span style=\"orphans: 2;\">~60 cm<br \/>\n\"M\"\u00a0<\/span><span style=\"font-variant-ligatures: normal; font-variant-numeric: normal; font-variant-alternates: normal; font-variant-east-asian: normal; font-variant-position: normal; orphans: 2;\">- pikkus\u00a0<\/span><span style=\"orphans: 2;\">~70 cm<br \/>\n\"L<\/span><span style=\"orphans: 2;\">&#187;\u00a0<\/span><span style=\"font-variant-ligatures: normal; font-variant-numeric: normal; font-variant-alternates: normal; font-variant-east-asian: normal; font-variant-position: normal; orphans: 2;\">- pikkus\u00a0<\/span><span style=\"orphans: 2;\">~80 cm\u00a0<\/span><\/p>\n<div><\/div>","protected":false},"excerpt":{"rendered":"<p>Leinakompositsioon \"MS-15\" (liilia, iiris, gipsofila ja kr\u00fcsanteem). Foto on illustratiivne, vastab suurusele \"L\". Lindi koos kiri on hinna sees. L\u00fchiajalise tellimuse esitamisel j\u00e4tab florist endale \u00f5iguse muuta lillekomplekti, s\u00e4ilitades v\u00e4rvitooni. \"S\" - pikkus ~60 cm \"M\" - pikkus ~70 cm \"L\" - pikkus ~80 cm\u00a0<\/p>","protected":false},"featured_media":523,"comment_status":"closed","ping_status":"closed","template":"","meta":[],"product_cat":[336,335],"product_tag":[],"class_list":{"0":"post-848","1":"product","2":"type-product","3":"status-publish","4":"has-post-thumbnail","6":"product_cat-336","7":"product_cat-335","8":"pa_size-l","9":"pa_size-m","10":"pa_size-s","12":"first","13":"instock","14":"purchasable","15":"product-type-variable"},"_links":{"self":[{"href":"https:\/\/anirililled.ee\/et\/wp-json\/wp\/v2\/product\/848","targetHints":{"allow":["GET"]}}],"collection":[{"href":"https:\/\/anirililled.ee\/et\/wp-json\/wp\/v2\/product"}],"about":[{"href":"https:\/\/anirililled.ee\/et\/wp-json\/wp\/v2\/types\/product"}],"replies":[{"embeddable":true,"href":"https:\/\/anirililled.ee\/et\/wp-json\/wp\/v2\/comments?post=848"}],"wp:featuredmedia":[{"embeddable":true,"href":"https:\/\/anirililled.ee\/et\/wp-json\/wp\/v2\/media\/523"}],"wp:attachment":[{"href":"https:\/\/anirililled.ee\/et\/wp-json\/wp\/v2\/media?parent=848"}],"wp:term":[{"taxonomy":"product_cat","embeddable":true,"href":"https:\/\/anirililled.ee\/et\/wp-json\/wp\/v2\/product_cat?post=848"},{"taxonomy":"product_tag","embeddable":true,"href":"https:\/\/anirililled.ee\/et\/wp-json\/wp\/v2\/product_tag?post=848"}],"curies":[{"name":"wp","href":"https:\/\/api.w.org\/{rel}","templated":true}]}}