{"id":844,"date":"2024-03-01T10:12:54","date_gmt":"2024-03-01T07:12:54","guid":{"rendered":"https:\/\/anirililled.ee\/?product=%d0%b1%d1%83%d0%ba%d0%b5%d1%82-pink-athena-k-14"},"modified":"2026-03-08T08:40:11","modified_gmt":"2026-03-08T05:40:11","slug":"buket-pink-athena-k-14","status":"publish","type":"product","link":"https:\/\/anirililled.ee\/et\/product\/buket-roosa-athena-k-14\/","title":{"rendered":"Kimp \"Pink athena\" KP-14"},"content":{"rendered":"<p>Lillekimp \"Pink Athena\" KP-14 (roosid, kipslill). Pilt illustratiivne vastab \"L\" suurusele. Florist j\u00e4\u00e4tab endale \u00f5iguse lillevalikut muuta, v\u00e4rvitoonid j\u00e4\u00e4vad samaks, kui tellimuse t\u00e4itmise t\u00e4htaeg on l\u00fchike.<\/p>\n<p><span style=\"font-size: 10pt;\">&#171;S&#187;- 11 roosi\u00a0<\/span><\/p>\n<p><span style=\"font-size: 10pt;\">&#171;M&#187;- 21 roosi\u00a0<\/span><\/p>\n<p><span style=\"font-size: 10pt;\">&#171;L&#187;- 30 roosi\u00a0<\/span><\/p>","protected":false},"excerpt":{"rendered":"<p>Lillekimp &#171;Pink Athena&#187; KP-14 (roosid, kipslill). Pilt illustratiivne vastab \u201eL\u201c suurusele. Florist j\u00e4\u00e4tab endale \u00f5iguse lillevalikut muuta, v\u00e4rvitoonid j\u00e4\u00e4vad samaks, kui tellimuse t\u00e4itmise t\u00e4htaeg on l\u00fchike. &#171;S&#187;- 11 roosi\u00a0 &#171;M&#187;- 21 roosi\u00a0 &#171;L&#187;- 30 roosi\u00a0<\/p>","protected":false},"featured_media":515,"comment_status":"closed","ping_status":"closed","template":"","meta":[],"product_cat":[331],"product_tag":[],"class_list":{"0":"post-844","1":"product","2":"type-product","3":"status-publish","4":"has-post-thumbnail","6":"product_cat-331","7":"pa_size-l","8":"pa_size-m","9":"pa_size-s","11":"first","12":"instock","13":"purchasable","14":"product-type-variable"},"_links":{"self":[{"href":"https:\/\/anirililled.ee\/et\/wp-json\/wp\/v2\/product\/844","targetHints":{"allow":["GET"]}}],"collection":[{"href":"https:\/\/anirililled.ee\/et\/wp-json\/wp\/v2\/product"}],"about":[{"href":"https:\/\/anirililled.ee\/et\/wp-json\/wp\/v2\/types\/product"}],"replies":[{"embeddable":true,"href":"https:\/\/anirililled.ee\/et\/wp-json\/wp\/v2\/comments?post=844"}],"wp:featuredmedia":[{"embeddable":true,"href":"https:\/\/anirililled.ee\/et\/wp-json\/wp\/v2\/media\/515"}],"wp:attachment":[{"href":"https:\/\/anirililled.ee\/et\/wp-json\/wp\/v2\/media?parent=844"}],"wp:term":[{"taxonomy":"product_cat","embeddable":true,"href":"https:\/\/anirililled.ee\/et\/wp-json\/wp\/v2\/product_cat?post=844"},{"taxonomy":"product_tag","embeddable":true,"href":"https:\/\/anirililled.ee\/et\/wp-json\/wp\/v2\/product_tag?post=844"}],"curies":[{"name":"wp","href":"https:\/\/api.w.org\/{rel}","templated":true}]}}