{"id":843,"date":"2024-03-01T10:12:54","date_gmt":"2024-03-01T07:12:54","guid":{"rendered":"https:\/\/anirililled.ee\/?product=%d1%86%d0%b2%d0%b5%d1%82%d0%be%d1%87%d0%bd%d0%b0%d1%8f-%d1%81%d1%83%d0%bc%d0%be%d1%87%d0%ba%d0%b0-kv-13"},"modified":"2024-03-07T17:09:15","modified_gmt":"2024-03-07T14:09:15","slug":"czvetochnaya-sumochka-kv-13","status":"publish","type":"product","link":"https:\/\/anirililled.ee\/et\/product\/czvetochnaya-sumochka-kv-13\/","title":{"rendered":"Lillek\u00e4ekott \"KV-13\""},"content":{"rendered":"<p>Lillek\u00e4ekott KV-13 (mitmev\u00e4rvilised lilled). Foto on illustratiivne, vastab suurusele \"M\". Lillepood j\u00e4tab endale \u00f5iguse muuta lillede komplekti, j\u00e4rgides v\u00e4rviskeemi, kui t\u00e4htaeg on l\u00fchike.<\/p>\n<p>\"S\"- 19.00<\/p>\n<p>\"M\"- 29.00<\/p>\n<p>\"L\"- 49.000<\/p>","protected":false},"excerpt":{"rendered":"<p>\u0426\u0432\u0435\u0442\u043e\u0447\u043d\u0430\u044f \u0441\u0443\u043c\u043e\u0447\u043a\u0430 KV-13 (\u0440\u0430\u0437\u043d\u043e\u0446\u0432\u0435\u0442\u043d\u044b\u0435 \u0446\u0432\u0435\u0442\u044b).&nbsp;\u0424\u043e\u0442\u043e \u0438\u043b\u043b\u044e\u0441\u0442\u0440\u0430\u0442\u0438\u0432\u043d\u043e, \u0441\u043e\u043e\u0442\u0432\u0435\u0442\u0441\u0442\u0432\u0443\u0435\u0442 &quot;M&quot; \u0440\u0430\u0437\u043c\u0435\u0440\u0443. \u0424\u043b\u043e\u0440\u0438\u0441\u0442 \u043e\u0441\u0442\u0430\u0432\u043b\u044f\u0435\u0442 \u0437\u0430 \u0441\u043e\u0431\u043e\u0439 \u043f\u0440\u0430\u0432\u043e \u0438\u0437\u043c\u0435\u043d\u0438\u0442\u044c \u043d\u0430\u0431\u043e\u0440 \u0446\u0432\u0435\u0442\u043e\u0432, \u043f\u0440\u0438\u0434\u0435\u0440\u0436\u0438\u0432\u0430\u044f\u0441\u044c \u0446\u0432\u0435\u0442\u043e\u0432\u043e\u0439 \u0433\u0430\u043c\u043c\u044b, \u0435\u0441\u043b\u0438 \u0441\u0440\u043e\u043a \u0432\u044b\u043f\u043e\u043b\u043d\u0435\u043d\u0438\u0435 \u0437\u0430\u043a\u0430\u0437\u0430 \u043a\u043e\u0440\u043e\u0442\u043a\u0438\u0439 &quot;S&quot;- 19.00 &quot;M&quot;- 29.00 &quot;L&quot;- 49.000<\/p>","protected":false},"featured_media":513,"comment_status":"closed","ping_status":"open","template":"","meta":[],"product_cat":[334],"product_tag":[],"class_list":{"0":"post-843","1":"product","2":"type-product","3":"status-publish","4":"has-post-thumbnail","6":"product_cat-334","7":"pa_size-l","8":"pa_size-m","9":"pa_size-s","11":"first","12":"instock","13":"purchasable","14":"product-type-variable"},"_links":{"self":[{"href":"https:\/\/anirililled.ee\/et\/wp-json\/wp\/v2\/product\/843","targetHints":{"allow":["GET"]}}],"collection":[{"href":"https:\/\/anirililled.ee\/et\/wp-json\/wp\/v2\/product"}],"about":[{"href":"https:\/\/anirililled.ee\/et\/wp-json\/wp\/v2\/types\/product"}],"replies":[{"embeddable":true,"href":"https:\/\/anirililled.ee\/et\/wp-json\/wp\/v2\/comments?post=843"}],"wp:featuredmedia":[{"embeddable":true,"href":"https:\/\/anirililled.ee\/et\/wp-json\/wp\/v2\/media\/513"}],"wp:attachment":[{"href":"https:\/\/anirililled.ee\/et\/wp-json\/wp\/v2\/media?parent=843"}],"wp:term":[{"taxonomy":"product_cat","embeddable":true,"href":"https:\/\/anirililled.ee\/et\/wp-json\/wp\/v2\/product_cat?post=843"},{"taxonomy":"product_tag","embeddable":true,"href":"https:\/\/anirililled.ee\/et\/wp-json\/wp\/v2\/product_tag?post=843"}],"curies":[{"name":"wp","href":"https:\/\/api.w.org\/{rel}","templated":true}]}}