{"id":840,"date":"2024-03-01T10:12:54","date_gmt":"2024-03-01T07:12:54","guid":{"rendered":"https:\/\/anirililled.ee\/?product=%d1%80%d0%be%d0%b7%d0%b0-%d0%b3%d0%be%d1%80%d1%88%d0%b5%d1%87%d0%bd%d0%be%d0%b5-%d1%80%d0%b0%d1%81%d1%82%d0%b5%d0%bd%d0%b8%d0%b5-%d0%b2-%d0%b4%d0%b5%d0%ba%d0%be%d1%80%d0%b5-pl-44"},"modified":"2024-03-01T10:12:55","modified_gmt":"2024-03-01T07:12:55","slug":"roza-gorshechnoe-rastenie-v-dekore-pl-44","status":"publish","type":"product","link":"https:\/\/anirililled.ee\/et\/product\/roza-gorshechnoe-rastenie-v-dekore-pl-44\/","title":{"rendered":"Roosi potitaim dekooris \"PL-44\""},"content":{"rendered":"<p style=\"font-style:italic;\">Roosi potitaim dekooris \"PL-44\" .&nbsp;<span style=\"caret-color: rgb(0, 0, 0); color: rgb(0, 0, 0); -webkit-text-size-adjust: auto; font-family: arial, helvetica, sans-serif; font-size: 10px;\">K\u00f5rgus ~25-35cm, poti \u00d8 10cm. Foto on illustratiivne. Tellimisel, l\u00fchikese etteteatamise korral, j\u00e4tab florist endale \u00f5iguse muuta kaunistuste v\u00e4rvi.<\/span><span style=\"display: none;\">&nbsp;<\/span><\/p>","protected":false},"excerpt":{"rendered":"<p>\u0420\u043e\u0437\u0430 \u0433\u043e\u0440\u0448\u0435\u0447\u043d\u043e\u0435 \u0440\u0430\u0441\u0442\u0435\u043d\u0438\u0435 \u0432 \u0434\u0435\u043a\u043e\u0440\u0435 &ldquo;PL-44&rdquo; .&nbsp;\u0412\u044b\u0441\u043e\u0442\u0430&nbsp;~25-35\u0441\u043c, \u0433\u043e\u0440\u0448\u043e\u043a&nbsp;&Oslash; 10 \u0441\u043c. \u0424\u043e\u0442\u043e \u0438\u043b\u043b\u044e\u0441\u0442\u0440\u0430\u0442\u0438\u0432\u043d\u043e. \u041f\u0440\u0438 \u0437\u0430\u043a\u0430\u0437\u0435, \u0437\u0430 \u043a\u043e\u0440\u043e\u0442\u043a\u043e\u0435 \u0432\u0440\u0435\u043c\u044f, \u0444\u043b\u043e\u0440\u0438\u0441\u0442 \u043e\u0441\u0442\u0430\u0432\u043b\u044f\u0435\u0442 \u0437\u0430 \u0441\u043e\u0431\u043e\u0439 \u043f\u0440\u0430\u0432\u043e \u0438\u0437\u043c\u0435\u043d\u0438\u0442\u044c \u0446\u0432\u0435\u0442 \u0434\u0435\u043a\u043e\u0440\u0430.&nbsp;<\/p>","protected":false},"featured_media":507,"comment_status":"closed","ping_status":"open","template":"","meta":[],"product_cat":[340],"product_tag":[],"class_list":{"0":"post-840","1":"product","2":"type-product","3":"status-publish","4":"has-post-thumbnail","6":"product_cat-340","8":"first","9":"instock","10":"purchasable","11":"product-type-simple"},"_links":{"self":[{"href":"https:\/\/anirililled.ee\/et\/wp-json\/wp\/v2\/product\/840","targetHints":{"allow":["GET"]}}],"collection":[{"href":"https:\/\/anirililled.ee\/et\/wp-json\/wp\/v2\/product"}],"about":[{"href":"https:\/\/anirililled.ee\/et\/wp-json\/wp\/v2\/types\/product"}],"replies":[{"embeddable":true,"href":"https:\/\/anirililled.ee\/et\/wp-json\/wp\/v2\/comments?post=840"}],"wp:featuredmedia":[{"embeddable":true,"href":"https:\/\/anirililled.ee\/et\/wp-json\/wp\/v2\/media\/507"}],"wp:attachment":[{"href":"https:\/\/anirililled.ee\/et\/wp-json\/wp\/v2\/media?parent=840"}],"wp:term":[{"taxonomy":"product_cat","embeddable":true,"href":"https:\/\/anirililled.ee\/et\/wp-json\/wp\/v2\/product_cat?post=840"},{"taxonomy":"product_tag","embeddable":true,"href":"https:\/\/anirililled.ee\/et\/wp-json\/wp\/v2\/product_tag?post=840"}],"curies":[{"name":"wp","href":"https:\/\/api.w.org\/{rel}","templated":true}]}}