{"id":835,"date":"2024-03-01T10:12:54","date_gmt":"2024-03-01T07:12:54","guid":{"rendered":"https:\/\/anirililled.ee\/?product=%d1%82%d1%80%d0%b0%d1%83%d1%80%d0%bd%d0%b0%d1%8f-%d0%ba%d0%be%d0%bc%d0%bf%d0%be%d0%b7%d0%b8%d1%86%d0%b8%d1%8f-mk-13"},"modified":"2025-06-12T12:51:28","modified_gmt":"2025-06-12T09:51:28","slug":"traurnaya-kompozicziya-mk-13","status":"publish","type":"product","link":"https:\/\/anirililled.ee\/et\/product\/traurnaya-kompozicziya-mk-13\/","title":{"rendered":"Matuseseade MK-2\""},"content":{"rendered":"<p style=\"color: #333333; font-family: sans-serif,Arial,Verdana,&amp;quot; trebuchet ms&amp;quot;; font-size: 13px; font-style: normal; font-variant: normal; font-weight: 400; letter-spacing: normal; orphans: 2; text-align: left; text-decoration: none; text-indent: 0px; text-transform: none; -webkit-text-stroke-width: 0px; white-space: normal; word-spacing: 0px;\">Matuseseade MK-13. (lillad kr\u00fcsanteemid, valged roosid, kipslill). Pilt  illustratiivne, vastab \"L\" suurusele. Florist j\u00e4\u00e4tab endale \u00f5iguse lillevalikut muuta, v\u00e4rvitoonid j\u00e4\u00e4vad samaks, kui tellimuse t\u00e4itmise t\u00e4htaeg on l\u00fchike.<\/p>\n<p>S- L\u00e4\u00e4bim\u00f5\u00f5t \u00d8 40 cm\u00a0<\/p>\n<p style=\"color: #333333; font-family: sans-serif,Arial,Verdana,&amp;quot; trebuchet ms&amp;quot;; font-size: 13px; font-style: normal; font-variant: normal; font-weight: 400; letter-spacing: normal; orphans: 2; text-align: left; text-decoration: none; text-indent: 0px; text-transform: none; -webkit-text-stroke-width: 0px; white-space: normal; word-spacing: 0px;\">M - L\u00e4\u00e4bim\u00f5\u00f5t \u00d8 45 cm\u00a0<\/p>\n<p style=\"color: #333333; font-family: sans-serif,Arial,Verdana,&amp;quot; trebuchet ms&amp;quot;; font-size: 13px; font-style: normal; font-variant: normal; font-weight: 400; letter-spacing: normal; orphans: 2; text-align: left; text-decoration: none; text-indent: 0px; text-transform: none; -webkit-text-stroke-width: 0px; white-space: normal; word-spacing: 0px;\">L - L\u00e4\u00e4bim\u00f5\u00f5t \u00d8 50 cm\u00a0<\/p>","protected":false},"excerpt":{"rendered":"<p>Leinakompositsioon MK-13. (lillad kr\u00fcsanteemid, valged roosid, gipsofiilid). Foto on illustratiivne, vastab \"L\" suurusele. Lillepood j\u00e4tab endale \u00f5iguse muuta lillekomplekti, j\u00e4rgides v\u00e4rviskeemi, kui t\u00e4htaeg on l\u00fchike. \"S\" - l\u00e4bim\u00f5\u00f5t ~40cm \"M\" - l\u00e4bim\u00f5\u00f5t ~45cm \"L\" - l\u00e4bim\u00f5\u00f5t ~50cm<\/p>","protected":false},"featured_media":498,"comment_status":"closed","ping_status":"closed","template":"","meta":[],"product_cat":[336,335],"product_tag":[],"class_list":{"0":"post-835","1":"product","2":"type-product","3":"status-publish","4":"has-post-thumbnail","6":"product_cat-336","7":"product_cat-335","8":"pa_size-l","9":"pa_size-m","10":"pa_size-s","12":"first","13":"instock","14":"purchasable","15":"product-type-variable"},"_links":{"self":[{"href":"https:\/\/anirililled.ee\/et\/wp-json\/wp\/v2\/product\/835","targetHints":{"allow":["GET"]}}],"collection":[{"href":"https:\/\/anirililled.ee\/et\/wp-json\/wp\/v2\/product"}],"about":[{"href":"https:\/\/anirililled.ee\/et\/wp-json\/wp\/v2\/types\/product"}],"replies":[{"embeddable":true,"href":"https:\/\/anirililled.ee\/et\/wp-json\/wp\/v2\/comments?post=835"}],"wp:featuredmedia":[{"embeddable":true,"href":"https:\/\/anirililled.ee\/et\/wp-json\/wp\/v2\/media\/498"}],"wp:attachment":[{"href":"https:\/\/anirililled.ee\/et\/wp-json\/wp\/v2\/media?parent=835"}],"wp:term":[{"taxonomy":"product_cat","embeddable":true,"href":"https:\/\/anirililled.ee\/et\/wp-json\/wp\/v2\/product_cat?post=835"},{"taxonomy":"product_tag","embeddable":true,"href":"https:\/\/anirililled.ee\/et\/wp-json\/wp\/v2\/product_tag?post=835"}],"curies":[{"name":"wp","href":"https:\/\/api.w.org\/{rel}","templated":true}]}}