{"id":832,"date":"2024-03-01T10:12:54","date_gmt":"2024-03-01T07:12:54","guid":{"rendered":"https:\/\/anirililled.ee\/?product=%d0%ba%d0%b0%d0%ba%d1%82%d1%83%d1%81-%d0%b2-%d0%b3%d0%be%d1%80%d1%88%d0%ba%d0%b5-pl-9"},"modified":"2024-03-01T10:12:54","modified_gmt":"2024-03-01T07:12:54","slug":"kaktus-v-gorshke-pl-9","status":"publish","type":"product","link":"https:\/\/anirililled.ee\/et\/product\/kaktus-v-gorshke-pl-9\/","title":{"rendered":"Kaktus \"PL-9\""},"content":{"rendered":"<p>Kaktus \"PL-9\". Segav\u00e4rviline. K\u00f5rgus ~5-10 cm, poti \u00d8 ~5cm. Foto on illustratiivne.<\/p>","protected":false},"excerpt":{"rendered":"<p>Kaktus \"PL-9\". Segav\u00e4rviline. K\u00f5rgus ~5-10 cm, poti \u00d8 ~5cm. Foto on illustratiivne.<\/p>","protected":false},"featured_media":493,"comment_status":"closed","ping_status":"open","template":"","meta":[],"product_cat":[340],"product_tag":[],"class_list":{"0":"post-832","1":"product","2":"type-product","3":"status-publish","4":"has-post-thumbnail","6":"product_cat-340","8":"first","9":"instock","10":"purchasable","11":"product-type-simple"},"_links":{"self":[{"href":"https:\/\/anirililled.ee\/et\/wp-json\/wp\/v2\/product\/832","targetHints":{"allow":["GET"]}}],"collection":[{"href":"https:\/\/anirililled.ee\/et\/wp-json\/wp\/v2\/product"}],"about":[{"href":"https:\/\/anirililled.ee\/et\/wp-json\/wp\/v2\/types\/product"}],"replies":[{"embeddable":true,"href":"https:\/\/anirililled.ee\/et\/wp-json\/wp\/v2\/comments?post=832"}],"wp:featuredmedia":[{"embeddable":true,"href":"https:\/\/anirililled.ee\/et\/wp-json\/wp\/v2\/media\/493"}],"wp:attachment":[{"href":"https:\/\/anirililled.ee\/et\/wp-json\/wp\/v2\/media?parent=832"}],"wp:term":[{"taxonomy":"product_cat","embeddable":true,"href":"https:\/\/anirililled.ee\/et\/wp-json\/wp\/v2\/product_cat?post=832"},{"taxonomy":"product_tag","embeddable":true,"href":"https:\/\/anirililled.ee\/et\/wp-json\/wp\/v2\/product_tag?post=832"}],"curies":[{"name":"wp","href":"https:\/\/api.w.org\/{rel}","templated":true}]}}