{"id":816,"date":"2024-03-01T10:12:51","date_gmt":"2024-03-01T07:12:51","guid":{"rendered":"https:\/\/anirililled.ee\/?product=%d1%85%d1%80%d0%b8%d0%b7%d0%b0%d0%bd%d1%82%d0%b5%d0%bc%d0%b0-%d0%b2-%d0%b3%d0%be%d1%80%d1%88%d0%ba%d0%b5-pl-6"},"modified":"2024-03-01T10:12:51","modified_gmt":"2024-03-01T07:12:51","slug":"hrizantema-v-gorshke-pl-6","status":"publish","type":"product","link":"https:\/\/anirililled.ee\/et\/product\/hrizantema-v-gorshke-pl-6\/","title":{"rendered":"Kr\u00fcsanteem potis \"PL-6\""},"content":{"rendered":"<p>Kr\u00fcsanteemid potis \"PL-6\". Segav\u00e4rviline. K\u00f5rgus ~25-35 cm, poti \u00d8 ~10 cm.<\/p>","protected":false},"excerpt":{"rendered":"<p>Kr\u00fcsanteemid potis \"PL-6\". Segav\u00e4rviline. K\u00f5rgus ~25-35 cm, poti \u00d8 ~10 cm.<\/p>","protected":false},"featured_media":462,"comment_status":"closed","ping_status":"open","template":"","meta":[],"product_cat":[340],"product_tag":[],"class_list":{"0":"post-816","1":"product","2":"type-product","3":"status-publish","4":"has-post-thumbnail","6":"product_cat-340","8":"first","9":"instock","10":"purchasable","11":"product-type-simple"},"_links":{"self":[{"href":"https:\/\/anirililled.ee\/et\/wp-json\/wp\/v2\/product\/816","targetHints":{"allow":["GET"]}}],"collection":[{"href":"https:\/\/anirililled.ee\/et\/wp-json\/wp\/v2\/product"}],"about":[{"href":"https:\/\/anirililled.ee\/et\/wp-json\/wp\/v2\/types\/product"}],"replies":[{"embeddable":true,"href":"https:\/\/anirililled.ee\/et\/wp-json\/wp\/v2\/comments?post=816"}],"wp:featuredmedia":[{"embeddable":true,"href":"https:\/\/anirililled.ee\/et\/wp-json\/wp\/v2\/media\/462"}],"wp:attachment":[{"href":"https:\/\/anirililled.ee\/et\/wp-json\/wp\/v2\/media?parent=816"}],"wp:term":[{"taxonomy":"product_cat","embeddable":true,"href":"https:\/\/anirililled.ee\/et\/wp-json\/wp\/v2\/product_cat?post=816"},{"taxonomy":"product_tag","embeddable":true,"href":"https:\/\/anirililled.ee\/et\/wp-json\/wp\/v2\/product_tag?post=816"}],"curies":[{"name":"wp","href":"https:\/\/api.w.org\/{rel}","templated":true}]}}