{"id":812,"date":"2024-03-01T10:12:51","date_gmt":"2024-03-01T07:12:51","guid":{"rendered":"https:\/\/anirililled.ee\/?product=%d1%81%d0%b2%d0%b0%d0%b4%d0%b5%d0%b1%d0%bd%d1%8b%d0%b9-%d0%b1%d1%83%d0%ba%d0%b5%d1%82-pk-1"},"modified":"2024-03-07T17:34:44","modified_gmt":"2024-03-07T14:34:44","slug":"svadebnyj-buket-pk-1","status":"publish","type":"product","link":"https:\/\/anirililled.ee\/et\/product\/svadebnyj-buket-pk-1\/","title":{"rendered":"Pulmakimp \"PK-1\""},"content":{"rendered":"<p>Pulmakimp \"PK-1\".  Valged roosid ja sinised kr\u00fcsanteemid .&nbsp;<span class=\"s1\" style=\"font-family: UICTFontTextStyleBody;\">Foto on illustratiivne. L\u00fchiajaliste tellimuste puhul j\u00e4tab florist endale \u00f5iguse muuta lillede komplekti, s\u00e4ilitades samas v\u00e4rvitooni.<\/span><\/p>\n<p class=\"li1\" style=\"margin: 0px; font-stretch: normal; font-size: 17px; line-height: normal;\"><span class=\"s1\" style=\"font-family: UICTFontTextStyleBody;\">\"S\" pulmakimp - 55.-<\/span><\/p>\n<p class=\"li1\" style=\"margin: 0px; font-stretch: normal; font-size: 17px; line-height: normal;\"><span class=\"s1\" style=\"font-family: UICTFontTextStyleBody;\">\"M\" pulmakimp + boutonniere - 65.-<\/span><\/p>","protected":false},"excerpt":{"rendered":"<p>\u0421\u0432\u0430\u0434\u0435\u0431\u043d\u044b\u0439 \u0431\u0443\u043a\u0435\u0442 &ldquo;PK-1&rdquo;.&nbsp;&nbsp;\u0411\u0435\u043b\u044b\u0435 \u0440\u043e\u0437\u044b \u0438 \u0441\u0438\u043d\u0438\u0435 \u0445\u0440\u0438\u0437\u0430\u043d\u0442\u0435\u043c\u044b .&nbsp;\u0424\u043e\u0442\u043e \u0438\u043b\u043b\u044e\u0441\u0442\u0440\u0430\u0442\u0438\u0432\u043d\u043e. \u041f\u0440\u0438 \u043e\u0444\u043e\u0440\u043c\u043b\u0435\u043d\u0438\u0438 \u0437\u0430\u043a\u0430\u0437\u0430 \u0437\u0430 \u043a\u043e\u0440\u043e\u0442\u043a\u0438\u0439 \u0441\u0440\u043e\u043a, \u0444\u043b\u043e\u0440\u0438\u0441\u0442 \u043e\u0441\u0442\u0430\u0432\u043b\u044f\u0435\u0442 \u0437\u0430 \u0441\u043e\u0431\u043e\u0439 \u043f\u0440\u0430\u0432\u043e \u0438\u0437\u043c\u0435\u043d\u0438\u0442\u044c \u043d\u0430\u0431\u043e\u0440 \u0446\u0432\u0435\u0442\u043e\u0432, \u0441\u043e\u0445\u0440\u0430\u043d\u044f\u044f \u0446\u0432\u0435\u0442\u043e\u0432\u043e\u0439 \u0442\u043e\u043d. &quot;S&quot; \u0441\u0432\u0430\u0434\u0435\u0431\u043d\u044b\u0439 \u0431\u0443\u043a\u0435\u0442 &#8212; 55.- &quot;M&quot; \u0441\u0432\u0430\u0434\u0435\u0431\u043d\u044b\u0439 \u0431\u0443\u043a\u0435\u0442 + \u0431\u0443\u0442\u043e\u043d\u044c\u0435\u0440\u043a\u0430 &nbsp;&#8212; 65.-<\/p>","protected":false},"featured_media":454,"comment_status":"closed","ping_status":"open","template":"","meta":[],"product_cat":[332,338],"product_tag":[],"class_list":{"0":"post-812","1":"product","2":"type-product","3":"status-publish","4":"has-post-thumbnail","6":"product_cat-332","7":"product_cat-338","8":"pa_size-m","9":"pa_size-s","11":"first","12":"instock","13":"purchasable","14":"product-type-variable"},"_links":{"self":[{"href":"https:\/\/anirililled.ee\/et\/wp-json\/wp\/v2\/product\/812","targetHints":{"allow":["GET"]}}],"collection":[{"href":"https:\/\/anirililled.ee\/et\/wp-json\/wp\/v2\/product"}],"about":[{"href":"https:\/\/anirililled.ee\/et\/wp-json\/wp\/v2\/types\/product"}],"replies":[{"embeddable":true,"href":"https:\/\/anirililled.ee\/et\/wp-json\/wp\/v2\/comments?post=812"}],"wp:featuredmedia":[{"embeddable":true,"href":"https:\/\/anirililled.ee\/et\/wp-json\/wp\/v2\/media\/454"}],"wp:attachment":[{"href":"https:\/\/anirililled.ee\/et\/wp-json\/wp\/v2\/media?parent=812"}],"wp:term":[{"taxonomy":"product_cat","embeddable":true,"href":"https:\/\/anirililled.ee\/et\/wp-json\/wp\/v2\/product_cat?post=812"},{"taxonomy":"product_tag","embeddable":true,"href":"https:\/\/anirililled.ee\/et\/wp-json\/wp\/v2\/product_tag?post=812"}],"curies":[{"name":"wp","href":"https:\/\/api.w.org\/{rel}","templated":true}]}}