{"id":802,"date":"2024-03-01T10:12:47","date_gmt":"2024-03-01T07:12:47","guid":{"rendered":"https:\/\/anirililled.ee\/?product=lillekimp-kobarnelgidest-k-221019"},"modified":"2024-03-07T17:36:30","modified_gmt":"2024-03-07T14:36:30","slug":"lillekimp-kobarnelgidest-k-221019","status":"publish","type":"product","link":"https:\/\/anirililled.ee\/et\/product\/lillekimp-kobarnelgidest-k-221019\/","title":{"rendered":"Lillekimp kobarnelgidest \"K-221019\""},"content":{"rendered":"<p><span style=\"font-family: Arial, sans-serif; font-size: 10pt;\">P\u00f5\u00f5sasnelkide kimp \"K-221019<\/span><span dir=\"RTL\" lang=\"AR-SA\" style=\"font-family: Arial, sans-serif; font-size: 10pt;\">\".&nbsp;<\/span>Foto on illustratiivne ja vastab suurusele \"S\". Lillepoodnik j\u00e4tab endale \u00f5iguse muuta lillekomplekti, s\u00e4ilitades v\u00e4rviskeemi, kui t\u00e4htaeg on l\u00fchike.<\/p>\n<p><span dir=\"RTL\"><span style=\"font-size: 10pt; font-family: Arial, sans-serif; color: black;\"><i>&nbsp;\"<\/i><\/span><\/span><span style=\"color: rgb(0, 0, 0); font-family: Arial, sans-serif; font-size: 13.3333px;\">S\"- 9 tk - 25.00<\/span><span style=\"font-size: 10pt; font-family: Arial, sans-serif;\"><o_p><\/o_p><\/span><\/p>\n<p><span dir=\"RTL\"><span dir=\"RTL\" lang=\"AR-SA\" style=\"font-size: 10pt; font-family: Arial, sans-serif; color: black;\">&nbsp;\"<\/span><\/span><span style=\"font-size: 10pt; font-family: Arial, sans-serif;\">M\"- 19 tk - 45.00<o_p><\/o_p><\/span><\/p>\n<p class=\"li1\"><span dir=\"RTL\" lang=\"AR-SA\" style=\"font-size: 10pt; font-family: Arial, sans-serif;\">&nbsp; \"<\/span><span style=\"font-size: 10pt; font-family: Arial, sans-serif;\">L\"- 30 tk - 65.00<\/span><\/p>","protected":false},"excerpt":{"rendered":"<p>\u0411\u0443\u043a\u0435\u0442 \u0438\u0437 \u043a\u0443\u0441\u0442\u043e\u0432\u043e\u0439 \u0433\u0432\u043e\u0437\u0434\u0438\u043a\u0438 &ldquo;K-221019&quot;.&nbsp;\u0424\u043e\u0442\u043e \u0438\u043b\u043b\u044e\u0441\u0442\u0440\u0430\u0442\u0438\u0432\u043d\u043e, \u0441\u043e\u043e\u0442\u0432\u0435\u0442\u0441\u0442\u0432\u0443\u0435\u0442 &quot;S&quot; \u0440\u0430\u0437\u043c\u0435\u0440\u0443. \u0424\u043b\u043e\u0440\u0438\u0441\u0442 \u043e\u0441\u0442\u0430\u0432\u043b\u044f\u0435\u0442 \u0437\u0430 \u0441\u043e\u0431\u043e\u0439 \u043f\u0440\u0430\u0432\u043e \u0438\u0437\u043c\u0435\u043d\u0438\u0442\u044c \u043d\u0430\u0431\u043e\u0440 \u0446\u0432\u0435\u0442\u043e\u0432, \u0441\u043e\u0445\u0440\u0430\u043d\u044f\u044f \u0446\u0432\u0435\u0442\u043e\u0432\u0443\u044e \u0433\u0430\u043c\u043c\u0443, \u0432 \u0441\u043b\u0443\u0447\u0430\u0435, \u0435\u0441\u043b\u0438 \u0441\u0440\u043e\u043a \u0432\u044b\u043f\u043e\u043b\u043d\u0435\u043d\u0438\u044f \u0437\u0430\u043a\u0430\u0437\u0430 \u043a\u043e\u0440\u043e\u0442\u043a\u0438\u0439. &nbsp;&quot;S&quot;- 9 \u0448\u0442 &#8212; 25.00 &nbsp;&quot;M&quot;- 19 \u0448\u0442 &#8212; 45.00 &nbsp; &quot;L&quot;- 30 \u0448\u0442- 65.00<\/p>","protected":false},"featured_media":434,"comment_status":"closed","ping_status":"open","template":"","meta":[],"product_cat":[331],"product_tag":[],"class_list":{"0":"post-802","1":"product","2":"type-product","3":"status-publish","4":"has-post-thumbnail","6":"product_cat-331","7":"pa_size-l","8":"pa_size-m","9":"pa_size-s","11":"first","12":"instock","13":"purchasable","14":"product-type-variable"},"_links":{"self":[{"href":"https:\/\/anirililled.ee\/et\/wp-json\/wp\/v2\/product\/802","targetHints":{"allow":["GET"]}}],"collection":[{"href":"https:\/\/anirililled.ee\/et\/wp-json\/wp\/v2\/product"}],"about":[{"href":"https:\/\/anirililled.ee\/et\/wp-json\/wp\/v2\/types\/product"}],"replies":[{"embeddable":true,"href":"https:\/\/anirililled.ee\/et\/wp-json\/wp\/v2\/comments?post=802"}],"wp:featuredmedia":[{"embeddable":true,"href":"https:\/\/anirililled.ee\/et\/wp-json\/wp\/v2\/media\/434"}],"wp:attachment":[{"href":"https:\/\/anirililled.ee\/et\/wp-json\/wp\/v2\/media?parent=802"}],"wp:term":[{"taxonomy":"product_cat","embeddable":true,"href":"https:\/\/anirililled.ee\/et\/wp-json\/wp\/v2\/product_cat?post=802"},{"taxonomy":"product_tag","embeddable":true,"href":"https:\/\/anirililled.ee\/et\/wp-json\/wp\/v2\/product_tag?post=802"}],"curies":[{"name":"wp","href":"https:\/\/api.w.org\/{rel}","templated":true}]}}