{"id":800,"date":"2024-03-01T10:12:47","date_gmt":"2024-03-01T07:12:47","guid":{"rendered":"https:\/\/anirililled.ee\/?product=lillekimprainbow-k-12"},"modified":"2024-03-07T17:38:24","modified_gmt":"2024-03-07T14:38:24","slug":"lillekimprainbow-k-12","status":"publish","type":"product","link":"https:\/\/anirililled.ee\/et\/product\/lillekimprainbow-k-12\/","title":{"rendered":"Lillekimp \"Rainbow\" K-12"},"content":{"rendered":"<p>Bukett \"Vikerkaar\" K-12&nbsp;<\/p>\n<p>K-12 v\u00e4rvilistest gipsofiiladest koosnev kimp \"Rainbow\". Foto on illustratiivne, vastab suurusele \"L\". Lillepoodnik j\u00e4tab endale \u00f5iguse muuta lillekomplekti, s\u00e4ilitades v\u00e4rviskeemi, kui t\u00e4htaeg on l\u00fchike.<\/p>\n<p style=\"font-variant-numeric: normal; font-variant-east-asian: normal;\">\"S\"- 45.-&nbsp;<\/p>\n<p style=\"font-variant-numeric: normal; font-variant-east-asian: normal;\">\"M\"- 65.-<\/p>\n<p style=\"font-variant-numeric: normal; font-variant-east-asian: normal;\">\"L\"-&nbsp;<span style=\"font-variant-numeric: normal; font-variant-east-asian: normal;\">100<\/span>.-<\/p>","protected":false},"excerpt":{"rendered":"<p>\u0411\u0443\u043a\u0435\u0442 &quot;Rainbow&quot; K-12&nbsp; \u0411\u0443\u043a\u0435\u0442 &quot;Rainbow&quot; K-12 \u0438\u0437 \u0446\u0432\u0435\u0442\u043d\u043e\u0439 \u0433\u0438\u043f\u0441\u043e\u0444\u0438\u043b\u044b.&nbsp;\u0424\u043e\u0442\u043e \u0438\u043b\u043b\u044e\u0441\u0442\u0440\u0430\u0442\u0438\u0432\u043d\u043e, \u0441\u043e\u043e\u0442\u0432\u0435\u0442\u0441\u0442\u0432\u0443\u0435\u0442 &quot;L&quot; \u0440\u0430\u0437\u043c\u0435\u0440\u0443. \u0424\u043b\u043e\u0440\u0438\u0441\u0442 \u043e\u0441\u0442\u0430\u0432\u043b\u044f\u0435\u0442 \u0437\u0430 \u0441\u043e\u0431\u043e\u0439 \u043f\u0440\u0430\u0432\u043e \u0438\u0437\u043c\u0435\u043d\u0438\u0442\u044c \u043d\u0430\u0431\u043e\u0440 \u0446\u0432\u0435\u0442\u043e\u0432, \u0441\u043e\u0445\u0440\u0430\u043d\u044f\u044f \u0446\u0432\u0435\u0442\u043e\u0432\u0443\u044e \u0433\u0430\u043c\u043c\u0443, \u0432 \u0441\u043b\u0443\u0447\u0430\u0435, \u0435\u0441\u043b\u0438 \u0441\u0440\u043e\u043a \u0432\u044b\u043f\u043e\u043b\u043d\u0435\u043d\u0438\u044f \u0437\u0430\u043a\u0430\u0437\u0430 \u043a\u043e\u0440\u043e\u0442\u043a\u0438\u0439. &quot;S&quot;-&nbsp; 45.-&nbsp; &quot;M&quot;- 65.- &quot;L&quot;-&nbsp;100.-<\/p>","protected":false},"featured_media":430,"comment_status":"closed","ping_status":"open","template":"","meta":[],"product_cat":[331],"product_tag":[],"class_list":{"0":"post-800","1":"product","2":"type-product","3":"status-publish","4":"has-post-thumbnail","6":"product_cat-331","7":"pa_size-l","8":"pa_size-m","9":"pa_size-s","11":"first","12":"instock","13":"purchasable","14":"product-type-variable"},"_links":{"self":[{"href":"https:\/\/anirililled.ee\/et\/wp-json\/wp\/v2\/product\/800","targetHints":{"allow":["GET"]}}],"collection":[{"href":"https:\/\/anirililled.ee\/et\/wp-json\/wp\/v2\/product"}],"about":[{"href":"https:\/\/anirililled.ee\/et\/wp-json\/wp\/v2\/types\/product"}],"replies":[{"embeddable":true,"href":"https:\/\/anirililled.ee\/et\/wp-json\/wp\/v2\/comments?post=800"}],"wp:featuredmedia":[{"embeddable":true,"href":"https:\/\/anirililled.ee\/et\/wp-json\/wp\/v2\/media\/430"}],"wp:attachment":[{"href":"https:\/\/anirililled.ee\/et\/wp-json\/wp\/v2\/media?parent=800"}],"wp:term":[{"taxonomy":"product_cat","embeddable":true,"href":"https:\/\/anirililled.ee\/et\/wp-json\/wp\/v2\/product_cat?post=800"},{"taxonomy":"product_tag","embeddable":true,"href":"https:\/\/anirililled.ee\/et\/wp-json\/wp\/v2\/product_tag?post=800"}],"curies":[{"name":"wp","href":"https:\/\/api.w.org\/{rel}","templated":true}]}}