{"id":799,"date":"2024-03-01T10:12:47","date_gmt":"2024-03-01T07:12:47","guid":{"rendered":"https:\/\/anirililled.ee\/?product=%d0%b1%d1%83%d0%ba%d0%b5%d1%82-holland-k-11"},"modified":"2024-03-01T10:12:48","modified_gmt":"2024-03-01T07:12:48","slug":"buket-holland-k-11","status":"publish","type":"product","link":"https:\/\/anirililled.ee\/et\/product\/buket-holland-k-11\/","title":{"rendered":"Kimp \"Holland\" K-11"},"content":{"rendered":"<p>K-11 \"Holland\" (101 mitmev\u00e4rvilist roosi). Foto on illustratiivne. Lillepoodnik j\u00e4tab endale \u00f5iguse muuta lillekomplekti, j\u00e4rgides v\u00e4rviskeemi, kui t\u00e4htaeg on l\u00fchike.<\/p>","protected":false},"excerpt":{"rendered":"<p>K-11 \"Holland\" (101 mitmev\u00e4rvilist roosi). Foto on illustratiivne. Lillepoodnik j\u00e4tab endale \u00f5iguse muuta lillekomplekti, j\u00e4rgides v\u00e4rviskeemi, kui t\u00e4htaeg on l\u00fchike.<\/p>","protected":false},"featured_media":428,"comment_status":"closed","ping_status":"open","template":"","meta":[],"product_cat":[331],"product_tag":[],"class_list":{"0":"post-799","1":"product","2":"type-product","3":"status-publish","4":"has-post-thumbnail","6":"product_cat-331","8":"first","9":"instock","10":"purchasable","11":"product-type-simple"},"_links":{"self":[{"href":"https:\/\/anirililled.ee\/et\/wp-json\/wp\/v2\/product\/799","targetHints":{"allow":["GET"]}}],"collection":[{"href":"https:\/\/anirililled.ee\/et\/wp-json\/wp\/v2\/product"}],"about":[{"href":"https:\/\/anirililled.ee\/et\/wp-json\/wp\/v2\/types\/product"}],"replies":[{"embeddable":true,"href":"https:\/\/anirililled.ee\/et\/wp-json\/wp\/v2\/comments?post=799"}],"wp:featuredmedia":[{"embeddable":true,"href":"https:\/\/anirililled.ee\/et\/wp-json\/wp\/v2\/media\/428"}],"wp:attachment":[{"href":"https:\/\/anirililled.ee\/et\/wp-json\/wp\/v2\/media?parent=799"}],"wp:term":[{"taxonomy":"product_cat","embeddable":true,"href":"https:\/\/anirililled.ee\/et\/wp-json\/wp\/v2\/product_cat?post=799"},{"taxonomy":"product_tag","embeddable":true,"href":"https:\/\/anirililled.ee\/et\/wp-json\/wp\/v2\/product_tag?post=799"}],"curies":[{"name":"wp","href":"https:\/\/api.w.org\/{rel}","templated":true}]}}