{"id":798,"date":"2024-03-01T10:12:47","date_gmt":"2024-03-01T07:12:47","guid":{"rendered":"https:\/\/anirililled.ee\/?product=%d0%bf%d0%be%d1%85%d0%be%d1%80%d0%be%d0%bd%d0%bd%d1%8b%d0%b9-%d0%b2%d0%b5%d0%bd%d0%be%d0%ba-p-2"},"modified":"2024-03-01T10:12:48","modified_gmt":"2024-03-01T07:12:48","slug":"pohoronnyj-venok-p-2","status":"publish","type":"product","link":"https:\/\/anirililled.ee\/et\/product\/pohoronnyj-venok-p-2\/","title":{"rendered":"Matusep\u00e4rg \"P-2"},"content":{"rendered":"<p>Matusep\u00e4rg \"P-2\" (liilia, gipsofila). L\u00e4bim\u00f5\u00f5t ~65cm. Lindi tekstiga hinnas. <span lang=\"RU\" style=\"font-size: 10pt; font-family: Arial, sans-serif;\">Foto on illustratiivne, vastab \"L\" suurusele.<\/span> Lillepoodnik j\u00e4tab endale \u00f5iguse muuta lillede komplekti, s\u00e4ilitades v\u00e4rviskeemi, kui tarneaeg on l\u00fchike.<\/p>\n<p><span style=\"font-family: Arial, sans-serif; font-size: 10pt;\">&nbsp;\"S\" - 6-8 liiliat - 95.00.<\/span><\/p>\n<p><span style=\"font-size: 10pt; font-family: Arial, sans-serif;\">&nbsp;\"M\"- 8-10<\/span><span style=\"font-family: Arial, sans-serif; font-size: 13.3333px;\">&nbsp;liiliad<\/span><span style=\"font-size: 10pt; font-family: Arial, sans-serif;\">&#8212; 120.00<u1_p><\/u1_p><o_p><\/o_p><\/span><\/p>\n<p><span style=\"font-size: 10pt; font-family: Arial, sans-serif;\">&nbsp;\"L\"- 10-12&nbsp;<\/span><span style=\"font-family: Arial, sans-serif; font-size: 13.3333px;\">liiliad<\/span><span style=\"font-size: 10pt; font-family: Arial, sans-serif;\">&nbsp;&#8212; 150.00<\/span><\/p>","protected":false},"excerpt":{"rendered":"<p>\u041f\u043e\u0445\u043e\u0440\u043e\u043d\u043d\u044b\u0439 \u0432\u0435\u043d\u043e\u043a&nbsp;\u200b&quot;P-2&quot;(\u043b\u0438\u043b\u0438\u044f, \u0433\u0438\u043f\u0441\u043e\u0444\u0438\u043b\u0430).&nbsp;\u0414\u0438\u0430\u043c\u0435\u0442\u0440&nbsp;~65cm.&nbsp;\u041b\u0435\u043d\u0442\u0430 \u0441 \u0442\u0435\u043a\u0441\u0442\u043e\u043c \u0432 \u0446\u0435\u043d\u0435. \u0424\u043e\u0442\u043e \u0438\u043b\u043b\u044e\u0441\u0442\u0440\u0430\u0442\u0438\u0432\u043d\u043e, \u0441\u043e\u043e\u0442\u0432\u0435\u0442\u0441\u0442\u0432\u0443\u0435\u0442 &quot;L&quot; \u0440\u0430\u0437\u043c\u0435\u0440\u0443. \u0424\u043b\u043e\u0440\u0438\u0441\u0442 \u043e\u0441\u0442\u0430\u0432\u043b\u044f\u0435\u0442 \u0437\u0430 \u0441\u043e\u0431\u043e\u0439 \u043f\u0440\u0430\u0432\u043e \u0438\u0437\u043c\u0435\u043d\u0438\u0442\u044c \u043d\u0430\u0431\u043e\u0440 \u0446\u0432\u0435\u0442\u043e\u0432, \u0441\u043e\u0445\u0440\u0430\u043d\u044f\u044f \u0446\u0432\u0435\u0442\u043e\u0432\u0443\u044e \u0433\u0430\u043c\u043c\u0443, \u0432 \u0441\u043b\u0443\u0447\u0430\u0435, \u0435\u0441\u043b\u0438 \u0441\u0440\u043e\u043a \u0432\u044b\u043f\u043e\u043b\u043d\u0435\u043d\u0438\u044f \u0437\u0430\u043a\u0430\u0437\u0430 \u043a\u043e\u0440\u043e\u0442\u043a\u0438\u0439. &nbsp;&quot;S&quot;- 6-8 \u043b\u0438\u043b\u0438\u0439- 95.00 &nbsp;&quot;M&quot;- 8-10&nbsp;\u043b\u0438\u043b\u0438\u0439&#8212; 120.00 &nbsp;&quot;L&quot;- 10-12&nbsp;\u043b\u0438\u043b\u0438\u0439&nbsp;&#8212; 150.00<\/p>","protected":false},"featured_media":426,"comment_status":"closed","ping_status":"open","template":"","meta":[],"product_cat":[335,337],"product_tag":[],"class_list":{"0":"post-798","1":"product","2":"type-product","3":"status-publish","4":"has-post-thumbnail","6":"product_cat-335","7":"product_cat-337","9":"first","10":"instock","11":"purchasable","12":"product-type-simple"},"_links":{"self":[{"href":"https:\/\/anirililled.ee\/et\/wp-json\/wp\/v2\/product\/798","targetHints":{"allow":["GET"]}}],"collection":[{"href":"https:\/\/anirililled.ee\/et\/wp-json\/wp\/v2\/product"}],"about":[{"href":"https:\/\/anirililled.ee\/et\/wp-json\/wp\/v2\/types\/product"}],"replies":[{"embeddable":true,"href":"https:\/\/anirililled.ee\/et\/wp-json\/wp\/v2\/comments?post=798"}],"wp:featuredmedia":[{"embeddable":true,"href":"https:\/\/anirililled.ee\/et\/wp-json\/wp\/v2\/media\/426"}],"wp:attachment":[{"href":"https:\/\/anirililled.ee\/et\/wp-json\/wp\/v2\/media?parent=798"}],"wp:term":[{"taxonomy":"product_cat","embeddable":true,"href":"https:\/\/anirililled.ee\/et\/wp-json\/wp\/v2\/product_cat?post=798"},{"taxonomy":"product_tag","embeddable":true,"href":"https:\/\/anirililled.ee\/et\/wp-json\/wp\/v2\/product_tag?post=798"}],"curies":[{"name":"wp","href":"https:\/\/api.w.org\/{rel}","templated":true}]}}