{"id":795,"date":"2024-03-01T10:12:47","date_gmt":"2024-03-01T07:12:47","guid":{"rendered":"https:\/\/anirililled.ee\/?product=%d0%b1%d1%83%d0%ba%d0%b5%d1%82-%d0%ba%d1%80%d0%b0%d1%81%d0%bd%d0%be%d0%b5-%d1%81%d0%b5%d1%80%d0%b4%d1%86%d0%b5-%d0%b8%d0%b7-%d1%80%d0%be%d0%b7-%d0%b1%d0%b5%d0%bb%d1%8b%d0%b5-%d0%b8-%d0%ba%d1%80-2"},"modified":"2025-03-02T00:06:28","modified_gmt":"2025-03-01T21:06:28","slug":"buket-krasnoe-serdcze-iz-roz-belye-i-kr-2","status":"publish","type":"product","link":"https:\/\/anirililled.ee\/et\/product\/buket-krasnoe-serdcze-iz-roz-belye-i-kr-2\/","title":{"rendered":"Rooside kimp \"Punane s\u00fcda\" (valge ja punane) K-4"},"content":{"rendered":"<p>Rooside (valge ja punane) kimp \"Punane s\u00fcda K-4\" Pilt  illustratiivne. Florist j\u00e4\u00e4tab endale \u00f5iguse lillevalikut muuta, v\u00e4rvitoonid j\u00e4\u00e4vad samaks, kui tellimuse t\u00e4itmise t\u00e4htaeg on l\u00fchike.<\/p>\n<p>\"S\" - Roosid 11 tk - 19.-<\/p>\n<p>\"M\" - Roosid 15 tk - 29.-<\/p>\n<p>\"L\" - Roosid 25 tk - 55.-<\/p>","protected":false},"excerpt":{"rendered":"<p>\u0411\u0443\u043a\u0435\u0442 &#171;\u041a\u0440\u0430\u0441\u043d\u043e\u0435 \u0441\u0435\u0440\u0434\u0446\u0435 K-4&#8243;\u0438\u0437 \u0440\u043e\u0437 (\u0431\u0435\u043b\u044b\u0435 \u0438 \u043a\u0440\u0430\u0441\u043d\u044b\u0435)\u00a0 . \u0424\u043e\u0442\u043e \u0438\u043b\u043b\u044e\u0441\u0442\u0440\u0430\u0442\u0438\u0432\u043d\u043e. &#171;S&#187;- \u0420\u043e\u0437\u044b 11\u0448\u0442 &#8212; 19.- &#171;M&#187;- \u0420\u043e\u0437\u044b 15\u0448\u0442 &#8212; 29.- &#171;L&#187;- \u0420\u043e\u0437\u044b 25\u0448\u0442 &#8212; 55.-<\/p>","protected":false},"featured_media":61,"comment_status":"closed","ping_status":"closed","template":"","meta":[],"product_cat":[331],"product_tag":[],"class_list":{"0":"post-795","1":"product","2":"type-product","3":"status-publish","4":"has-post-thumbnail","6":"product_cat-331","7":"pa_size-l","8":"pa_size-m","9":"pa_size-s","11":"first","12":"instock","13":"purchasable","14":"product-type-variable"},"_links":{"self":[{"href":"https:\/\/anirililled.ee\/et\/wp-json\/wp\/v2\/product\/795","targetHints":{"allow":["GET"]}}],"collection":[{"href":"https:\/\/anirililled.ee\/et\/wp-json\/wp\/v2\/product"}],"about":[{"href":"https:\/\/anirililled.ee\/et\/wp-json\/wp\/v2\/types\/product"}],"replies":[{"embeddable":true,"href":"https:\/\/anirililled.ee\/et\/wp-json\/wp\/v2\/comments?post=795"}],"wp:featuredmedia":[{"embeddable":true,"href":"https:\/\/anirililled.ee\/et\/wp-json\/wp\/v2\/media\/61"}],"wp:attachment":[{"href":"https:\/\/anirililled.ee\/et\/wp-json\/wp\/v2\/media?parent=795"}],"wp:term":[{"taxonomy":"product_cat","embeddable":true,"href":"https:\/\/anirililled.ee\/et\/wp-json\/wp\/v2\/product_cat?post=795"},{"taxonomy":"product_tag","embeddable":true,"href":"https:\/\/anirililled.ee\/et\/wp-json\/wp\/v2\/product_tag?post=795"}],"curies":[{"name":"wp","href":"https:\/\/api.w.org\/{rel}","templated":true}]}}