{"id":792,"date":"2024-03-01T10:12:47","date_gmt":"2024-03-01T07:12:47","guid":{"rendered":"https:\/\/anirililled.ee\/?product=%d0%bf%d0%b8%d0%be%d0%bd%d1%8b-l-131"},"modified":"2026-01-21T11:35:18","modified_gmt":"2026-01-21T08:35:18","slug":"piony-l-131","status":"publish","type":"product","link":"https:\/\/anirililled.ee\/et\/product\/piony-l-131\/","title":{"rendered":"Ploomid \"L-131\""},"content":{"rendered":"<p>Ploomid \"L-131\", mitmev\u00e4rvilised. K\u00f5rgus ~50-65cm. Foto on illustratiivne. Lillepoodnik j\u00e4tab endale \u00f5iguse muuta lillede komplekti, j\u00e4rgides v\u00e4rviskeemi, kui t\u00e4htaeg on l\u00fchike.<\/p>","protected":false},"excerpt":{"rendered":"<p>Ploomid \"L-131\", mitmev\u00e4rvilised. K\u00f5rgus ~50-65cm. Foto on illustratiivne. Lillepoodnik j\u00e4tab endale \u00f5iguse muuta lillede komplekti, j\u00e4rgides v\u00e4rviskeemi, kui t\u00e4htaeg on l\u00fchike.<\/p>","protected":false},"featured_media":417,"comment_status":"closed","ping_status":"closed","template":"","meta":[],"product_cat":[404],"product_tag":[],"class_list":{"0":"post-792","1":"product","2":"type-product","3":"status-publish","4":"has-post-thumbnail","6":"product_cat-404","8":"first","9":"outofstock","10":"purchasable","11":"product-type-simple"},"_links":{"self":[{"href":"https:\/\/anirililled.ee\/et\/wp-json\/wp\/v2\/product\/792","targetHints":{"allow":["GET"]}}],"collection":[{"href":"https:\/\/anirililled.ee\/et\/wp-json\/wp\/v2\/product"}],"about":[{"href":"https:\/\/anirililled.ee\/et\/wp-json\/wp\/v2\/types\/product"}],"replies":[{"embeddable":true,"href":"https:\/\/anirililled.ee\/et\/wp-json\/wp\/v2\/comments?post=792"}],"wp:featuredmedia":[{"embeddable":true,"href":"https:\/\/anirililled.ee\/et\/wp-json\/wp\/v2\/media\/417"}],"wp:attachment":[{"href":"https:\/\/anirililled.ee\/et\/wp-json\/wp\/v2\/media?parent=792"}],"wp:term":[{"taxonomy":"product_cat","embeddable":true,"href":"https:\/\/anirililled.ee\/et\/wp-json\/wp\/v2\/product_cat?post=792"},{"taxonomy":"product_tag","embeddable":true,"href":"https:\/\/anirililled.ee\/et\/wp-json\/wp\/v2\/product_tag?post=792"}],"curies":[{"name":"wp","href":"https:\/\/api.w.org\/{rel}","templated":true}]}}