{"id":782,"date":"2024-03-01T10:12:44","date_gmt":"2024-03-01T07:12:44","guid":{"rendered":"https:\/\/anirililled.ee\/?product=%d1%80%d0%be%d0%b7%d1%8b-%d0%b2-%d0%ba%d0%be%d1%80%d0%be%d0%b1%d0%ba%d0%b5-s-2"},"modified":"2024-03-07T17:55:22","modified_gmt":"2024-03-07T14:55:22","slug":"rozy-v-korobke-s-2","status":"publish","type":"product","link":"https:\/\/anirililled.ee\/et\/product\/rozy-v-korobke-s-2\/","title":{"rendered":"Roosid karbis \"S-2\""},"content":{"rendered":"<p>Roosid karbis \"S-2\". Punased ja valged roosid. Rooside v\u00e4rvus v\u00f5ib olla erinev. Foto on illustratiivne, vastab \"S\" suurusele. Lillepoodnik j\u00e4tab endale \u00f5iguse muuta lillede komplekti, j\u00e4rgides v\u00e4rviskeemi, kui t\u00e4htaeg on l\u00fchike.<\/p>\n<p>&nbsp;\"S\"- 25.00<\/p>\n<p>&nbsp;\"M\"- 35.00<\/p>\n<p>&nbsp;\"L\"- 55.00<\/p>\n<p>&nbsp;<\/p>","protected":false},"excerpt":{"rendered":"<p>Roosid karbis \"S-2\". Punased ja valged roosid. Rooside v\u00e4rvus v\u00f5ib olla erinev. Foto on illustratiivne, vastab \"S\" suurusele. Florist j\u00e4tab endale \u00f5iguse muuta lillede komplekti, j\u00e4rgides v\u00e4rviskeemi, kui t\u00e4htaeg on l\u00fchike.  \"S\" - 25.00 \"M\" - 35.00 \"L\" - 55.00 &nbsp;<\/p>","protected":false},"featured_media":403,"comment_status":"closed","ping_status":"open","template":"","meta":[],"product_cat":[339],"product_tag":[],"class_list":{"0":"post-782","1":"product","2":"type-product","3":"status-publish","4":"has-post-thumbnail","6":"product_cat-339","7":"pa_size-l","8":"pa_size-m","9":"pa_size-s","11":"first","12":"instock","13":"purchasable","14":"product-type-variable"},"_links":{"self":[{"href":"https:\/\/anirililled.ee\/et\/wp-json\/wp\/v2\/product\/782","targetHints":{"allow":["GET"]}}],"collection":[{"href":"https:\/\/anirililled.ee\/et\/wp-json\/wp\/v2\/product"}],"about":[{"href":"https:\/\/anirililled.ee\/et\/wp-json\/wp\/v2\/types\/product"}],"replies":[{"embeddable":true,"href":"https:\/\/anirililled.ee\/et\/wp-json\/wp\/v2\/comments?post=782"}],"wp:featuredmedia":[{"embeddable":true,"href":"https:\/\/anirililled.ee\/et\/wp-json\/wp\/v2\/media\/403"}],"wp:attachment":[{"href":"https:\/\/anirililled.ee\/et\/wp-json\/wp\/v2\/media?parent=782"}],"wp:term":[{"taxonomy":"product_cat","embeddable":true,"href":"https:\/\/anirililled.ee\/et\/wp-json\/wp\/v2\/product_cat?post=782"},{"taxonomy":"product_tag","embeddable":true,"href":"https:\/\/anirililled.ee\/et\/wp-json\/wp\/v2\/product_tag?post=782"}],"curies":[{"name":"wp","href":"https:\/\/api.w.org\/{rel}","templated":true}]}}