{"id":780,"date":"2024-03-01T10:12:44","date_gmt":"2024-03-01T07:12:44","guid":{"rendered":"https:\/\/anirililled.ee\/?product=%d0%b1%d1%83%d0%ba%d0%b5%d1%82-red-eagle-k-7"},"modified":"2024-03-01T10:12:44","modified_gmt":"2024-03-01T07:12:44","slug":"buket-red-eagle-k-7","status":"publish","type":"product","link":"https:\/\/anirililled.ee\/et\/product\/buket-red-eagle-k-7\/","title":{"rendered":"Kimp \"Red eagle\" K-7"},"content":{"rendered":"<p>K-7 \"Red eagle\" (101 roosi, punane ja roosa). Rooside v\u00e4rv v\u00f5ib  erinev. Pilt  illustratiivne.\n\n Florist j\u00e4\u00e4tab endale \u00f5iguse lillevalikut muuta, v\u00e4rvitoonid j\u00e4\u00e4vad samaks, kui tellimuse t\u00e4itmise t\u00e4htaeg on l\u00fchike.<\/p>","protected":false},"excerpt":{"rendered":"<p>K-7 \"Red eagle\" (101 roosi, punane ja roosa). Rooside v\u00e4rv v\u00f5ib  erinev. Pilt  illustratiivne.\n\n Florist j\u00e4\u00e4tab endale \u00f5iguse lillevalikut muuta, v\u00e4rvitoonid j\u00e4\u00e4vad samaks, kui tellimuse t\u00e4itmise t\u00e4htaeg on l\u00fchike.<\/p>","protected":false},"featured_media":399,"comment_status":"closed","ping_status":"open","template":"","meta":[],"product_cat":[331],"product_tag":[],"class_list":{"0":"post-780","1":"product","2":"type-product","3":"status-publish","4":"has-post-thumbnail","6":"product_cat-331","8":"first","9":"instock","10":"purchasable","11":"product-type-simple"},"_links":{"self":[{"href":"https:\/\/anirililled.ee\/et\/wp-json\/wp\/v2\/product\/780","targetHints":{"allow":["GET"]}}],"collection":[{"href":"https:\/\/anirililled.ee\/et\/wp-json\/wp\/v2\/product"}],"about":[{"href":"https:\/\/anirililled.ee\/et\/wp-json\/wp\/v2\/types\/product"}],"replies":[{"embeddable":true,"href":"https:\/\/anirililled.ee\/et\/wp-json\/wp\/v2\/comments?post=780"}],"wp:featuredmedia":[{"embeddable":true,"href":"https:\/\/anirililled.ee\/et\/wp-json\/wp\/v2\/media\/399"}],"wp:attachment":[{"href":"https:\/\/anirililled.ee\/et\/wp-json\/wp\/v2\/media?parent=780"}],"wp:term":[{"taxonomy":"product_cat","embeddable":true,"href":"https:\/\/anirililled.ee\/et\/wp-json\/wp\/v2\/product_cat?post=780"},{"taxonomy":"product_tag","embeddable":true,"href":"https:\/\/anirililled.ee\/et\/wp-json\/wp\/v2\/product_tag?post=780"}],"curies":[{"name":"wp","href":"https:\/\/api.w.org\/{rel}","templated":true}]}}