{"id":779,"date":"2024-03-01T10:12:44","date_gmt":"2024-03-01T07:12:44","guid":{"rendered":"https:\/\/anirililled.ee\/?product=%d1%80%d0%be%d0%b7%d1%8b-%d0%b2-%d0%ba%d0%be%d1%80%d0%be%d0%b1%d0%be%d1%87%d0%ba%d0%b5-s-1"},"modified":"2024-03-01T10:12:44","modified_gmt":"2024-03-01T07:12:44","slug":"rozy-v-korobochke-s-1","status":"publish","type":"product","link":"https:\/\/anirililled.ee\/et\/product\/rozy-v-korobochke-s-1\/","title":{"rendered":"Roosid karbis \"S-1\""},"content":{"rendered":"<p style=\"color: rgb(51, 51, 51); font-family: sans-serif,Arial,Verdana,&amp;quot;Trebuchet MS&amp;quot;; font-size: 13px; font-style: normal; font-variant: normal; font-weight: 400; letter-spacing: normal; orphans: 2; text-align: left; text-decoration: none; text-indent: 0px; text-transform: none; -webkit-text-stroke-width: 0px; white-space: normal; word-spacing: 0px;\">Roosid karbis \"S-1\" (valged roosid, eustoma, roheline santini). Foto on illustratiivne, vastab \"S\" suurusele. Lillepoodnik j\u00e4tab endale \u00f5iguse muuta lillede komplekti, j\u00e4rgides v\u00e4rviskeemi, kui t\u00e4htaeg on l\u00fchike.<\/p>\n<p style=\"color: rgb(51, 51, 51); font-family: sans-serif,Arial,Verdana,&amp;quot;Trebuchet MS&amp;quot;; font-size: 13px; font-style: normal; font-variant: normal; font-weight: 400; letter-spacing: normal; orphans: 2; text-align: left; text-decoration: none; text-indent: 0px; text-transform: none; -webkit-text-stroke-width: 0px; white-space: normal; word-spacing: 0px;\">\"S\" - 25.00<\/p>\n<p style=\"color: rgb(51, 51, 51); font-family: sans-serif,Arial,Verdana,&amp;quot;Trebuchet MS&amp;quot;; font-size: 13px; font-style: normal; font-variant: normal; font-weight: 400; letter-spacing: normal; orphans: 2; text-align: left; text-decoration: none; text-indent: 0px; text-transform: none; -webkit-text-stroke-width: 0px; white-space: normal; word-spacing: 0px;\">\"M\" - 35.00<\/p>\n<p style=\"color: rgb(51, 51, 51); font-family: sans-serif,Arial,Verdana,&amp;quot;Trebuchet MS&amp;quot;; font-size: 13px; font-style: normal; font-variant: normal; font-weight: 400; letter-spacing: normal; orphans: 2; text-align: left; text-decoration: none; text-indent: 0px; text-transform: none; -webkit-text-stroke-width: 0px; white-space: normal; word-spacing: 0px;\">\"L\" - 55.00<\/p>","protected":false},"excerpt":{"rendered":"<p>Roosid karbis \"S-1\" (valged roosid, eustoma, roheline santini). Foto on illustratiivne, vastab \"S\" suurusele. Lillepoodnik j\u00e4tab endale \u00f5iguse muuta lillede komplekti, j\u00e4rgides v\u00e4rviskeemi, kui t\u00e4htaeg on l\u00fchike. \"S\" - 25.00 \"M\" - 35.00 \"L\" - 55.00<\/p>","protected":false},"featured_media":397,"comment_status":"closed","ping_status":"open","template":"","meta":[],"product_cat":[339],"product_tag":[],"class_list":{"0":"post-779","1":"product","2":"type-product","3":"status-publish","4":"has-post-thumbnail","6":"product_cat-339","8":"first","9":"instock","10":"purchasable","11":"product-type-simple"},"_links":{"self":[{"href":"https:\/\/anirililled.ee\/et\/wp-json\/wp\/v2\/product\/779","targetHints":{"allow":["GET"]}}],"collection":[{"href":"https:\/\/anirililled.ee\/et\/wp-json\/wp\/v2\/product"}],"about":[{"href":"https:\/\/anirililled.ee\/et\/wp-json\/wp\/v2\/types\/product"}],"replies":[{"embeddable":true,"href":"https:\/\/anirililled.ee\/et\/wp-json\/wp\/v2\/comments?post=779"}],"wp:featuredmedia":[{"embeddable":true,"href":"https:\/\/anirililled.ee\/et\/wp-json\/wp\/v2\/media\/397"}],"wp:attachment":[{"href":"https:\/\/anirililled.ee\/et\/wp-json\/wp\/v2\/media?parent=779"}],"wp:term":[{"taxonomy":"product_cat","embeddable":true,"href":"https:\/\/anirililled.ee\/et\/wp-json\/wp\/v2\/product_cat?post=779"},{"taxonomy":"product_tag","embeddable":true,"href":"https:\/\/anirililled.ee\/et\/wp-json\/wp\/v2\/product_tag?post=779"}],"curies":[{"name":"wp","href":"https:\/\/api.w.org\/{rel}","templated":true}]}}