{"id":777,"date":"2024-03-01T10:12:44","date_gmt":"2024-03-01T07:12:44","guid":{"rendered":"https:\/\/anirililled.ee\/?product=%d0%b1%d1%83%d0%ba%d0%b5%d1%82-%d0%bc%d0%be%d0%bd%d0%b4%d0%b8%d0%b0%d0%bb%d1%8c-k-6"},"modified":"2025-08-16T12:47:44","modified_gmt":"2025-08-16T09:47:44","slug":"buket-mondial-k-6","status":"publish","type":"product","link":"https:\/\/anirililled.ee\/et\/product\/buket-mondial-k-6\/","title":{"rendered":"Kimp \"Mondial\" K-6"},"content":{"rendered":"<p>K-6 \"Mondial\" (valge roos, kr\u00fcsanteem santini, alstromeria). Foto on illustratiivne, vastab suurusele \"M\". Lillepoodnik j\u00e4tab endale \u00f5iguse muuta lillekomplekti, j\u00e4rgides v\u00e4rviskeemi, kui t\u00e4htaeg on l\u00fchike.<\/p>\n<p>\"S\"<\/p>\n<p>\"M\"<\/p>\n<p>\"L\"<\/p>","protected":false},"excerpt":{"rendered":"<p>\u0411\u0443\u043a\u0435\u0442 &#171;\u041c\u043e\u043d\u0434\u0438\u0430\u043b\u044c&#187; K-6 (\u0431\u0435\u043b\u044b\u0435 \u0440\u043e\u0437\u044b, \u0445\u0440\u0438\u0437\u0430\u043d\u0442\u0435\u043c\u0430 \u0441\u0430\u043d\u0442\u0438\u043d\u0438, \u0430\u043b\u044c\u0441\u0442\u0440\u043e\u043c\u0435\u0440\u0438\u044f). \u0424\u043e\u0442\u043e \u0438\u043b\u043b\u044e\u0441\u0442\u0440\u0430\u0442\u0438\u0432\u043d\u043e, \u0441\u043e\u043e\u0442\u0432\u0435\u0442\u0441\u0442\u0432\u0443\u0435\u0442 &#171;\u041c&#187; \u0440\u0430\u0437\u043c\u0435\u0440\u0443. \u0424\u043b\u043e\u0440\u0438\u0441\u0442 \u043e\u0441\u0442\u0430\u0432\u043b\u044f\u0435\u0442 \u0437\u0430 \u0441\u043e\u0431\u043e\u0439 \u043f\u0440\u0430\u0432\u043e \u0438\u0437\u043c\u0435\u043d\u0438\u0442\u044c \u043d\u0430\u0431\u043e\u0440 \u0446\u0432\u0435\u0442\u043e\u0432, \u043f\u0440\u0438\u0434\u0435\u0440\u0436\u0438\u0432\u0430\u044f\u0441\u044c \u0446\u0432\u0435\u0442\u043e\u0432\u043e\u0439 \u0433\u0430\u043c\u043c\u044b, \u0435\u0441\u043b\u0438 \u0441\u0440\u043e\u043a \u0432\u044b\u043f\u043e\u043b\u043d\u0435\u043d\u0438\u0435 \u0437\u0430\u043a\u0430\u0437\u0430 \u043a\u043e\u0440\u043e\u0442\u043a\u0438\u0439. &#171;S&#187; &#171;M&#187; &#171;L&#187;<\/p>","protected":false},"featured_media":393,"comment_status":"closed","ping_status":"closed","template":"","meta":[],"product_cat":[331],"product_tag":[],"class_list":{"0":"post-777","1":"product","2":"type-product","3":"status-publish","4":"has-post-thumbnail","6":"product_cat-331","7":"pa_size-l","8":"pa_size-m","9":"pa_size-s","11":"first","12":"instock","13":"purchasable","14":"product-type-variable"},"_links":{"self":[{"href":"https:\/\/anirililled.ee\/et\/wp-json\/wp\/v2\/product\/777","targetHints":{"allow":["GET"]}}],"collection":[{"href":"https:\/\/anirililled.ee\/et\/wp-json\/wp\/v2\/product"}],"about":[{"href":"https:\/\/anirililled.ee\/et\/wp-json\/wp\/v2\/types\/product"}],"replies":[{"embeddable":true,"href":"https:\/\/anirililled.ee\/et\/wp-json\/wp\/v2\/comments?post=777"}],"wp:featuredmedia":[{"embeddable":true,"href":"https:\/\/anirililled.ee\/et\/wp-json\/wp\/v2\/media\/393"}],"wp:attachment":[{"href":"https:\/\/anirililled.ee\/et\/wp-json\/wp\/v2\/media?parent=777"}],"wp:term":[{"taxonomy":"product_cat","embeddable":true,"href":"https:\/\/anirililled.ee\/et\/wp-json\/wp\/v2\/product_cat?post=777"},{"taxonomy":"product_tag","embeddable":true,"href":"https:\/\/anirililled.ee\/et\/wp-json\/wp\/v2\/product_tag?post=777"}],"curies":[{"name":"wp","href":"https:\/\/api.w.org\/{rel}","templated":true}]}}