{"id":768,"date":"2024-03-01T10:12:44","date_gmt":"2024-03-01T07:12:44","guid":{"rendered":"https:\/\/anirililled.ee\/?product=kollased-roosid-karbis-sp-3"},"modified":"2024-03-01T10:12:44","modified_gmt":"2024-03-01T07:12:44","slug":"kollased-roosid-karbis-sp-3","status":"publish","type":"product","link":"https:\/\/anirililled.ee\/et\/product\/kollased-roosid-karbis-sp-3\/","title":{"rendered":"Kollased roosid karbis \"SP-3\""},"content":{"rendered":"<p>Kollased roosid karbis \"SP-3\". Foto on illustratiivne, vastab suurusele \"S\". Lillepood j\u00e4tab endale \u00f5iguse muuta lillede komplekti, j\u00e4rgides v\u00e4rviskeemi, kui t\u00e4htaeg on l\u00fchike.<\/p>\n<p style=\"color: rgb(51, 51, 51); font-family: sans-serif,Arial,Verdana,&amp;quot;Trebuchet MS&amp;quot;; font-size: 13px; font-style: normal; font-variant: normal; font-weight: 400; letter-spacing: normal; orphans: 2; text-align: left; text-decoration: none; text-indent: 0px; text-transform: none; -webkit-text-stroke-width: 0px; white-space: normal; word-spacing: 0px;\">&nbsp;\"S\"- 39.00<\/p>\n<p style=\"color: rgb(51, 51, 51); font-family: sans-serif,Arial,Verdana,&amp;quot;Trebuchet MS&amp;quot;; font-size: 13px; font-style: normal; font-variant: normal; font-weight: 400; letter-spacing: normal; orphans: 2; text-align: left; text-decoration: none; text-indent: 0px; text-transform: none; -webkit-text-stroke-width: 0px; white-space: normal; word-spacing: 0px;\">\"M\"- 49.00<\/p>\n<p style=\"color: rgb(51, 51, 51); font-family: sans-serif,Arial,Verdana,&amp;quot;Trebuchet MS&amp;quot;; font-size: 13px; font-style: normal; font-variant: normal; font-weight: 400; letter-spacing: normal; orphans: 2; text-align: left; text-decoration: none; text-indent: 0px; text-transform: none; -webkit-text-stroke-width: 0px; white-space: normal; word-spacing: 0px;\">\"L\"- 69.00<\/p>\n<p style=\"color: rgb(51, 51, 51); font-family: sans-serif,Arial,Verdana,&amp;quot;Trebuchet MS&amp;quot;; font-size: 13px; font-style: normal; font-variant: normal; font-weight: 400; letter-spacing: normal; orphans: 2; text-align: left; text-decoration: none; text-indent: 0px; text-transform: none; -webkit-text-stroke-width: 0px; white-space: normal; word-spacing: 0px;\">&nbsp;<\/p>","protected":false},"excerpt":{"rendered":"<p>Kollased roosid karbis \"SP-3\". Foto on illustratiivne, vastab suurusele \"S\". Lillepood j\u00e4tab endale \u00f5iguse muuta lillede komplekti, j\u00e4rgides v\u00e4rviskeemi, kui t\u00e4htaeg on l\u00fchike.  \"S\" - 39.00 \"M\" - 49.00 \"L\" - 69.00 &nbsp;<\/p>","protected":false},"featured_media":375,"comment_status":"closed","ping_status":"open","template":"","meta":[],"product_cat":[339],"product_tag":[],"class_list":{"0":"post-768","1":"product","2":"type-product","3":"status-publish","4":"has-post-thumbnail","6":"product_cat-339","8":"first","9":"instock","10":"purchasable","11":"product-type-simple"},"_links":{"self":[{"href":"https:\/\/anirililled.ee\/et\/wp-json\/wp\/v2\/product\/768","targetHints":{"allow":["GET"]}}],"collection":[{"href":"https:\/\/anirililled.ee\/et\/wp-json\/wp\/v2\/product"}],"about":[{"href":"https:\/\/anirililled.ee\/et\/wp-json\/wp\/v2\/types\/product"}],"replies":[{"embeddable":true,"href":"https:\/\/anirililled.ee\/et\/wp-json\/wp\/v2\/comments?post=768"}],"wp:featuredmedia":[{"embeddable":true,"href":"https:\/\/anirililled.ee\/et\/wp-json\/wp\/v2\/media\/375"}],"wp:attachment":[{"href":"https:\/\/anirililled.ee\/et\/wp-json\/wp\/v2\/media?parent=768"}],"wp:term":[{"taxonomy":"product_cat","embeddable":true,"href":"https:\/\/anirililled.ee\/et\/wp-json\/wp\/v2\/product_cat?post=768"},{"taxonomy":"product_tag","embeddable":true,"href":"https:\/\/anirililled.ee\/et\/wp-json\/wp\/v2\/product_tag?post=768"}],"curies":[{"name":"wp","href":"https:\/\/api.w.org\/{rel}","templated":true}]}}