{"id":744,"date":"2024-03-01T10:12:37","date_gmt":"2024-03-01T07:12:37","guid":{"rendered":"https:\/\/anirililled.ee\/?product=%d0%b1%d1%83%d0%ba%d0%b5%d1%82-red-naomi-k-46"},"modified":"2026-04-12T18:07:46","modified_gmt":"2026-04-12T15:07:46","slug":"buket-red-naomi-k-46","status":"publish","type":"product","link":"https:\/\/anirililled.ee\/et\/product\/buket-red-naomi-k-46\/","title":{"rendered":"Kimp \"Punane Naomi\" K-46"},"content":{"rendered":"<p>\"Punane Naomi\" kimp<\/p>\n<p>Kood: K-46.<\/p>\n<p>V\u00e4rv: punane.<\/p>\n<p>K\u00f5rgus: 40 cm<\/p>\n<p>Pilt  illustratiivne.<\/p>\n<p>Lillepoodnik j\u00e4tab endale \u00f5iguse muuta lillede valikut, v\u00e4rvid j\u00e4\u00e4vad samaks, kui tarneaeg on l\u00fchike.<\/p>\n<p>\"S\"-Roosid 11 tk - 25.-<\/p>\n<p>\"M\" - Roosid 15 tk - 35.-<\/p>\n<p>\"L\" - Roosid 25 t\u00fckki - 55.-<\/p>\n<p>&nbsp;<\/p>","protected":false},"excerpt":{"rendered":"<p>\u0411\u0443\u043a\u0435\u0442 &#171;Red Naomi&#187; \u041a\u043e\u0434: K-46. \u0426\u0432\u0435\u0442: \u041a\u0440\u0430\u0441\u043d\u044b\u0439. \u0412\u044b\u0441\u043e\u0442\u0430: 40 \u0441\u043c \u0424\u043e\u0442\u043e \u0438\u043b\u043b\u044e\u0441\u0442\u0440\u0430\u0442\u0438\u0432\u043d\u043e. \u0424\u043b\u043e\u0440\u0438\u0441\u0442 \u043e\u0441\u0442\u0430\u0432\u043b\u044f\u0435\u0442 \u0437\u0430 \u0441\u043e\u0431\u043e\u0439 \u043f\u0440\u0430\u0432\u043e \u0438\u0437\u043c\u0435\u043d\u0438\u0442\u044c \u0432\u044b\u0431\u043e\u0440 \u0446\u0432\u0435\u0442\u043e\u0432, \u0446\u0432\u0435\u0442\u0430 \u043e\u0441\u0442\u0430\u044e\u0442\u0441\u044f \u0442\u0430\u043a\u0438\u043c\u0438 \u0436\u0435, \u0435\u0441\u043b\u0438 \u0441\u0440\u043e\u043a \u0438\u0441\u043f\u043e\u043b\u043d\u0435\u043d\u0438\u044f \u0437\u0430\u043a\u0430\u0437\u0430 \u043a\u043e\u0440\u043e\u0442\u043a\u0438\u0439 . &#171;S&#187;-\u0420\u043e\u0437\u044b 11 \u0448\u0442 &#8212; 25.- &#171;M&#187;- \u0420\u043e\u0437\u044b 15 \u0448\u0442 &#8212; 35.- &#171;L&#187;- \u0420\u043e\u0437\u044b 25 \u0448\u0442 &#8212; 55.- &nbsp;<\/p>","protected":false},"featured_media":335,"comment_status":"closed","ping_status":"closed","template":"","meta":[],"product_cat":[331],"product_tag":[],"class_list":{"0":"post-744","1":"product","2":"type-product","3":"status-publish","4":"has-post-thumbnail","6":"product_cat-331","7":"pa_size-l","8":"pa_size-m","9":"pa_size-s","11":"first","12":"instock","13":"purchasable","14":"product-type-variable"},"_links":{"self":[{"href":"https:\/\/anirililled.ee\/et\/wp-json\/wp\/v2\/product\/744","targetHints":{"allow":["GET"]}}],"collection":[{"href":"https:\/\/anirililled.ee\/et\/wp-json\/wp\/v2\/product"}],"about":[{"href":"https:\/\/anirililled.ee\/et\/wp-json\/wp\/v2\/types\/product"}],"replies":[{"embeddable":true,"href":"https:\/\/anirililled.ee\/et\/wp-json\/wp\/v2\/comments?post=744"}],"wp:featuredmedia":[{"embeddable":true,"href":"https:\/\/anirililled.ee\/et\/wp-json\/wp\/v2\/media\/335"}],"wp:attachment":[{"href":"https:\/\/anirililled.ee\/et\/wp-json\/wp\/v2\/media?parent=744"}],"wp:term":[{"taxonomy":"product_cat","embeddable":true,"href":"https:\/\/anirililled.ee\/et\/wp-json\/wp\/v2\/product_cat?post=744"},{"taxonomy":"product_tag","embeddable":true,"href":"https:\/\/anirililled.ee\/et\/wp-json\/wp\/v2\/product_tag?post=744"}],"curies":[{"name":"wp","href":"https:\/\/api.w.org\/{rel}","templated":true}]}}