{"id":722,"date":"2024-03-01T10:12:33","date_gmt":"2024-03-01T07:12:33","guid":{"rendered":"https:\/\/anirililled.ee\/?product=%d0%b3%d0%b2%d0%be%d0%b7%d0%b4%d0%b8%d0%ba%d0%b0-%d0%ba%d1%83%d1%81%d1%82%d0%be%d0%b2%d0%b0%d1%8f-kn-4"},"modified":"2026-01-21T11:51:45","modified_gmt":"2026-01-21T08:51:45","slug":"gvozdika-kustovaya-kn-4","status":"publish","type":"product","link":"https:\/\/anirililled.ee\/et\/product\/gvozdika-kustovaja-kn-4\/","title":{"rendered":"Kobarnelk valge"},"content":{"rendered":"<p>Kobarnelk \"KN-4\". K\u00f5rgus ~65cm. V\u00e4rv: valge. Pilt illustratiivne. Florist j\u00e4\u00e4tab endale \u00f5iguse lillevalikut muuta, v\u00e4rvitoonid j\u00e4\u00e4vad samaks, kui tellimuse t\u00e4itmise t\u00e4htaeg on l\u00fchike.<\/p>","protected":false},"excerpt":{"rendered":"<p>Kobarnelk \"KN-4\". K\u00f5rgus ~65cm. V\u00e4rv: valge. Pilt illustratiivne. Florist j\u00e4\u00e4tab endale \u00f5iguse lillevalikut muuta, v\u00e4rvitoonid j\u00e4\u00e4vad samaks, kui tellimuse t\u00e4itmise t\u00e4htaeg on l\u00fchike.<\/p>","protected":false},"featured_media":3992,"comment_status":"closed","ping_status":"closed","template":"","meta":[],"product_cat":[404],"product_tag":[],"class_list":{"0":"post-722","1":"product","2":"type-product","3":"status-publish","4":"has-post-thumbnail","6":"product_cat-404","8":"first","9":"instock","10":"purchasable","11":"product-type-simple"},"_links":{"self":[{"href":"https:\/\/anirililled.ee\/et\/wp-json\/wp\/v2\/product\/722","targetHints":{"allow":["GET"]}}],"collection":[{"href":"https:\/\/anirililled.ee\/et\/wp-json\/wp\/v2\/product"}],"about":[{"href":"https:\/\/anirililled.ee\/et\/wp-json\/wp\/v2\/types\/product"}],"replies":[{"embeddable":true,"href":"https:\/\/anirililled.ee\/et\/wp-json\/wp\/v2\/comments?post=722"}],"wp:featuredmedia":[{"embeddable":true,"href":"https:\/\/anirililled.ee\/et\/wp-json\/wp\/v2\/media\/3992"}],"wp:attachment":[{"href":"https:\/\/anirililled.ee\/et\/wp-json\/wp\/v2\/media?parent=722"}],"wp:term":[{"taxonomy":"product_cat","embeddable":true,"href":"https:\/\/anirililled.ee\/et\/wp-json\/wp\/v2\/product_cat?post=722"},{"taxonomy":"product_tag","embeddable":true,"href":"https:\/\/anirililled.ee\/et\/wp-json\/wp\/v2\/product_tag?post=722"}],"curies":[{"name":"wp","href":"https:\/\/api.w.org\/{rel}","templated":true}]}}