{"id":707,"date":"2024-03-01T10:12:30","date_gmt":"2024-03-01T07:12:30","guid":{"rendered":"https:\/\/anirililled.ee\/?product=%d0%b0%d0%bd%d1%82%d1%83%d1%80%d0%b8%d1%83%d0%bc-%d0%b3%d0%be%d1%80%d1%88%d0%b5%d1%87%d0%bd%d0%be%d0%b5-%d1%80%d0%b0%d1%81%d1%82%d0%b5%d0%bd%d0%b8%d0%b5-%d1%84%d0%bb%d0%b0%d0%bc%d0%b8%d0%bd%d0%b3"},"modified":"2024-03-01T10:12:31","modified_gmt":"2024-03-01T07:12:31","slug":"anturium-gorshechnoe-rastenie-flaming","status":"publish","type":"product","link":"https:\/\/anirililled.ee\/et\/product\/anturium-gorshechnoe-rastenie-flamingo\/","title":{"rendered":"Anthurium potitaim \/ Flamingo kaunistuses"},"content":{"rendered":"<p style=\"font-style:italic;\"><span style=\"display: none;\">&nbsp;<\/span><span style=\"caret-color: rgb(0, 0, 0); color: rgb(0, 0, 0); -webkit-text-size-adjust: auto; font-family: arial, helvetica, sans-serif; font-size: 10px;\">Anthurium potitaim \/ Flamingo dekoratsioonis. K\u00f5rgus ~35-45cm, poti \u00d8 10cm. Foto illustratiivne. Tellimisel, l\u00fchikese aja jooksul j\u00e4tab florist endale \u00f5iguse muuta taime v\u00e4rvi.<\/span><span style=\"display: none;\">&nbsp;<\/span><\/p>","protected":false},"excerpt":{"rendered":"<p>&nbsp;Anthurium potitaim \/ Flamingo dekoratsioonis. K\u00f5rgus ~35-45cm, poti \u00d8 10cm. Foto illustratiivne. Tellimisel, l\u00fchikese aja jooksul j\u00e4tab florist endale \u00f5iguse muuta taime v\u00e4rvi.&nbsp;<\/p>","protected":false},"featured_media":262,"comment_status":"closed","ping_status":"open","template":"","meta":[],"product_cat":[340],"product_tag":[],"class_list":{"0":"post-707","1":"product","2":"type-product","3":"status-publish","4":"has-post-thumbnail","6":"product_cat-340","8":"first","9":"instock","10":"purchasable","11":"product-type-simple"},"_links":{"self":[{"href":"https:\/\/anirililled.ee\/et\/wp-json\/wp\/v2\/product\/707","targetHints":{"allow":["GET"]}}],"collection":[{"href":"https:\/\/anirililled.ee\/et\/wp-json\/wp\/v2\/product"}],"about":[{"href":"https:\/\/anirililled.ee\/et\/wp-json\/wp\/v2\/types\/product"}],"replies":[{"embeddable":true,"href":"https:\/\/anirililled.ee\/et\/wp-json\/wp\/v2\/comments?post=707"}],"wp:featuredmedia":[{"embeddable":true,"href":"https:\/\/anirililled.ee\/et\/wp-json\/wp\/v2\/media\/262"}],"wp:attachment":[{"href":"https:\/\/anirililled.ee\/et\/wp-json\/wp\/v2\/media?parent=707"}],"wp:term":[{"taxonomy":"product_cat","embeddable":true,"href":"https:\/\/anirililled.ee\/et\/wp-json\/wp\/v2\/product_cat?post=707"},{"taxonomy":"product_tag","embeddable":true,"href":"https:\/\/anirililled.ee\/et\/wp-json\/wp\/v2\/product_tag?post=707"}],"curies":[{"name":"wp","href":"https:\/\/api.w.org\/{rel}","templated":true}]}}