{"id":704,"date":"2024-03-01T10:12:30","date_gmt":"2024-03-01T07:12:30","guid":{"rendered":"https:\/\/anirililled.ee\/?product=%d1%80%d0%be%d0%b7%d0%b0-%d0%b2-%d0%b3%d0%be%d1%80%d1%88%d0%ba%d0%b5-pl-1"},"modified":"2024-03-01T10:12:31","modified_gmt":"2024-03-01T07:12:31","slug":"roza-v-gorshke-pl-1","status":"publish","type":"product","link":"https:\/\/anirililled.ee\/et\/product\/roza-v-gorshke-pl-1\/","title":{"rendered":"Pottroos \"PL-1\""},"content":{"rendered":"<p>Pottroos \"PL-1\". Segav\u00e4rviline. K\u00f5rgus ~ 25-35 cm, poti \u00d8 ~ 10 cm. Foto on illustratiivne.<\/p>","protected":false},"excerpt":{"rendered":"<p>Pottroos \"PL-1\". Segav\u00e4rviline. K\u00f5rgus ~ 25-35 cm, poti \u00d8 ~ 10 cm. Foto on illustratiivne.<\/p>","protected":false},"featured_media":256,"comment_status":"closed","ping_status":"open","template":"","meta":[],"product_cat":[340],"product_tag":[],"class_list":{"0":"post-704","1":"product","2":"type-product","3":"status-publish","4":"has-post-thumbnail","6":"product_cat-340","8":"first","9":"instock","10":"purchasable","11":"product-type-simple"},"_links":{"self":[{"href":"https:\/\/anirililled.ee\/et\/wp-json\/wp\/v2\/product\/704","targetHints":{"allow":["GET"]}}],"collection":[{"href":"https:\/\/anirililled.ee\/et\/wp-json\/wp\/v2\/product"}],"about":[{"href":"https:\/\/anirililled.ee\/et\/wp-json\/wp\/v2\/types\/product"}],"replies":[{"embeddable":true,"href":"https:\/\/anirililled.ee\/et\/wp-json\/wp\/v2\/comments?post=704"}],"wp:featuredmedia":[{"embeddable":true,"href":"https:\/\/anirililled.ee\/et\/wp-json\/wp\/v2\/media\/256"}],"wp:attachment":[{"href":"https:\/\/anirililled.ee\/et\/wp-json\/wp\/v2\/media?parent=704"}],"wp:term":[{"taxonomy":"product_cat","embeddable":true,"href":"https:\/\/anirililled.ee\/et\/wp-json\/wp\/v2\/product_cat?post=704"},{"taxonomy":"product_tag","embeddable":true,"href":"https:\/\/anirililled.ee\/et\/wp-json\/wp\/v2\/product_tag?post=704"}],"curies":[{"name":"wp","href":"https:\/\/api.w.org\/{rel}","templated":true}]}}