{"id":697,"date":"2024-03-01T10:12:30","date_gmt":"2024-03-01T07:12:30","guid":{"rendered":"https:\/\/anirililled.ee\/?product=%d1%82%d1%80%d0%b0%d1%83%d1%80%d0%bd%d1%8b%d0%b9-%d0%b2%d0%b5%d0%bd%d0%be%d0%ba-p-4"},"modified":"2025-02-19T15:30:27","modified_gmt":"2025-02-19T12:30:27","slug":"traurnyj-venok-p-4","status":"publish","type":"product","link":"https:\/\/anirililled.ee\/et\/product\/traurnyj-venok-p-4\/","title":{"rendered":"P-4 matusep\u00e4rg"},"content":{"rendered":"<p>Matusep\u00e4rg \"P-4\" (iiris, kobarnelk). \u00dcmmargune. Lint tekstiga on hinnas. Pilt on illustratiivne, vastab suurusele \"S\". Florist j\u00e4\u00e4tab endale \u00f5iguse lillevalikut muuta, v\u00e4rvitoonid j\u00e4\u00e4vad samaks, kui tellimuse t\u00e4itmise t\u00e4htaeg on l\u00fchike.<\/p>\n<p><span style=\"font-size: 10pt; font-family: Arial, sans-serif;\">\u00a0\"S\" - \u00d8 50 cm 14-16 iirist - 95.00<\/span><\/p>\n<p><span style=\"font-size: 10pt; font-family: Arial, sans-serif;\">\u00a0\"M\" - \u00d8 60 cm 18-22 <\/span><span style=\"font-family: Arial, sans-serif; font-size: 13.3333px;\">iirised<\/span><span style=\"font-size: 10pt; font-family: Arial, sans-serif;\">\u00a0&#8212; 120.00<\/span><\/p>\n<p><span style=\"font-size: 10pt; font-family: Arial, sans-serif;\">\u00a0\"L\" - \u00d8 70 cm 24-30\u00a0<\/span><span style=\"font-family: Arial, sans-serif; font-size: 13.3333px;\">iirised<\/span><span style=\"font-size: 10pt; font-family: Arial, sans-serif;\">\u00a0&#8212; 150.00<\/span><\/p>\n<p>&nbsp;<\/p>","protected":false},"excerpt":{"rendered":"<p>\u0422\u0440\u0430\u0443\u0440\u043d\u044b\u0439 \u0432\u0435\u043d\u043e\u043a &#171;P-4&#187; (\u0418\u0440\u0438\u0441, \u043a\u0443\u0441\u0442\u043e\u0432\u0430\u044f \u0433\u0432\u043e\u0437\u0434\u0438\u043a\u0430). \u041a\u0440\u0443\u0433\u043b\u044b\u0439. \u041b\u0435\u043d\u0442\u0430 \u0441 \u043d\u0430\u0434\u043f\u0438\u0441\u044c\u044e \u0432 \u0446\u0435\u043d\u0435. \u0424\u043e\u0442\u043e \u0438\u043b\u043b\u044e\u0441\u0442\u0440\u0430\u0442\u0438\u0432\u043d\u043e, \u0441\u043e\u043e\u0442\u0432\u0435\u0442\u0441\u0442\u0432\u0443\u0435\u0442 &#171;S&#187; \u0440\u0430\u0437\u043c\u0435\u0440\u0443. \u0424\u043b\u043e\u0440\u0438\u0441\u0442 \u043e\u0441\u0442\u0430\u0432\u043b\u044f\u0435\u0442 \u0437\u0430 \u0441\u043e\u0431\u043e\u0439 \u043f\u0440\u0430\u0432\u043e \u0438\u0437\u043c\u0435\u043d\u0438\u0442\u044c \u043d\u0430\u0431\u043e\u0440 \u0446\u0432\u0435\u0442\u043e\u0432, \u043f\u0440\u0438\u0434\u0435\u0440\u0436\u0438\u0432\u0430\u044f\u0441\u044c \u0446\u0432\u0435\u0442\u043e\u0432\u043e\u0439 \u0433\u0430\u043c\u043c\u044b, \u0435\u0441\u043b\u0438 \u0441\u0440\u043e\u043a \u0432\u044b\u043f\u043e\u043b\u043d\u0435\u043d\u0438\u0435 \u0437\u0430\u043a\u0430\u0437\u0430 \u043a\u043e\u0440\u043e\u0442\u043a\u0438\u0439. \u00a0&#171;S&#187;- \u00d8 50 cm 14-16 \u0438\u0440\u0438\u0441\u043e\u0432- 95.00 \u00a0&#171;M&#187;- \u00d8 60 cm 18-22 \u0438\u0440\u0438\u0441\u043e\u0432\u00a0&#8212; 120.00 \u00a0&#171;L&#187;- \u00d8 70 cm 24-30\u00a0\u0438\u0440\u0438\u0441\u043e\u0432\u00a0&#8212; 150.00 &nbsp;<\/p>","protected":false},"featured_media":245,"comment_status":"closed","ping_status":"closed","template":"","meta":[],"product_cat":[335,337],"product_tag":[],"class_list":{"0":"post-697","1":"product","2":"type-product","3":"status-publish","4":"has-post-thumbnail","6":"product_cat-335","7":"product_cat-337","8":"pa_size-l","9":"pa_size-m","10":"pa_size-s","12":"first","13":"instock","14":"purchasable","15":"product-type-variable"},"_links":{"self":[{"href":"https:\/\/anirililled.ee\/et\/wp-json\/wp\/v2\/product\/697","targetHints":{"allow":["GET"]}}],"collection":[{"href":"https:\/\/anirililled.ee\/et\/wp-json\/wp\/v2\/product"}],"about":[{"href":"https:\/\/anirililled.ee\/et\/wp-json\/wp\/v2\/types\/product"}],"replies":[{"embeddable":true,"href":"https:\/\/anirililled.ee\/et\/wp-json\/wp\/v2\/comments?post=697"}],"wp:featuredmedia":[{"embeddable":true,"href":"https:\/\/anirililled.ee\/et\/wp-json\/wp\/v2\/media\/245"}],"wp:attachment":[{"href":"https:\/\/anirililled.ee\/et\/wp-json\/wp\/v2\/media?parent=697"}],"wp:term":[{"taxonomy":"product_cat","embeddable":true,"href":"https:\/\/anirililled.ee\/et\/wp-json\/wp\/v2\/product_cat?post=697"},{"taxonomy":"product_tag","embeddable":true,"href":"https:\/\/anirililled.ee\/et\/wp-json\/wp\/v2\/product_tag?post=697"}],"curies":[{"name":"wp","href":"https:\/\/api.w.org\/{rel}","templated":true}]}}