{"id":696,"date":"2024-03-01T10:12:30","date_gmt":"2024-03-01T07:12:30","guid":{"rendered":"https:\/\/anirililled.ee\/?product=%d1%82%d1%80%d0%b0%d1%83%d1%80%d0%bd%d1%8b%d0%b9-%d0%b2%d0%b5%d0%bd%d0%be%d0%ba-p-3"},"modified":"2025-02-19T00:23:55","modified_gmt":"2025-02-18T21:23:55","slug":"traurnyj-venok-p-3","status":"publish","type":"product","link":"https:\/\/anirililled.ee\/et\/product\/traurnyj-venok-p-3\/","title":{"rendered":"Matusep\u00e4rg P-3"},"content":{"rendered":"<p>Matusep\u00e4rg \"P-3\" (v\u00e4rvilised nelgid, kipslill). \u00dcmmargune. Lint tekstiga hinnas. Pilt illustratiivne, vastab \"M\" suurusele. Florist j\u00e4\u00e4tab endale \u00f5iguse lillevalikut muuta, v\u00e4rvitoonid j\u00e4\u00e4vad samaks, kui tellimuse t\u00e4itmise t\u00e4htaeg on l\u00fchike.<\/p>\n<p><span style=\"font-family: Arial, sans-serif; font-size: 10pt;\">\u00a0\"S\" - \u00d8 50 cm 10-12 <\/span>nelki<span style=\"font-family: Arial, sans-serif; font-size: 10pt;\">&#8212; 89.00<\/span><\/p>\n<p><span style=\"font-size: 10pt; font-family: Arial, sans-serif;\">\u00a0\"M\" - \u00d8 60 cm 20-22 <\/span>nelki<span style=\"font-family: Arial, sans-serif; font-size: 13.3333px;\">\u00a0<\/span><span style=\"font-size: 10pt; font-family: Arial, sans-serif;\">&#8212; 109.00<\/span><\/p>\n<p><span style=\"font-size: 10pt; font-family: Arial, sans-serif;\">\u00a0\"L\" - \u00d8 70 cm 30-32 <\/span>nelki<span style=\"font-size: 10pt; font-family: Arial, sans-serif;\">\u00a0&#8212; 129.00<\/span><\/p>\n<p>&nbsp;<\/p>\n<p>&nbsp;<\/p>","protected":false},"excerpt":{"rendered":"<p>Surup\u00e4rg \"P-3\" (v\u00e4rvilised nelgid, gipsofila). \u00dcmmargune. L\u00e4bim\u00f5\u00f5t ~65cm. Lint, millel kiri hinnas. Foto on illustratiivne, vastab suurusele \"M\". Lillepood j\u00e4tab endale \u00f5iguse muuta lillede komplekti, j\u00e4rgides v\u00e4rviskeemi, kui t\u00e4htaeg on l\u00fchike.  \"S\" - \u00d8 50 cm 10-12 nelki - 89.00 \"M\" - \u00d8 60 cm 20-22 nelki - 109.00 \"L\" - \u00d8 70 cm 30-32 nelki - 129.00 [...].<\/p>","protected":false},"featured_media":243,"comment_status":"closed","ping_status":"closed","template":"","meta":[],"product_cat":[335,337],"product_tag":[],"class_list":{"0":"post-696","1":"product","2":"type-product","3":"status-publish","4":"has-post-thumbnail","6":"product_cat-335","7":"product_cat-337","8":"pa_size-l","9":"pa_size-m","10":"pa_size-s","12":"first","13":"instock","14":"purchasable","15":"product-type-variable"},"_links":{"self":[{"href":"https:\/\/anirililled.ee\/et\/wp-json\/wp\/v2\/product\/696","targetHints":{"allow":["GET"]}}],"collection":[{"href":"https:\/\/anirililled.ee\/et\/wp-json\/wp\/v2\/product"}],"about":[{"href":"https:\/\/anirililled.ee\/et\/wp-json\/wp\/v2\/types\/product"}],"replies":[{"embeddable":true,"href":"https:\/\/anirililled.ee\/et\/wp-json\/wp\/v2\/comments?post=696"}],"wp:featuredmedia":[{"embeddable":true,"href":"https:\/\/anirililled.ee\/et\/wp-json\/wp\/v2\/media\/243"}],"wp:attachment":[{"href":"https:\/\/anirililled.ee\/et\/wp-json\/wp\/v2\/media?parent=696"}],"wp:term":[{"taxonomy":"product_cat","embeddable":true,"href":"https:\/\/anirililled.ee\/et\/wp-json\/wp\/v2\/product_cat?post=696"},{"taxonomy":"product_tag","embeddable":true,"href":"https:\/\/anirililled.ee\/et\/wp-json\/wp\/v2\/product_tag?post=696"}],"curies":[{"name":"wp","href":"https:\/\/api.w.org\/{rel}","templated":true}]}}