{"id":679,"date":"2024-03-01T10:12:26","date_gmt":"2024-03-01T07:12:26","guid":{"rendered":"https:\/\/anirililled.ee\/?product=%d0%bf%d0%be%d1%85%d0%be%d1%80%d0%be%d0%bd%d0%bd%d1%8b%d0%b9-%d0%b2%d0%b5%d0%bd%d0%be%d0%ba-p-1"},"modified":"2025-02-19T15:25:04","modified_gmt":"2025-02-19T12:25:04","slug":"pohoronnyj-venok-p-1","status":"publish","type":"product","link":"https:\/\/anirililled.ee\/et\/product\/pohoronnyj-venok-p-1\/","title":{"rendered":"Matusep\u00e4rg \"P-1\""},"content":{"rendered":"<p>Matusep\u00e4rg P-1 (liilia, roosid, kr\u00fcsanteemid). \u00dcmmargune ~65cm. Lint kirjaga hinnas. Pilt on illustratiivne, vastab suurusele \"M\". Florist j\u00e4\u00e4tab endale \u00f5iguse lillevalikut muuta, v\u00e4rvitoonid j\u00e4\u00e4vad samaks, kui tellimuse t\u00e4itmise t\u00e4htaeg on l\u00fchike.<\/p>\n<p>S - \u00d8 50 cm -10 roosi - 95.00.<\/p>\n<p>M - \u00d8 60 cm -16 roosi - 120.00.<\/p>\n<p>L - \u00d8 70 cm -20 roosi - 150.00<\/p>\n<p>&nbsp;<\/p>","protected":false},"excerpt":{"rendered":"<p>\u041f\u043e\u0445\u043e\u0440\u043e\u043d\u043d\u044b\u0439 \u0432\u0435\u043d\u043e\u043a P-1 (\u041b\u0438\u043b\u0438\u044f, \u0440\u043e\u0437\u044b, \u0445\u0440\u0438\u0437\u0430\u043d\u0442\u0435\u043c\u044b).\u00a0\u041a\u0440\u0443\u0433\u043b\u044b\u0439 ~65cm. \u041b\u0435\u043d\u0442\u0430 \u0441 \u043d\u0430\u0434\u043f\u0438\u0441\u044c\u044e \u0432 \u0446\u0435\u043d\u0435. \u0424\u043e\u0442\u043e \u0438\u043b\u043b\u044e\u0441\u0442\u0440\u0430\u0442\u0438\u0432\u043d\u043e, \u0441\u043e\u043e\u0442\u0432\u0435\u0442\u0441\u0442\u0432\u0443\u0435\u0442 \u0440\u0430\u0437\u043c\u0435\u0440\u0443 &#171;\u041c&#187;. \u0424\u043b\u043e\u0440\u0438\u0441\u0442 \u043e\u0441\u0442\u0430\u0432\u043b\u044f\u0435\u0442 \u0437\u0430 \u0441\u043e\u0431\u043e\u0439 \u043f\u0440\u0430\u0432\u043e \u0438\u0437\u043c\u0435\u043d\u0438\u0442\u044c \u043d\u0430\u0431\u043e\u0440 \u0446\u0432\u0435\u0442\u043e\u0432, \u043f\u0440\u0438\u0434\u0435\u0440\u0436\u0438\u0432\u0430\u044f\u0441\u044c \u0446\u0432\u0435\u0442\u043e\u0432\u043e\u0439 \u0433\u0430\u043c\u043c\u044b, \u0435\u0441\u043b\u0438 \u0441\u0440\u043e\u043a \u0432\u044b\u043f\u043e\u043b\u043d\u0435\u043d\u0438\u0435 \u0437\u0430\u043a\u0430\u0437\u0430 \u043a\u043e\u0440\u043e\u0442\u043a\u0438\u0439. S &#8212; \u00d8 50 cm -10 \u0440\u043e\u0437 &#8212; 95.00. M &#8212;\u00a0 \u00d8 60 cm -16 \u0440\u043e\u0437 &#8212; 120.00. L &#8212;\u00a0 \u00d8 70 [&hellip;]<\/p>","protected":false},"featured_media":223,"comment_status":"closed","ping_status":"closed","template":"","meta":[],"product_cat":[335,337],"product_tag":[],"class_list":{"0":"post-679","1":"product","2":"type-product","3":"status-publish","4":"has-post-thumbnail","6":"product_cat-335","7":"product_cat-337","8":"pa_size-l","9":"pa_size-m","10":"pa_size-s","12":"first","13":"instock","14":"purchasable","15":"product-type-variable"},"_links":{"self":[{"href":"https:\/\/anirililled.ee\/et\/wp-json\/wp\/v2\/product\/679","targetHints":{"allow":["GET"]}}],"collection":[{"href":"https:\/\/anirililled.ee\/et\/wp-json\/wp\/v2\/product"}],"about":[{"href":"https:\/\/anirililled.ee\/et\/wp-json\/wp\/v2\/types\/product"}],"replies":[{"embeddable":true,"href":"https:\/\/anirililled.ee\/et\/wp-json\/wp\/v2\/comments?post=679"}],"wp:featuredmedia":[{"embeddable":true,"href":"https:\/\/anirililled.ee\/et\/wp-json\/wp\/v2\/media\/223"}],"wp:attachment":[{"href":"https:\/\/anirililled.ee\/et\/wp-json\/wp\/v2\/media?parent=679"}],"wp:term":[{"taxonomy":"product_cat","embeddable":true,"href":"https:\/\/anirililled.ee\/et\/wp-json\/wp\/v2\/product_cat?post=679"},{"taxonomy":"product_tag","embeddable":true,"href":"https:\/\/anirililled.ee\/et\/wp-json\/wp\/v2\/product_tag?post=679"}],"curies":[{"name":"wp","href":"https:\/\/api.w.org\/{rel}","templated":true}]}}