{"id":659,"date":"2024-03-01T10:12:23","date_gmt":"2024-03-01T07:12:23","guid":{"rendered":"https:\/\/anirililled.ee\/?product=%d1%81%d0%b2%d0%b0%d0%b4%d0%b5%d0%b1%d0%bd%d1%8b%d0%b9-%d0%b1%d1%83%d0%ba%d0%b5%d1%82-pk-23"},"modified":"2025-01-15T17:34:33","modified_gmt":"2025-01-15T14:34:33","slug":"svadebnyj-buket-pk-23","status":"publish","type":"product","link":"https:\/\/anirililled.ee\/et\/product\/svadebnyj-buket-pk-23\/","title":{"rendered":"Pulmakimp \"PK-23\""},"content":{"rendered":"<p><a href=\"https:\/\/anirililled.ee\/wp-content\/uploads\/2024\/03\/img_1814.heic.jpeg\"><img fetchpriority=\"high\" decoding=\"async\" class=\"alignnone size-medium wp-image-3419\" src=\"https:\/\/anirililled.ee\/wp-content\/uploads\/2024\/03\/img_1814.heic-225x300.jpeg\" alt=\"\" width=\"225\" height=\"300\" srcset=\"https:\/\/anirililled.ee\/wp-content\/uploads\/2024\/03\/img_1814.heic-225x300.jpeg 225w, https:\/\/anirililled.ee\/wp-content\/uploads\/2024\/03\/img_1814.heic-768x1024.jpeg 768w, https:\/\/anirililled.ee\/wp-content\/uploads\/2024\/03\/img_1814.heic-1152x1536.jpeg 1152w, https:\/\/anirililled.ee\/wp-content\/uploads\/2024\/03\/img_1814.heic-1536x2048.jpeg 1536w, https:\/\/anirililled.ee\/wp-content\/uploads\/2024\/03\/img_1814.heic-9x12.jpeg 9w, https:\/\/anirililled.ee\/wp-content\/uploads\/2024\/03\/img_1814.heic-600x800.jpeg 600w, https:\/\/anirililled.ee\/wp-content\/uploads\/2024\/03\/img_1814.heic.jpeg 1800w\" sizes=\"(max-width: 225px) 100vw, 225px\" \/><\/a>Pulmakimp \"PK-23\". (Roosid, kallad). <span style=\"font-family: UICTFontTextStyleBody; font-size: 17px;\">Pilt illustratiivne.\u00a0Florist j\u00e4\u00e4tab endale \u00f5iguse v\u00e4rvitoonid muuta, v\u00e4rvitooni,\u00a0kui tellimuse t\u00e4itmise t\u00e4htaeg on l\u00fchike.<\/span><\/p>\n<p>&nbsp;<\/p>","protected":false},"excerpt":{"rendered":"<p>\u0421\u0432\u0430\u0434\u0435\u0431\u043d\u044b\u0439 \u0431\u0443\u043a\u0435\u0442 \u00abPK-23\u00bb. (\u0420\u043e\u0437\u044b, \u043a\u0430\u043b\u043b\u0430). \u0424\u043e\u0442\u043e \u0438\u043b\u043b\u044e\u0441\u0442\u0440\u0430\u0442\u0438\u0432\u043d\u043e. \u0424\u043b\u043e\u0440\u0438\u0441\u0442 \u043e\u0441\u0442\u0430\u0432\u043b\u044f\u0435\u0442 \u0437\u0430 \u0441\u043e\u0431\u043e\u0439 \u043f\u0440\u0430\u0432\u043e \u0438\u0437\u043c\u0435\u043d\u0438\u0442\u044c \u043d\u0430\u0431\u043e\u0440 \u0446\u0432\u0435\u0442\u043e\u0432, \u043e\u0441\u0442\u0430\u0432\u043b\u044f\u044f \u0446\u0432\u0435\u0442\u043e\u0432\u0443\u044e \u0433\u0430\u043c\u043c\u0443, \u0432 \u0441\u043b\u0443\u0447\u0430\u0435, \u0435\u0441\u043b\u0438 \u0437\u0430\u043a\u0430\u0437 \u0432\u044b\u043f\u043e\u043b\u043d\u0435\u043d \u0437\u0430 \u043a\u043e\u0440\u043e\u0442\u043a\u0438\u0439 \u0441\u0440\u043e\u043a. &nbsp;<\/p>","protected":false},"featured_media":3419,"comment_status":"closed","ping_status":"closed","template":"","meta":[],"product_cat":[332,338],"product_tag":[],"class_list":{"0":"post-659","1":"product","2":"type-product","3":"status-publish","4":"has-post-thumbnail","6":"product_cat-332","7":"product_cat-338","8":"pa_size-l","9":"pa_size-m","10":"pa_size-s","12":"first","13":"instock","14":"purchasable","15":"product-type-simple"},"_links":{"self":[{"href":"https:\/\/anirililled.ee\/et\/wp-json\/wp\/v2\/product\/659","targetHints":{"allow":["GET"]}}],"collection":[{"href":"https:\/\/anirililled.ee\/et\/wp-json\/wp\/v2\/product"}],"about":[{"href":"https:\/\/anirililled.ee\/et\/wp-json\/wp\/v2\/types\/product"}],"replies":[{"embeddable":true,"href":"https:\/\/anirililled.ee\/et\/wp-json\/wp\/v2\/comments?post=659"}],"wp:featuredmedia":[{"embeddable":true,"href":"https:\/\/anirililled.ee\/et\/wp-json\/wp\/v2\/media\/3419"}],"wp:attachment":[{"href":"https:\/\/anirililled.ee\/et\/wp-json\/wp\/v2\/media?parent=659"}],"wp:term":[{"taxonomy":"product_cat","embeddable":true,"href":"https:\/\/anirililled.ee\/et\/wp-json\/wp\/v2\/product_cat?post=659"},{"taxonomy":"product_tag","embeddable":true,"href":"https:\/\/anirililled.ee\/et\/wp-json\/wp\/v2\/product_tag?post=659"}],"curies":[{"name":"wp","href":"https:\/\/api.w.org\/{rel}","templated":true}]}}