{"id":655,"date":"2024-03-01T10:12:23","date_gmt":"2024-03-01T07:12:23","guid":{"rendered":"https:\/\/anirililled.ee\/?product=pk-11"},"modified":"2025-01-15T17:34:59","modified_gmt":"2025-01-15T14:34:59","slug":"pk-11","status":"publish","type":"product","link":"https:\/\/anirililled.ee\/et\/product\/pk-11\/","title":{"rendered":"PK-11"},"content":{"rendered":"<p>Pulmakimp PK-11.<\/p>\n<p>Koostisosad: iiris, valged roosid<\/p>\n<p>Pilt illustratiivne. Florist j\u00e4\u00e4tab endale \u00f5iguse lillevalikut muuta, v\u00e4rvitoonid j\u00e4\u00e4vad samaks, kui tellimuse t\u00e4itmise t\u00e4htaeg on l\u00fchike.<\/p>","protected":false},"excerpt":{"rendered":"<p>Pulmakimp valgeid roose PK-11. Kompositsioon: iiris, valged roosid Pilt on illustratiivne. Lillepood j\u00e4tab endale \u00f5iguse muuta lillede valikut, v\u00e4rvid j\u00e4\u00e4vad samaks, kui t\u00e4htaeg on l\u00fchike.<\/p>","protected":false},"featured_media":191,"comment_status":"closed","ping_status":"closed","template":"","meta":[],"product_cat":[332,338],"product_tag":[],"class_list":{"0":"post-655","1":"product","2":"type-product","3":"status-publish","4":"has-post-thumbnail","6":"product_cat-332","7":"product_cat-338","9":"first","10":"instock","11":"purchasable","12":"product-type-simple"},"_links":{"self":[{"href":"https:\/\/anirililled.ee\/et\/wp-json\/wp\/v2\/product\/655","targetHints":{"allow":["GET"]}}],"collection":[{"href":"https:\/\/anirililled.ee\/et\/wp-json\/wp\/v2\/product"}],"about":[{"href":"https:\/\/anirililled.ee\/et\/wp-json\/wp\/v2\/types\/product"}],"replies":[{"embeddable":true,"href":"https:\/\/anirililled.ee\/et\/wp-json\/wp\/v2\/comments?post=655"}],"wp:featuredmedia":[{"embeddable":true,"href":"https:\/\/anirililled.ee\/et\/wp-json\/wp\/v2\/media\/191"}],"wp:attachment":[{"href":"https:\/\/anirililled.ee\/et\/wp-json\/wp\/v2\/media?parent=655"}],"wp:term":[{"taxonomy":"product_cat","embeddable":true,"href":"https:\/\/anirililled.ee\/et\/wp-json\/wp\/v2\/product_cat?post=655"},{"taxonomy":"product_tag","embeddable":true,"href":"https:\/\/anirililled.ee\/et\/wp-json\/wp\/v2\/product_tag?post=655"}],"curies":[{"name":"wp","href":"https:\/\/api.w.org\/{rel}","templated":true}]}}