{"id":648,"date":"2024-03-01T10:12:23","date_gmt":"2024-03-01T07:12:23","guid":{"rendered":"https:\/\/anirililled.ee\/?product=%d1%82%d1%80%d0%b0%d1%83%d1%80%d0%bd%d1%8b%d0%b9-%d0%b2%d0%b5%d0%bd%d0%be%d0%ba-p-5"},"modified":"2024-03-07T21:57:02","modified_gmt":"2024-03-07T18:57:02","slug":"traurnyj-venok-p-5","status":"publish","type":"product","link":"https:\/\/anirililled.ee\/et\/product\/traurnyj-venok-p-5\/","title":{"rendered":"Matusep\u00e4rg P-5"},"content":{"rendered":"<p>Matusep\u00e4rg \"P-3\" (v\u00e4rvilised kr\u00fcsanteemid ja punased roosid, kipslill). \u00dcmmargune. Lint tekstiga hinnas. Pilt illustratiivne, vastab \"'L\" suurusele. Florist j\u00e4\u00e4tab endale \u00f5iguse lillevalikut muuta, v\u00e4rvitoonid j\u00e4\u00e4vad samaks, kui tellimuse t\u00e4itmise t\u00e4htaeg on l\u00fchike.<\/p>\n<p><span style=\"font-family: Arial, sans-serif; font-size: 10pt;\">&nbsp;\"S\"- 8-10&nbsp;<\/span>roosid<span style=\"font-family: Arial, sans-serif; font-size: 10pt;\">&#8212; 95.00<\/span><\/p>\n<p><span style=\"font-size: 10pt; font-family: Arial, sans-serif;\">&nbsp;\"M\"- 14-16 <\/span>roosid<span style=\"font-size: 10pt; font-family: Arial, sans-serif;\">&#8212; 120.00<u1_p><\/u1_p><o_p><\/o_p><\/span><\/p>\n<p><span style=\"font-size: 10pt; font-family: Arial, sans-serif;\">&nbsp;\"L\"- 18-20 <\/span>roosid<span style=\"font-size: 10pt; font-family: Arial, sans-serif;\"> &#8212; 150.00<\/span><\/p>\n<p>&nbsp;<\/p>","protected":false},"excerpt":{"rendered":"<p>\u0422\u0440\u0430\u0443\u0440\u043d\u044b\u0439 \u0432\u0435\u043d\u043e\u043a &quot;P-5&quot; (\u0431\u0435\u043b\u0430\u044f \u0445\u0440\u0438\u0437\u0430\u043d\u0442\u0435\u043c\u0430, \u043a\u0440\u0430\u0441\u043d\u044b\u0435 \u0440\u043e\u0437\u0430). \u0414\u0438\u0430\u043c\u0435\u0442\u0440 ~65cm. \u041b\u0435\u043d\u0442\u0430 \u0441 \u043d\u0430\u0434\u043f\u0438\u0441\u044c\u044e \u0432 \u0446\u0435\u043d\u0435. \u0424\u043e\u0442\u043e \u0438\u043b\u043b\u044e\u0441\u0442\u0440\u0430\u0442\u0438\u0432\u043d\u043e, \u0441\u043e\u043e\u0442\u0432\u0435\u0442\u0441\u0442\u0432\u0443\u0435\u0442 &quot;L&quot; \u0440\u0430\u0437\u043c\u0435\u0440\u0443. \u0424\u043b\u043e\u0440\u0438\u0441\u0442 \u043e\u0441\u0442\u0430\u0432\u043b\u044f\u0435\u0442 \u0437\u0430 \u0441\u043e\u0431\u043e\u0439 \u043f\u0440\u0430\u0432\u043e \u0438\u0437\u043c\u0435\u043d\u0438\u0442\u044c \u043d\u0430\u0431\u043e\u0440 \u0446\u0432\u0435\u0442\u043e\u0432, \u043f\u0440\u0438\u0434\u0435\u0440\u0436\u0438\u0432\u0430\u044f\u0441\u044c \u0446\u0432\u0435\u0442\u043e\u0432\u043e\u0439 \u0433\u0430\u043c\u043c\u044b, \u0435\u0441\u043b\u0438 \u0441\u0440\u043e\u043a \u0432\u044b\u043f\u043e\u043b\u043d\u0435\u043d\u0438\u0435 \u0437\u0430\u043a\u0430\u0437\u0430 \u043a\u043e\u0440\u043e\u0442\u043a\u0438\u0439. &nbsp;&quot;S&quot;- 8-10&nbsp;\u0440\u043e\u0437&#8212; 95.00 &nbsp;&quot;M&quot;- 14-16 \u0440\u043e\u0437&#8212; 120.00 &nbsp;&quot;L&quot;- 18-20 \u0440\u043e\u0437 &#8212; 150.00 &nbsp;<\/p>","protected":false},"featured_media":183,"comment_status":"closed","ping_status":"open","template":"","meta":[],"product_cat":[335,337],"product_tag":[],"class_list":{"0":"post-648","1":"product","2":"type-product","3":"status-publish","4":"has-post-thumbnail","6":"product_cat-335","7":"product_cat-337","8":"pa_size-l","9":"pa_size-m","10":"pa_size-s","12":"first","13":"instock","14":"purchasable","15":"product-type-variable"},"_links":{"self":[{"href":"https:\/\/anirililled.ee\/et\/wp-json\/wp\/v2\/product\/648","targetHints":{"allow":["GET"]}}],"collection":[{"href":"https:\/\/anirililled.ee\/et\/wp-json\/wp\/v2\/product"}],"about":[{"href":"https:\/\/anirililled.ee\/et\/wp-json\/wp\/v2\/types\/product"}],"replies":[{"embeddable":true,"href":"https:\/\/anirililled.ee\/et\/wp-json\/wp\/v2\/comments?post=648"}],"wp:featuredmedia":[{"embeddable":true,"href":"https:\/\/anirililled.ee\/et\/wp-json\/wp\/v2\/media\/183"}],"wp:attachment":[{"href":"https:\/\/anirililled.ee\/et\/wp-json\/wp\/v2\/media?parent=648"}],"wp:term":[{"taxonomy":"product_cat","embeddable":true,"href":"https:\/\/anirililled.ee\/et\/wp-json\/wp\/v2\/product_cat?post=648"},{"taxonomy":"product_tag","embeddable":true,"href":"https:\/\/anirililled.ee\/et\/wp-json\/wp\/v2\/product_tag?post=648"}],"curies":[{"name":"wp","href":"https:\/\/api.w.org\/{rel}","templated":true}]}}