{"id":641,"date":"2024-03-01T10:12:20","date_gmt":"2024-03-01T07:12:20","guid":{"rendered":"https:\/\/anirililled.ee\/?product=%d1%82%d1%80%d0%b0%d1%83%d1%80%d0%bd%d0%b0%d1%8f-%d0%ba%d0%be%d0%bc%d0%bf%d0%be%d0%b7%d0%b8%d1%86%d0%b8%d1%8f-ms-22"},"modified":"2024-03-01T10:12:21","modified_gmt":"2024-03-01T07:12:21","slug":"traurnaya-kompozicziya-ms-22","status":"publish","type":"product","link":"https:\/\/anirililled.ee\/et\/product\/traurnaya-kompozicziya-ms-22\/","title":{"rendered":"Matuseseade \"MS-22\""},"content":{"rendered":"<p>Matuseseade \"MS-22\" kr\u00fcsanteemidest. M\u00f5\u00f5dud: ~65*35. Lint kirjaga hinnas. Pilt  illustratiivne. Florist j\u00e4\u00e4tab endale \u00f5iguse lillevalikut muuta, v\u00e4rvitoonid j\u00e4\u00e4vad samaks, kui tellimuse t\u00e4itmise t\u00e4htaeg on l\u00fchike.<\/p>\n<p>&nbsp;<\/p>","protected":false},"excerpt":{"rendered":"<p>Matuseseade \"MS-22\" kr\u00fcsanteemidest. M\u00f5\u00f5dud: ~65*35. Lint kirjaga hinnas. Pilt  illustratiivne. Florist j\u00e4\u00e4tab endale \u00f5iguse lillevalikut muuta, v\u00e4rvitoonid j\u00e4\u00e4vad samaks, kui tellimuse t\u00e4itmise t\u00e4htaeg on l\u00fchike. &nbsp;<\/p>","protected":false},"featured_media":169,"comment_status":"closed","ping_status":"open","template":"","meta":[],"product_cat":[336,335],"product_tag":[],"class_list":{"0":"post-641","1":"product","2":"type-product","3":"status-publish","4":"has-post-thumbnail","6":"product_cat-336","7":"product_cat-335","9":"first","10":"instock","11":"purchasable","12":"product-type-simple"},"_links":{"self":[{"href":"https:\/\/anirililled.ee\/et\/wp-json\/wp\/v2\/product\/641","targetHints":{"allow":["GET"]}}],"collection":[{"href":"https:\/\/anirililled.ee\/et\/wp-json\/wp\/v2\/product"}],"about":[{"href":"https:\/\/anirililled.ee\/et\/wp-json\/wp\/v2\/types\/product"}],"replies":[{"embeddable":true,"href":"https:\/\/anirililled.ee\/et\/wp-json\/wp\/v2\/comments?post=641"}],"wp:featuredmedia":[{"embeddable":true,"href":"https:\/\/anirililled.ee\/et\/wp-json\/wp\/v2\/media\/169"}],"wp:attachment":[{"href":"https:\/\/anirililled.ee\/et\/wp-json\/wp\/v2\/media?parent=641"}],"wp:term":[{"taxonomy":"product_cat","embeddable":true,"href":"https:\/\/anirililled.ee\/et\/wp-json\/wp\/v2\/product_cat?post=641"},{"taxonomy":"product_tag","embeddable":true,"href":"https:\/\/anirililled.ee\/et\/wp-json\/wp\/v2\/product_tag?post=641"}],"curies":[{"name":"wp","href":"https:\/\/api.w.org\/{rel}","templated":true}]}}