{"id":638,"date":"2024-03-01T10:12:20","date_gmt":"2024-03-01T07:12:20","guid":{"rendered":"https:\/\/anirililled.ee\/?product=%d1%82%d1%80%d0%b0%d1%83%d1%80%d0%bd%d1%8b%d0%b9-%d0%b1%d1%83%d0%ba%d0%b5%d1%82-mk-19"},"modified":"2024-03-07T22:04:40","modified_gmt":"2024-03-07T19:04:40","slug":"traurnyj-buket-mk-19","status":"publish","type":"product","link":"https:\/\/anirililled.ee\/et\/product\/traurnyj-buket-mk-19\/","title":{"rendered":"Leinakimp \"MK-19\""},"content":{"rendered":"<p>Leinakimp \"MK-19\" (valged kr\u00fcsanteemid, iirised, p\u00f5\u00f5sasnelk).<\/p>\n<p>Lint koos hinnakirjaga. Foto on illustratiivne ja vastab suurusele \"M\". Lillepoodnik j\u00e4tab endale \u00f5iguse muuta lillekomplekti, j\u00e4rgides v\u00e4rvilahendust, kui t\u00e4htaeg on l\u00fchike.<\/p>\n<p style=\"font-variant-numeric: normal; font-variant-east-asian: normal;\">\"S\" (valge kr\u00fcsanteem 2 tk, iiris 4 tk, p\u00f5\u00f5sasnelk 4 tk) - 40.-<\/p>\n<p style=\"font-variant-numeric: normal; font-variant-east-asian: normal;\">\"M\" (valge kr\u00fcsanteem 4 tk, iiris 8 tk, p\u00f5\u00f5sasnelk 6 tk) - 55.-<\/p>\n<p style=\"font-variant-numeric: normal; font-variant-east-asian: normal;\">\"L\" (valge kr\u00fcsanteem 8 tk, iiris 10 tk, p\u00f5\u00f5sasnelk 10 tk) - 75.-<\/p>","protected":false},"excerpt":{"rendered":"<p>\u0422\u0440\u0430\u0443\u0440\u043d\u044b\u0439 \u0431\u0443\u043a\u0435\u0442&nbsp;&quot;MK-19&quot; (\u0431\u0435\u043b\u044b\u0435 \u0445\u0440\u0438\u0437\u0430\u043d\u0442\u0435\u043c\u044b,&nbsp; \u0438\u0440\u0438\u0441, \u043a\u0443\u0441\u0442\u043e\u0432\u0430\u044f \u0433\u0432\u043e\u0437\u0434\u0438\u043a\u0430). \u041b\u0435\u043d\u0442\u0430 \u0441 \u043d\u0430\u0434\u043f\u0438\u0441\u044c\u044e \u0432 \u0446\u0435\u043d\u0435.&nbsp;\u0424\u043e\u0442\u043e \u0438\u043b\u043b\u044e\u0441\u0442\u0440\u0430\u0442\u0438\u0432\u043d\u043e, \u0441\u043e\u043e\u0442\u0432\u0435\u0442\u0441\u0442\u0432\u0443\u0435\u0442 &quot;M&quot; \u0440\u0430\u0437\u043c\u0435\u0440\u0443. \u0424\u043b\u043e\u0440\u0438\u0441\u0442 \u043e\u0441\u0442\u0430\u0432\u043b\u044f\u0435\u0442 \u0437\u0430 \u0441\u043e\u0431\u043e\u0439 \u043f\u0440\u0430\u0432\u043e \u0438\u0437\u043c\u0435\u043d\u0438\u0442\u044c \u043d\u0430\u0431\u043e\u0440 \u0446\u0432\u0435\u0442\u043e\u0432, \u043f\u0440\u0438\u0434\u0435\u0440\u0436\u0438\u0432\u0430\u044f\u0441\u044c \u0446\u0432\u0435\u0442\u043e\u0432\u043e\u0439 \u0433\u0430\u043c\u043c\u044b, \u0435\u0441\u043b\u0438 \u0441\u0440\u043e\u043a \u0432\u044b\u043f\u043e\u043b\u043d\u0435\u043d\u0438\u0435 \u0437\u0430\u043a\u0430\u0437\u0430 \u043a\u043e\u0440\u043e\u0442\u043a\u0438\u0439. &quot;S&quot;(\u0431\u0435\u043b\u044b\u0435 \u0445\u0440\u0438\u0437\u0430\u043d\u0442\u0435\u043c\u044b 2 \u0448\u0442, \u0438\u0440\u0438\u0441 4 \u0448\u0442, \u043a\u0443\u0441\u0442\u043e\u0432\u0430\u044f \u0433\u0432\u043e\u0437\u0434\u0438\u043a\u0430 4 \u0448\u0442) &#8212; 40.- &quot;M&quot;(\u0431\u0435\u043b\u044b\u0435 \u0445\u0440\u0438\u0437\u0430\u043d\u0442\u0435\u043c\u044b&nbsp;4 \u0448\u0442, \u0438\u0440\u0438\u0441 8 \u0448\u0442, \u043a\u0443\u0441\u0442\u043e\u0432\u0430\u044f \u0433\u0432\u043e\u0437\u0434\u0438\u043a\u0430 6 \u0448\u0442) [&hellip;]<\/p>","protected":false},"featured_media":163,"comment_status":"closed","ping_status":"open","template":"","meta":[],"product_cat":[336,335],"product_tag":[],"class_list":{"0":"post-638","1":"product","2":"type-product","3":"status-publish","4":"has-post-thumbnail","6":"product_cat-336","7":"product_cat-335","8":"pa_size-l","9":"pa_size-m","10":"pa_size-s","12":"first","13":"instock","14":"purchasable","15":"product-type-variable"},"_links":{"self":[{"href":"https:\/\/anirililled.ee\/et\/wp-json\/wp\/v2\/product\/638","targetHints":{"allow":["GET"]}}],"collection":[{"href":"https:\/\/anirililled.ee\/et\/wp-json\/wp\/v2\/product"}],"about":[{"href":"https:\/\/anirililled.ee\/et\/wp-json\/wp\/v2\/types\/product"}],"replies":[{"embeddable":true,"href":"https:\/\/anirililled.ee\/et\/wp-json\/wp\/v2\/comments?post=638"}],"wp:featuredmedia":[{"embeddable":true,"href":"https:\/\/anirililled.ee\/et\/wp-json\/wp\/v2\/media\/163"}],"wp:attachment":[{"href":"https:\/\/anirililled.ee\/et\/wp-json\/wp\/v2\/media?parent=638"}],"wp:term":[{"taxonomy":"product_cat","embeddable":true,"href":"https:\/\/anirililled.ee\/et\/wp-json\/wp\/v2\/product_cat?post=638"},{"taxonomy":"product_tag","embeddable":true,"href":"https:\/\/anirililled.ee\/et\/wp-json\/wp\/v2\/product_tag?post=638"}],"curies":[{"name":"wp","href":"https:\/\/api.w.org\/{rel}","templated":true}]}}