{"id":636,"date":"2024-03-01T10:12:20","date_gmt":"2024-03-01T07:12:20","guid":{"rendered":"https:\/\/anirililled.ee\/?product=%d1%82%d1%80%d0%b0%d1%83%d1%80%d0%bd%d0%b0%d1%8f-%d0%ba%d0%be%d0%bc%d0%bf%d0%be%d0%b7%d0%b8%d1%86%d0%b8%d1%8f-ms-16"},"modified":"2025-06-12T12:37:34","modified_gmt":"2025-06-12T09:37:34","slug":"traurnaya-kompozicziya-ms-16","status":"publish","type":"product","link":"https:\/\/anirililled.ee\/et\/product\/traurnaya-kompozicziya-ms-16\/","title":{"rendered":"Matuseseade \"MS-16\""},"content":{"rendered":"<p>Matuseseade \"MS-16\" <span style=\"display: inline !important; float: none; background-color: transparent; color: #333333; cursor: text; font-family: sans-serif,Arial,Verdana,'Trebuchet MS'; font-size: 13px; font-style: normal; font-variant: normal; font-weight: 400; letter-spacing: normal; line-height: 20.8px; orphans: 2; text-align: left; text-decoration: none; text-indent: 0px; text-transform: none; -webkit-text-stroke-width: 0px; white-space: normal; word-spacing: 0px;\">(<\/span>valged roosid ja liilia). Suurus 70\u00d735. Lint kirjaga hinnas.<span style=\"background-color: transparent; color: #333333; cursor: text; display: inline; float: none; font-family: sans-serif,Arial,Verdana,&amp;quot; trebuchet ms&amp;quot;; font-size: 13px; font-style: normal; font-variant: normal; font-weight: 400; letter-spacing: normal; line-height: 20.8px; orphans: 2; text-align: left; text-decoration: none; text-indent: 0px; text-transform: none; -webkit-text-stroke-width: 0px; white-space: normal; word-spacing: 0px;\">\u00a0\u00a0<\/span><\/p>\n<p>Pilt illustratiivne. Florist j\u00e4\u00e4tab endale \u00f5iguse lillevalikut muuta, v\u00e4rvitoonid j\u00e4\u00e4vad samaks, kui tellimuse t\u00e4itmise t\u00e4htaeg on l\u00fchike.<\/p>\n<p><span lang=\"ET\" style=\"font-size: 10.0pt; font-family: 'Arial',sans-serif; mso-ansi-language: ET;\">\u00a0<\/span><\/p>","protected":false},"excerpt":{"rendered":"<p>Leinakompositsioon \"MS-16\" (valged roosid ja liilia). Suurus 70\u00d735. Lint kirjaga hinnas.   Foto on illustratiivne. Lillepood j\u00e4tab endale \u00f5iguse muuta lillekomplekti, j\u00e4rgides v\u00e4rviskeemi, kui t\u00e4htaeg on l\u00fchike. \u00a0<\/p>","protected":false},"featured_media":159,"comment_status":"closed","ping_status":"closed","template":"","meta":[],"product_cat":[336,335],"product_tag":[],"class_list":{"0":"post-636","1":"product","2":"type-product","3":"status-publish","4":"has-post-thumbnail","6":"product_cat-336","7":"product_cat-335","9":"first","10":"instock","11":"purchasable","12":"product-type-simple"},"_links":{"self":[{"href":"https:\/\/anirililled.ee\/et\/wp-json\/wp\/v2\/product\/636","targetHints":{"allow":["GET"]}}],"collection":[{"href":"https:\/\/anirililled.ee\/et\/wp-json\/wp\/v2\/product"}],"about":[{"href":"https:\/\/anirililled.ee\/et\/wp-json\/wp\/v2\/types\/product"}],"replies":[{"embeddable":true,"href":"https:\/\/anirililled.ee\/et\/wp-json\/wp\/v2\/comments?post=636"}],"wp:featuredmedia":[{"embeddable":true,"href":"https:\/\/anirililled.ee\/et\/wp-json\/wp\/v2\/media\/159"}],"wp:attachment":[{"href":"https:\/\/anirililled.ee\/et\/wp-json\/wp\/v2\/media?parent=636"}],"wp:term":[{"taxonomy":"product_cat","embeddable":true,"href":"https:\/\/anirililled.ee\/et\/wp-json\/wp\/v2\/product_cat?post=636"},{"taxonomy":"product_tag","embeddable":true,"href":"https:\/\/anirililled.ee\/et\/wp-json\/wp\/v2\/product_tag?post=636"}],"curies":[{"name":"wp","href":"https:\/\/api.w.org\/{rel}","templated":true}]}}