{"id":635,"date":"2024-03-01T10:12:20","date_gmt":"2024-03-01T07:12:20","guid":{"rendered":"https:\/\/anirililled.ee\/?product=%d1%82%d1%80%d0%b0%d1%83%d1%80%d0%bd%d0%b0%d1%8f-%d0%ba%d0%be%d0%bc%d0%bf%d0%be%d0%b7%d0%b8%d1%86%d0%b8%d1%8f-ms-15"},"modified":"2025-06-12T12:40:04","modified_gmt":"2025-06-12T09:40:04","slug":"traurnaya-kompozicziya-ms-15","status":"publish","type":"product","link":"https:\/\/anirililled.ee\/et\/product\/traurnaya-kompozicziya-ms-15\/","title":{"rendered":"Matuseseade \"MS-15\""},"content":{"rendered":"<p>Matuseseade \"MS-15\"<span style=\"display: inline !important; float: none; background-color: transparent; color: #333333; cursor: text; font-family: sans-serif,Arial,Verdana,'Trebuchet MS'; font-size: 13px; font-style: normal; font-variant: normal; font-weight: 400; letter-spacing: normal; line-height: 20.8px; orphans: 2; text-align: left; text-decoration: none; text-indent: 0px; text-transform: none; -webkit-text-stroke-width: 0px; white-space: normal; word-spacing: 0px;\"> (valge kobarnelk, sinised kr\u00fcsanteemid, kipslill). Lint kirjaga hinnas. <\/span>Pilt illustratiivne, vastab \"L\". Florist j\u00e4\u00e4tab endale \u00f5iguse lillevalikut muuta, v\u00e4rvitoonid j\u00e4\u00e4vad samaks, kui tellimuse t\u00e4itmise t\u00e4htaeg on l\u00fchike.<span style=\"display: inline !important; float: none; background-color: transparent; color: #333333; cursor: text; font-family: sans-serif,Arial,Verdana,'Trebuchet MS'; font-size: 13px; font-style: normal; font-variant: normal; font-weight: 400; letter-spacing: normal; line-height: 20.8px; orphans: 2; text-align: left; text-decoration: none; text-indent: 0px; text-transform: none; -webkit-text-stroke-width: 0px; white-space: normal; word-spacing: 0px;\">.<\/span><\/p>\n<p>\"S\"-l\u00e4bim\u00f5\u00f5t ~40cm<\/p>\n<p style=\"font-variant-numeric: normal; font-variant-east-asian: normal;\">\"M\" l\u00e4bim\u00f5\u00f5t ~45cm<\/p>\n<p style=\"font-variant-numeric: normal; font-variant-east-asian: normal;\">\"L\" - l\u00e4bim\u00f5\u00f5t ~ 50cm<\/p>\n<p>&nbsp;<\/p>\n<p>&nbsp;<\/p>","protected":false},"excerpt":{"rendered":"<p>\u0422\u0440\u0430\u0443\u0440\u043d\u0430\u044f \u043a\u043e\u043c\u043f\u043e\u0437\u0438\u0446\u0438\u044f &#171;MS-15&#187; (\u0431\u0435\u043b\u044b\u0435 \u043a\u043e\u0431\u0430\u0440 \u0433\u0432\u043e\u0434\u0438\u043a\u0438, \u0441\u0438\u043d\u0438\u0435 \u0445\u0440\u0438\u0437\u0430\u043d\u0442\u0435\u043c\u044b, \u0433\u0438\u043f\u0441\u043e\u0444\u0438\u043b\u0430). \u041b\u0435\u043d\u0442\u0430 \u0441 \u0442\u0435\u043a\u0441\u0442\u043e\u043c \u0432 \u0446\u0435\u043d\u0435. \u0424\u043e\u0442\u043e \u0438\u043b\u043b\u044e\u0441\u0442\u0440\u0430\u0442\u0438\u0432\u043d\u043e, \u0441\u043e\u043e\u0442\u0432\u0435\u0442\u0441\u0442\u0432\u0443\u0435\u0442 &#171;L&#187; \u0440\u0430\u0437\u043c\u0435\u0440\u0443. \u0424\u043b\u043e\u0440\u0438\u0441\u0442 \u043e\u0441\u0442\u0430\u0432\u043b\u044f\u0435\u0442 \u0437\u0430 \u0441\u043e\u0431\u043e\u0439 \u043f\u0440\u0430\u0432\u043e \u0438\u0437\u043c\u0435\u043d\u0438\u0442\u044c \u043d\u0430\u0431\u043e\u0440 \u0446\u0432\u0435\u0442\u043e\u0432, \u043f\u0440\u0438\u0434\u0435\u0440\u0436\u0438\u0432\u0430\u044f\u0441\u044c \u0446\u0432\u0435\u0442\u043e\u0432\u043e\u0439 \u0433\u0430\u043c\u043c\u044b, \u0435\u0441\u043b\u0438 \u0441\u0440\u043e\u043a \u0432\u044b\u043f\u043e\u043b\u043d\u0435\u043d\u0438\u0435 \u0437\u0430\u043a\u0430\u0437\u0430 \u043a\u043e\u0440\u043e\u0442\u043a\u0438\u0439.. &#171;S&#187;-\u0434\u0438\u0430\u043c\u0435\u0442\u0440 ~40cm &#171;M&#187;-\u0434\u0438\u0430\u043c\u0435\u0442\u0440 ~45cm &#171;L&#187;- \u0434\u0438\u0430\u043c\u0435\u0442\u0440~50cm &nbsp; &nbsp;<\/p>","protected":false},"featured_media":157,"comment_status":"closed","ping_status":"closed","template":"","meta":[],"product_cat":[336,335],"product_tag":[],"class_list":{"0":"post-635","1":"product","2":"type-product","3":"status-publish","4":"has-post-thumbnail","6":"product_cat-336","7":"product_cat-335","8":"pa_size-l","9":"pa_size-m","10":"pa_size-s","12":"first","13":"instock","14":"purchasable","15":"product-type-variable"},"_links":{"self":[{"href":"https:\/\/anirililled.ee\/et\/wp-json\/wp\/v2\/product\/635","targetHints":{"allow":["GET"]}}],"collection":[{"href":"https:\/\/anirililled.ee\/et\/wp-json\/wp\/v2\/product"}],"about":[{"href":"https:\/\/anirililled.ee\/et\/wp-json\/wp\/v2\/types\/product"}],"replies":[{"embeddable":true,"href":"https:\/\/anirililled.ee\/et\/wp-json\/wp\/v2\/comments?post=635"}],"wp:featuredmedia":[{"embeddable":true,"href":"https:\/\/anirililled.ee\/et\/wp-json\/wp\/v2\/media\/157"}],"wp:attachment":[{"href":"https:\/\/anirililled.ee\/et\/wp-json\/wp\/v2\/media?parent=635"}],"wp:term":[{"taxonomy":"product_cat","embeddable":true,"href":"https:\/\/anirililled.ee\/et\/wp-json\/wp\/v2\/product_cat?post=635"},{"taxonomy":"product_tag","embeddable":true,"href":"https:\/\/anirililled.ee\/et\/wp-json\/wp\/v2\/product_tag?post=635"}],"curies":[{"name":"wp","href":"https:\/\/api.w.org\/{rel}","templated":true}]}}