{"id":632,"date":"2024-03-01T10:12:20","date_gmt":"2024-03-01T07:12:20","guid":{"rendered":"https:\/\/anirililled.ee\/?product=%d1%82%d1%80%d0%b0%d1%83%d1%80%d0%bd%d1%8b%d0%b9-%d0%b1%d1%83%d0%ba%d0%b5%d1%82-mk-12"},"modified":"2026-04-20T19:21:25","modified_gmt":"2026-04-20T16:21:25","slug":"traurnyj-buket-mk-12","status":"publish","type":"product","link":"https:\/\/anirililled.ee\/et\/product\/traurnyj-buket-mk-12\/","title":{"rendered":"Leinakimp \"MK-12\""},"content":{"rendered":"<p>Leinakimp \"MK-12\" (valged kr\u00fcsanteemid ja nelgid). Lint kirjaga hinnas. Pilt illustratiivne. Florist j\u00e4\u00e4tab endale \u00f5iguse lillevalikut muuta, v\u00e4rvitoonid j\u00e4\u00e4vad samaks, kui tellimuse t\u00e4itmise t\u00e4htaeg on l\u00fchike.<\/p>\n<p>\"S\"<\/p>\n<p style=\"font-variant-numeric: normal; font-variant-east-asian: normal;\">\"M\"<\/p>\n<p style=\"font-variant-numeric: normal; font-variant-east-asian: normal;\">\"L\"<\/p>","protected":false},"excerpt":{"rendered":"<p>\u0422\u0440\u0430\u0443\u0440\u043d\u044b\u0439 \u0431\u0443\u043a\u0435\u0442 &#171;MK-12&#187; (\u0431\u0435\u043b\u044b\u0435 \u0445\u0440\u0438\u0437\u0430\u043d\u0442\u0435\u043c\u044b \u0438 \u0433\u0432\u043e\u0437\u0434\u0438\u043a\u0438).\u00a0\u041b\u0435\u043d\u0442\u0430 \u0441 \u043d\u0430\u0434\u043f\u0438\u0441\u044c\u044e \u0432 \u0446\u0435\u043d\u0435. \u0424\u043e\u0442\u043e \u0438\u043b\u043b\u044e\u0441\u0442\u0440\u0430\u0442\u0438\u0432\u043d\u043e. \u0424\u043b\u043e\u0440\u0438\u0441\u0442 \u043e\u0441\u0442\u0430\u0432\u043b\u044f\u0435\u0442 \u0437\u0430 \u0441\u043e\u0431\u043e\u0439 \u043f\u0440\u0430\u0432\u043e \u0438\u0437\u043c\u0435\u043d\u0438\u0442\u044c \u043d\u0430\u0431\u043e\u0440 \u0446\u0432\u0435\u0442\u043e\u0432, \u043f\u0440\u0438\u0434\u0435\u0440\u0436\u0438\u0432\u0430\u044f\u0441\u044c \u0446\u0432\u0435\u0442\u043e\u0432\u043e\u0439 \u0433\u0430\u043c\u043c\u044b, \u0435\u0441\u043b\u0438 \u0441\u0440\u043e\u043a \u0432\u044b\u043f\u043e\u043b\u043d\u0435\u043d\u0438\u0435 \u0437\u0430\u043a\u0430\u0437\u0430 \u043a\u043e\u0440\u043e\u0442\u043a\u0438\u0439. &#171;S&#187; &#171;M&#187; &#171;L&#187;<\/p>","protected":false},"featured_media":151,"comment_status":"closed","ping_status":"closed","template":"","meta":[],"product_cat":[336,335],"product_tag":[],"class_list":{"0":"post-632","1":"product","2":"type-product","3":"status-publish","4":"has-post-thumbnail","6":"product_cat-336","7":"product_cat-335","8":"pa_size-l","9":"pa_size-m","10":"pa_size-s","12":"first","13":"instock","14":"purchasable","15":"product-type-variable"},"_links":{"self":[{"href":"https:\/\/anirililled.ee\/et\/wp-json\/wp\/v2\/product\/632","targetHints":{"allow":["GET"]}}],"collection":[{"href":"https:\/\/anirililled.ee\/et\/wp-json\/wp\/v2\/product"}],"about":[{"href":"https:\/\/anirililled.ee\/et\/wp-json\/wp\/v2\/types\/product"}],"replies":[{"embeddable":true,"href":"https:\/\/anirililled.ee\/et\/wp-json\/wp\/v2\/comments?post=632"}],"wp:featuredmedia":[{"embeddable":true,"href":"https:\/\/anirililled.ee\/et\/wp-json\/wp\/v2\/media\/151"}],"wp:attachment":[{"href":"https:\/\/anirililled.ee\/et\/wp-json\/wp\/v2\/media?parent=632"}],"wp:term":[{"taxonomy":"product_cat","embeddable":true,"href":"https:\/\/anirililled.ee\/et\/wp-json\/wp\/v2\/product_cat?post=632"},{"taxonomy":"product_tag","embeddable":true,"href":"https:\/\/anirililled.ee\/et\/wp-json\/wp\/v2\/product_tag?post=632"}],"curies":[{"name":"wp","href":"https:\/\/api.w.org\/{rel}","templated":true}]}}