{"id":630,"date":"2024-03-01T10:12:20","date_gmt":"2024-03-01T07:12:20","guid":{"rendered":"https:\/\/anirililled.ee\/?product=%d1%82%d1%80%d0%b0%d1%83%d1%80%d0%bd%d0%b0%d1%8f-%d0%ba%d0%be%d0%bc%d0%bf%d0%be%d0%b7%d0%b8%d1%86%d0%b8%d1%8f-ms-10"},"modified":"2025-06-12T12:29:37","modified_gmt":"2025-06-12T09:29:37","slug":"traurnaya-kompozicziya-ms-10","status":"publish","type":"product","link":"https:\/\/anirililled.ee\/et\/product\/traurnaya-kompozicziya-ms-10\/","title":{"rendered":"Matusesede \"MS-10\""},"content":{"rendered":"<p>Matuseseade \"MS-10\", \u00fcmmargune (sinised kr\u00fcsanteemid ja valged kobarnelgid). Lint kirjaga hinnas.<\/p>\n<p><span lang=\"RU\" style=\"font-size: 10.0pt; font-family: 'Arial',sans-serif; color: #333333; background: white;\">\u00a0<\/span>Pilt illustratiivne, vastab \"L\". Florist j\u00e4\u00e4tab endale \u00f5iguse lillevalikut muuta, v\u00e4rvitoonid j\u00e4\u00e4vad samaks, kui tellimuse t\u00e4itmise t\u00e4htaeg on l\u00fchike.<\/p>\n<p style=\"font-variant-numeric: normal; font-variant-east-asian: normal;\">\"S\" - ~40 cm<\/p>\n<p style=\"font-variant-numeric: normal; font-variant-east-asian: normal;\">\"M\" - ~45 cm<\/p>\n<p style=\"font-variant-numeric: normal; font-variant-east-asian: normal;\">\"L\" - ~50 cm<\/p>","protected":false},"excerpt":{"rendered":"<p>\u0422\u0440\u0430\u0443\u0440\u043d\u0430\u044f \u043a\u043e\u043c\u043f\u043e\u0437\u0438\u0446\u0438\u044f &#171;MS-10&#187;, \u043a\u0440\u0443\u0433\u043b\u0430\u044f,\u00a0(\u0441\u0438\u043d\u0438\u0438 \u0445\u0440\u0438\u0437\u0430\u043d\u0442\u0435\u043c\u044b \u0438 \u0431\u0435\u043b\u044b\u0435 \u043a\u043e\u0431\u0430\u0440 \u0433\u0432\u043e\u0437\u0434\u0438\u043a\u0438). \u041b\u0435\u043d\u0442\u0430 \u0441 \u0442\u0435\u043a\u0441\u0442\u043e\u043c \u0432\u0445\u043e\u0434\u0438\u0442 \u0432 \u0446\u0435\u043d\u0443. \u00a0\u0424\u043e\u0442\u043e \u0438\u043b\u043b\u044e\u0441\u0442\u0440\u0430\u0442\u0438\u0432\u043d\u043e, \u0441\u043e\u043e\u0442\u0432\u0435\u0442\u0441\u0442\u0432\u0443\u0435\u0442 &#171;L&#187; \u0440\u0430\u0437\u043c\u0435\u0440\u0443. \u0424\u043b\u043e\u0440\u0438\u0441\u0442 \u043e\u0441\u0442\u0430\u0432\u043b\u044f\u0435\u0442 \u0437\u0430 \u0441\u043e\u0431\u043e\u0439 \u043f\u0440\u0430\u0432\u043e \u0438\u0437\u043c\u0435\u043d\u0438\u0442\u044c \u043d\u0430\u0431\u043e\u0440 \u0446\u0432\u0435\u0442\u043e\u0432, \u043f\u0440\u0438\u0434\u0435\u0440\u0436\u0438\u0432\u0430\u044f\u0441\u044c \u0446\u0432\u0435\u0442\u043e\u0432\u043e\u0439 \u0433\u0430\u043c\u043c\u044b, \u0435\u0441\u043b\u0438 \u0441\u0440\u043e\u043a \u0432\u044b\u043f\u043e\u043b\u043d\u0435\u043d\u0438\u0435 \u0437\u0430\u043a\u0430\u0437\u0430 \u043a\u043e\u0440\u043e\u0442\u043a\u0438\u0439. &#171;S&#187;- ~40cm &#171;M&#187;- ~45cm &#171;L&#187;- ~50cm<\/p>","protected":false},"featured_media":147,"comment_status":"closed","ping_status":"closed","template":"","meta":[],"product_cat":[336,335],"product_tag":[],"class_list":{"0":"post-630","1":"product","2":"type-product","3":"status-publish","4":"has-post-thumbnail","6":"product_cat-336","7":"product_cat-335","8":"pa_size-l","9":"pa_size-m","10":"pa_size-s","12":"first","13":"instock","14":"purchasable","15":"product-type-variable"},"_links":{"self":[{"href":"https:\/\/anirililled.ee\/et\/wp-json\/wp\/v2\/product\/630","targetHints":{"allow":["GET"]}}],"collection":[{"href":"https:\/\/anirililled.ee\/et\/wp-json\/wp\/v2\/product"}],"about":[{"href":"https:\/\/anirililled.ee\/et\/wp-json\/wp\/v2\/types\/product"}],"replies":[{"embeddable":true,"href":"https:\/\/anirililled.ee\/et\/wp-json\/wp\/v2\/comments?post=630"}],"wp:featuredmedia":[{"embeddable":true,"href":"https:\/\/anirililled.ee\/et\/wp-json\/wp\/v2\/media\/147"}],"wp:attachment":[{"href":"https:\/\/anirililled.ee\/et\/wp-json\/wp\/v2\/media?parent=630"}],"wp:term":[{"taxonomy":"product_cat","embeddable":true,"href":"https:\/\/anirililled.ee\/et\/wp-json\/wp\/v2\/product_cat?post=630"},{"taxonomy":"product_tag","embeddable":true,"href":"https:\/\/anirililled.ee\/et\/wp-json\/wp\/v2\/product_tag?post=630"}],"curies":[{"name":"wp","href":"https:\/\/api.w.org\/{rel}","templated":true}]}}