{"id":627,"date":"2024-03-01T10:12:17","date_gmt":"2024-03-01T07:12:17","guid":{"rendered":"https:\/\/anirililled.ee\/?product=%d1%86%d0%b2%d0%b5%d1%82%d0%be%d1%87%d0%bd%d0%b0%d1%8f-%d0%ba%d0%be%d1%80%d0%b7%d0%b8%d0%bd%d0%b0-%d0%b8%d0%b7-%d0%ba%d1%80%d0%b0%d1%81%d0%bd%d1%8b%d1%85-%d1%80%d0%be%d0%b7-kv-9"},"modified":"2024-03-07T22:16:35","modified_gmt":"2024-03-07T19:16:35","slug":"czvetochnaya-korzina-iz-krasnyh-roz-kv-9","status":"publish","type":"product","link":"https:\/\/anirililled.ee\/et\/product\/czvetochnaya-korzina-iz-krasnyh-roz-kv-9\/","title":{"rendered":"Lillekorv punaste roosidega \"KV-9\""},"content":{"rendered":"<p>Punaste roosidega lillekorv \"KV-9\".  Foto on illustratiivne, vastab suurusele \"L\". Lillepoodnik j\u00e4tab endale \u00f5iguse muuta lillede komplekti, j\u00e4rgides v\u00e4rvilahendust, kui t\u00e4htaeg on l\u00fchike.<\/p>\n<p style=\"color: rgb(51, 51, 51); font-family: sans-serif,Arial,Verdana,&amp;quot;Trebuchet MS&amp;quot;; font-size: 13px; font-style: normal; font-variant: normal; font-weight: 400; letter-spacing: normal; orphans: 2; text-align: left; text-decoration: none; text-indent: 0px; text-transform: none; -webkit-text-stroke-width: 0px; white-space: normal; word-spacing: 0px;\">\"S\" - 25tk - 45.00.&nbsp;<\/p>\n<p style=\"color: rgb(51, 51, 51); font-family: sans-serif,Arial,Verdana,&amp;quot;Trebuchet MS&amp;quot;; font-size: 13px; font-style: normal; font-variant: normal; font-weight: 400; letter-spacing: normal; orphans: 2; text-align: left; text-decoration: none; text-indent: 0px; text-transform: none; -webkit-text-stroke-width: 0px; white-space: normal; word-spacing: 0px;\">\"M\" - 35tk - 75.00.<\/p>\n<p style=\"color: rgb(51, 51, 51); font-family: sans-serif,Arial,Verdana,&amp;quot;Trebuchet MS&amp;quot;; font-size: 13px; font-style: normal; font-variant: normal; font-weight: 400; letter-spacing: normal; orphans: 2; text-align: left; text-decoration: none; text-indent: 0px; text-transform: none; -webkit-text-stroke-width: 0px; white-space: normal; word-spacing: 0px;\">\"L\" - 50tk - 100.00.<\/p>\n<p>&nbsp;<\/p>","protected":false},"excerpt":{"rendered":"<p>\u0426\u0432\u0435\u0442\u043e\u0447\u043d\u0430\u044f \u043a\u043e\u0440\u0437\u0438\u043d\u0430 \u0438\u0437 \u043a\u0440\u0430\u0441\u043d\u044b\u0445 \u0440\u043e\u0437 &quot;KV-9&quot;.&nbsp; \u0424\u043e\u0442\u043e \u0438\u043b\u043b\u044e\u0441\u0442\u0440\u0430\u0442\u0438\u0432\u043d\u043e, \u0441\u043e\u043e\u0442\u0432\u0435\u0442\u0441\u0442\u0432\u0443\u0435\u0442 &quot;L&quot; \u0440\u0430\u0437\u043c\u0435\u0440\u0443. \u0424\u043b\u043e\u0440\u0438\u0441\u0442 \u043e\u0441\u0442\u0430\u0432\u043b\u044f\u0435\u0442 \u0437\u0430 \u0441\u043e\u0431\u043e\u0439 \u043f\u0440\u0430\u0432\u043e \u0438\u0437\u043c\u0435\u043d\u0438\u0442\u044c \u043d\u0430\u0431\u043e\u0440 \u0446\u0432\u0435\u0442\u043e\u0432, \u043f\u0440\u0438\u0434\u0435\u0440\u0436\u0438\u0432\u0430\u044f\u0441\u044c \u0446\u0432\u0435\u0442\u043e\u0432\u043e\u0439 \u0433\u0430\u043c\u043c\u044b, \u0435\u0441\u043b\u0438 \u0441\u0440\u043e\u043a \u0432\u044b\u043f\u043e\u043b\u043d\u0435\u043d\u0438\u0435 \u0437\u0430\u043a\u0430\u0437\u0430 \u043a\u043e\u0440\u043e\u0442\u043a\u0438\u0439. &quot;S&quot; &#8212; 25\u0448\u0442 &#8212; 45.00&nbsp; &quot;M&quot; &#8212; 35\u0448\u0442 &#8212; 75.00 &quot;L&quot; &#8212; 50\u0448\u0442 &#8212; 100.00 &nbsp;<\/p>","protected":false},"featured_media":141,"comment_status":"closed","ping_status":"open","template":"","meta":[],"product_cat":[334],"product_tag":[],"class_list":{"0":"post-627","1":"product","2":"type-product","3":"status-publish","4":"has-post-thumbnail","6":"product_cat-334","7":"pa_size-l","8":"pa_size-m","9":"pa_size-s","11":"first","12":"instock","13":"purchasable","14":"product-type-variable"},"_links":{"self":[{"href":"https:\/\/anirililled.ee\/et\/wp-json\/wp\/v2\/product\/627","targetHints":{"allow":["GET"]}}],"collection":[{"href":"https:\/\/anirililled.ee\/et\/wp-json\/wp\/v2\/product"}],"about":[{"href":"https:\/\/anirililled.ee\/et\/wp-json\/wp\/v2\/types\/product"}],"replies":[{"embeddable":true,"href":"https:\/\/anirililled.ee\/et\/wp-json\/wp\/v2\/comments?post=627"}],"wp:featuredmedia":[{"embeddable":true,"href":"https:\/\/anirililled.ee\/et\/wp-json\/wp\/v2\/media\/141"}],"wp:attachment":[{"href":"https:\/\/anirililled.ee\/et\/wp-json\/wp\/v2\/media?parent=627"}],"wp:term":[{"taxonomy":"product_cat","embeddable":true,"href":"https:\/\/anirililled.ee\/et\/wp-json\/wp\/v2\/product_cat?post=627"},{"taxonomy":"product_tag","embeddable":true,"href":"https:\/\/anirililled.ee\/et\/wp-json\/wp\/v2\/product_tag?post=627"}],"curies":[{"name":"wp","href":"https:\/\/api.w.org\/{rel}","templated":true}]}}