{"id":626,"date":"2024-03-01T10:12:17","date_gmt":"2024-03-01T07:12:17","guid":{"rendered":"https:\/\/anirililled.ee\/?product=%d1%86%d0%b2%d0%b5%d1%82%d0%be%d1%87%d0%bd%d1%8f-%d0%ba%d0%be%d1%80%d0%b7%d0%b8%d0%bd%d0%b0-kv-7"},"modified":"2024-03-07T22:17:11","modified_gmt":"2024-03-07T19:17:11","slug":"czvetochnya-korzina-kv-7","status":"publish","type":"product","link":"https:\/\/anirililled.ee\/et\/product\/czvetochnya-korzina-kv-7\/","title":{"rendered":"Lillekorv \"KV-7\""},"content":{"rendered":"<p>Lillekorv&nbsp;<span style=\"background-color: rgb(255, 255, 255); color: rgb(51, 51, 51); display: inline; float: none; font-family: sans-serif,Arial,Verdana,&amp;quot;Trebuchet MS&amp;quot;; font-size: 13px; font-style: normal; font-variant: normal; font-weight: 400; letter-spacing: normal; orphans: 2; text-align: left; text-decoration: none; text-indent: 0px; text-transform: none; -webkit-text-stroke-width: 0px; white-space: normal; word-spacing: 0px;\">\"<\/span><span style=\"background-color: rgb(255, 255, 255); color: rgb(51, 51, 51); display: inline; float: none; font-family: sans-serif,Arial,Verdana,&amp;quot;Trebuchet MS&amp;quot;; font-size: 13px; font-style: normal; font-variant: normal; font-weight: 400; letter-spacing: normal; orphans: 2; text-align: left; text-decoration: none; text-indent: 0px; text-transform: none; -webkit-text-stroke-width: 0px; white-space: normal; word-spacing: 0px;\">KV-7\"<\/span> (valged nelgid). Foto on illustratiivne ja vastab suurusele \"L\". Lillepoodnik j\u00e4tab endale \u00f5iguse muuta lillede komplekti, j\u00e4rgides v\u00e4rviskeemi, kui t\u00e4htaeg on l\u00fchike.<\/p>\n<p style=\"color: rgb(51, 51, 51); font-family: sans-serif,Arial,Verdana,&amp;quot;Trebuchet MS&amp;quot;; font-size: 13px; font-style: normal; font-variant: normal; font-weight: 400; letter-spacing: normal; orphans: 2; text-align: left; text-decoration: none; text-indent: 0px; text-transform: none; -webkit-text-stroke-width: 0px; white-space: normal; word-spacing: 0px;\">\"S\" - 15tk - 25.00.&nbsp;<\/p>\n<p style=\"color: rgb(51, 51, 51); font-family: sans-serif,Arial,Verdana,&amp;quot;Trebuchet MS&amp;quot;; font-size: 13px; font-style: normal; font-variant: normal; font-weight: 400; letter-spacing: normal; orphans: 2; text-align: left; text-decoration: none; text-indent: 0px; text-transform: none; -webkit-text-stroke-width: 0px; white-space: normal; word-spacing: 0px;\">\"M\" - 25tk - 40.00.<\/p>\n<p style=\"color: rgb(51, 51, 51); font-family: sans-serif,Arial,Verdana,&amp;quot;Trebuchet MS&amp;quot;; font-size: 13px; font-style: normal; font-variant: normal; font-weight: 400; letter-spacing: normal; orphans: 2; text-align: left; text-decoration: none; text-indent: 0px; text-transform: none; -webkit-text-stroke-width: 0px; white-space: normal; word-spacing: 0px;\">\"L\" - 50tk - 65.00.<\/p>","protected":false},"excerpt":{"rendered":"<p>\u0426\u0432\u0435\u0442\u043e\u0447\u043d\u044f \u043a\u043e\u0440\u0437\u0438\u043d\u0430&nbsp;&quot;KV-7&quot; (\u0431\u0435\u043b\u044b\u0435 \u0433\u0432\u043e\u0437\u0434\u0438\u043a\u0438). \u0424\u043e\u0442\u043e \u0438\u043b\u043b\u044e\u0441\u0442\u0440\u0430\u0442\u0438\u0432\u043d\u043e, \u0441\u043e\u043e\u0442\u0432\u0435\u0442\u0441\u0442\u0432\u0443\u0435\u0442 &quot;L&quot; \u0440\u0430\u0437\u043c\u0435\u0440\u0443. \u0424\u043b\u043e\u0440\u0438\u0441\u0442 \u043e\u0441\u0442\u0430\u0432\u043b\u044f\u0435\u0442 \u0437\u0430 \u0441\u043e\u0431\u043e\u0439 \u043f\u0440\u0430\u0432\u043e \u0438\u0437\u043c\u0435\u043d\u0438\u0442\u044c \u043d\u0430\u0431\u043e\u0440 \u0446\u0432\u0435\u0442\u043e\u0432, \u043f\u0440\u0438\u0434\u0435\u0440\u0436\u0438\u0432\u0430\u044f\u0441\u044c \u0446\u0432\u0435\u0442\u043e\u0432\u043e\u0439 \u0433\u0430\u043c\u043c\u044b, \u0435\u0441\u043b\u0438 \u0441\u0440\u043e\u043a \u0432\u044b\u043f\u043e\u043b\u043d\u0435\u043d\u0438\u0435 \u0437\u0430\u043a\u0430\u0437\u0430 \u043a\u043e\u0440\u043e\u0442\u043a\u0438\u0439. &quot;S&quot; &#8212; 15\u0448\u0442 &#8212; 25.00&nbsp; &quot;M&quot;- 25\u0448\u0442 &#8212; 40.00 &quot;L&quot; &#8212; 50\u0448\u0442 &#8212; 65.00<\/p>","protected":false},"featured_media":139,"comment_status":"closed","ping_status":"open","template":"","meta":[],"product_cat":[334],"product_tag":[],"class_list":{"0":"post-626","1":"product","2":"type-product","3":"status-publish","4":"has-post-thumbnail","6":"product_cat-334","7":"pa_size-l","8":"pa_size-m","9":"pa_size-s","11":"first","12":"instock","13":"purchasable","14":"product-type-variable"},"_links":{"self":[{"href":"https:\/\/anirililled.ee\/et\/wp-json\/wp\/v2\/product\/626","targetHints":{"allow":["GET"]}}],"collection":[{"href":"https:\/\/anirililled.ee\/et\/wp-json\/wp\/v2\/product"}],"about":[{"href":"https:\/\/anirililled.ee\/et\/wp-json\/wp\/v2\/types\/product"}],"replies":[{"embeddable":true,"href":"https:\/\/anirililled.ee\/et\/wp-json\/wp\/v2\/comments?post=626"}],"wp:featuredmedia":[{"embeddable":true,"href":"https:\/\/anirililled.ee\/et\/wp-json\/wp\/v2\/media\/139"}],"wp:attachment":[{"href":"https:\/\/anirililled.ee\/et\/wp-json\/wp\/v2\/media?parent=626"}],"wp:term":[{"taxonomy":"product_cat","embeddable":true,"href":"https:\/\/anirililled.ee\/et\/wp-json\/wp\/v2\/product_cat?post=626"},{"taxonomy":"product_tag","embeddable":true,"href":"https:\/\/anirililled.ee\/et\/wp-json\/wp\/v2\/product_tag?post=626"}],"curies":[{"name":"wp","href":"https:\/\/api.w.org\/{rel}","templated":true}]}}