{"id":613,"date":"2024-03-01T10:12:17","date_gmt":"2024-03-01T07:12:17","guid":{"rendered":"https:\/\/anirililled.ee\/?product=ak-15"},"modified":"2024-03-07T22:12:02","modified_gmt":"2024-03-07T19:12:02","slug":"ak-15","status":"publish","type":"product","link":"https:\/\/anirililled.ee\/et\/product\/ak-15\/","title":{"rendered":"AK-15"},"content":{"rendered":"<ul class=\"ul1\" style=\"list-style-type: circle; caret-color: rgb(0, 0, 0); color: rgb(0, 0, 0); -webkit-text-size-adjust: auto;\">\n<li class=\"li1\" style=\"margin: 0px; font-stretch: normal; font-size: 17px; line-height: normal;\"><span class=\"s1\" style=\"font-family: UICTFontTextStyleBody;\">Auto kaunistus roosidega \"AK-15\". Autokaunistusi saab valmistada erinevates kujudes ja suurustes. Foto on illustratiivne, vastab suurusele \"L\".  Lillepood j\u00e4tab endale \u00f5iguse muuta lillede komplekti, j\u00e4ttes v\u00e4rvilahenduse, kui tellimus tehakse l\u00fchikese aja jooksul.<\/span><\/li>\n<\/ul>\n<ul class=\"ul2\" style=\"caret-color: rgb(0, 0, 0); color: rgb(0, 0, 0); -webkit-text-size-adjust: auto;\">\n<li class=\"li1\" style=\"margin: 0px; font-stretch: normal; font-size: 17px; line-height: normal;\"><span class=\"s1\" style=\"font-family: UICTFontTextStyleBody;\">\"S\" - 1m -90.00 tk<\/span><\/li>\n<li class=\"li1\" style=\"margin: 0px; font-stretch: normal; font-size: 17px; line-height: normal;\"><span class=\"s1\" style=\"font-family: UICTFontTextStyleBody;\">\"M\"-2m -180.00 tk<\/span><\/li>\n<li class=\"li1\" style=\"margin: 0px; font-stretch: normal; font-size: 17px; line-height: normal;\"><span class=\"s1\" style=\"font-family: UICTFontTextStyleBody;\">\"L\" - 3m -270.00 tk<\/span><\/li>\n<\/ul>","protected":false},"excerpt":{"rendered":"<p>\u0423\u043a\u0440\u0430\u0448\u0435\u043d\u0438\u0435 \u043d\u0430 \u043c\u0430\u0448\u0438\u043d\u0443 c \u0440\u043e\u0437\u0430\u043c\u0438 &quot;AK-15&quot;. \u0423\u043a\u0440\u0430\u0448\u0435\u043d\u0438\u0435 \u043d\u0430 \u043c\u0430\u0448\u0438\u043d\u0443 \u043c\u043e\u0436\u043d\u043e \u0432\u044b\u043f\u043e\u043b\u043d\u0438\u0442\u044c \u0440\u0430\u0437\u043d\u043e\u0439 \u0444\u043e\u0440\u043c\u044b \u0438 \u0440\u0430\u0437\u043c\u0435\u0440\u0430. \u0424\u043e\u0442\u043e \u0438\u043b\u043b\u044e\u0441\u0442\u0440\u0430\u0442\u0438\u0432\u043d\u043e, \u0441\u043e\u043e\u0442\u0432\u0435\u0442\u0441\u0442\u0432\u0443\u0435\u0442 \u0440\u0430\u0437\u043c\u0435\u0440\u0443 &quot;L&quot;.&nbsp; \u0424\u043b\u043e\u0440\u0438\u0441\u0442 \u043e\u0441\u0442\u0430\u0432\u043b\u044f\u0435\u0442 \u0437\u0430 \u0441\u043e\u0431\u043e\u0439 \u043f\u0440\u0430\u0432\u043e \u0438\u0437\u043c\u0435\u043d\u0438\u0442\u044c \u043d\u0430\u0431\u043e\u0440 \u0446\u0432\u0435\u0442\u043e\u0432, \u043e\u0441\u0442\u0430\u0432\u043b\u044f\u044f \u0446\u0432\u0435\u0442\u043e\u0432\u0443\u044e \u0433\u0430\u043c\u043c\u0443, \u0432 \u0441\u043b\u0443\u0447\u0430\u0435, \u0435\u0441\u043b\u0438 \u0437\u0430\u043a\u0430\u0437 \u0432\u044b\u043f\u043e\u043b\u043d\u0435\u043d \u0437\u0430 \u043a\u043e\u0440\u043e\u0442\u043a\u0438\u0439 \u0441\u0440\u043e\u043a. &quot;S&quot;- 1m&nbsp; -90.00 tk &quot;M&quot;-2m -180.00 tk &quot;L&quot;- 3m -270.00 tk<\/p>","protected":false},"featured_media":116,"comment_status":"closed","ping_status":"open","template":"","meta":[],"product_cat":[332,333],"product_tag":[],"class_list":{"0":"post-613","1":"product","2":"type-product","3":"status-publish","4":"has-post-thumbnail","6":"product_cat-332","7":"product_cat-333","8":"pa_size-l","9":"pa_size-m","10":"pa_size-s","12":"first","13":"instock","14":"purchasable","15":"product-type-variable"},"_links":{"self":[{"href":"https:\/\/anirililled.ee\/et\/wp-json\/wp\/v2\/product\/613","targetHints":{"allow":["GET"]}}],"collection":[{"href":"https:\/\/anirililled.ee\/et\/wp-json\/wp\/v2\/product"}],"about":[{"href":"https:\/\/anirililled.ee\/et\/wp-json\/wp\/v2\/types\/product"}],"replies":[{"embeddable":true,"href":"https:\/\/anirililled.ee\/et\/wp-json\/wp\/v2\/comments?post=613"}],"wp:featuredmedia":[{"embeddable":true,"href":"https:\/\/anirililled.ee\/et\/wp-json\/wp\/v2\/media\/116"}],"wp:attachment":[{"href":"https:\/\/anirililled.ee\/et\/wp-json\/wp\/v2\/media?parent=613"}],"wp:term":[{"taxonomy":"product_cat","embeddable":true,"href":"https:\/\/anirililled.ee\/et\/wp-json\/wp\/v2\/product_cat?post=613"},{"taxonomy":"product_tag","embeddable":true,"href":"https:\/\/anirililled.ee\/et\/wp-json\/wp\/v2\/product_tag?post=613"}],"curies":[{"name":"wp","href":"https:\/\/api.w.org\/{rel}","templated":true}]}}