{"id":610,"date":"2024-03-01T10:12:17","date_gmt":"2024-03-01T07:12:17","guid":{"rendered":"https:\/\/anirililled.ee\/?product=ak-12"},"modified":"2024-03-07T22:13:06","modified_gmt":"2024-03-07T19:13:06","slug":"ak-12","status":"publish","type":"product","link":"https:\/\/anirililled.ee\/et\/product\/ak-12\/","title":{"rendered":"AK-12"},"content":{"rendered":"<p>Autodekoratsioon roosidega \"AK-12\" (roosid, gipsofila). Autokaunistusi saab valmistada erineva kuju ja suurusega. Foto on illustratiivne, vastab suurusele \"L\".  Florist j\u00e4tab endale \u00f5iguse muuta lillede komplekti, j\u00e4ttes v\u00e4rvilahenduse, kui tellimus on tehtud l\u00fchikese aja jooksul.<\/p>\n<ul class=\"ul1\" style=\"list-style-type: circle; caret-color: rgb(0, 0, 0); color: rgb(0, 0, 0); -webkit-text-size-adjust: auto;\">\n<li class=\"li1\" style=\"margin: 0px; font-stretch: normal; font-size: 17px; line-height: normal;\"><span class=\"s1\" style=\"font-family: UICTFontTextStyleBody;\">\"S\" - 1m -90.00 tk<\/span><\/li>\n<li class=\"li1\" style=\"margin: 0px; font-stretch: normal; font-size: 17px; line-height: normal;\"><span class=\"s1\" style=\"font-family: UICTFontTextStyleBody;\">\"M\"-2m -180.00 tk<\/span><\/li>\n<li class=\"li1\" style=\"margin: 0px; font-stretch: normal; font-size: 17px; line-height: normal;\"><span class=\"s1\" style=\"font-family: UICTFontTextStyleBody;\">\"L\" - 3m -270.00 tk<\/span><\/li>\n<\/ul>","protected":false},"excerpt":{"rendered":"<p>Autodekoratsioon roosidega \"AK-12\" (roosid, gipsofila). Autokaunistusi saab valmistada erineva kuju ja suurusega. Foto on illustratiivne, vastab suurusele \"L\".  Florist j\u00e4tab endale \u00f5iguse muuta lillede komplekti, j\u00e4ttes v\u00e4rvilahenduse, kui tellimus tehakse l\u00fchikese aja jooksul. \"S\"- 1m -90.00 tk \"M\"-2m -180.00 tk \"L\"- 3m -270.00 tk<\/p>","protected":false},"featured_media":110,"comment_status":"closed","ping_status":"open","template":"","meta":[],"product_cat":[332,333],"product_tag":[],"class_list":{"0":"post-610","1":"product","2":"type-product","3":"status-publish","4":"has-post-thumbnail","6":"product_cat-332","7":"product_cat-333","8":"pa_size-l","9":"pa_size-m","10":"pa_size-s","12":"first","13":"instock","14":"purchasable","15":"product-type-variable"},"_links":{"self":[{"href":"https:\/\/anirililled.ee\/et\/wp-json\/wp\/v2\/product\/610","targetHints":{"allow":["GET"]}}],"collection":[{"href":"https:\/\/anirililled.ee\/et\/wp-json\/wp\/v2\/product"}],"about":[{"href":"https:\/\/anirililled.ee\/et\/wp-json\/wp\/v2\/types\/product"}],"replies":[{"embeddable":true,"href":"https:\/\/anirililled.ee\/et\/wp-json\/wp\/v2\/comments?post=610"}],"wp:featuredmedia":[{"embeddable":true,"href":"https:\/\/anirililled.ee\/et\/wp-json\/wp\/v2\/media\/110"}],"wp:attachment":[{"href":"https:\/\/anirililled.ee\/et\/wp-json\/wp\/v2\/media?parent=610"}],"wp:term":[{"taxonomy":"product_cat","embeddable":true,"href":"https:\/\/anirililled.ee\/et\/wp-json\/wp\/v2\/product_cat?post=610"},{"taxonomy":"product_tag","embeddable":true,"href":"https:\/\/anirililled.ee\/et\/wp-json\/wp\/v2\/product_tag?post=610"}],"curies":[{"name":"wp","href":"https:\/\/api.w.org\/{rel}","templated":true}]}}