{"id":595,"date":"2024-03-01T10:12:14","date_gmt":"2024-03-01T07:12:14","guid":{"rendered":"https:\/\/anirililled.ee\/?product=%d0%b1%d1%83%d0%ba%d0%b5%d1%82-%d0%b8%d0%b7-%d0%b3%d0%b5%d1%80%d0%b1%d0%b5%d1%80-k-1522"},"modified":"2025-03-01T23:32:15","modified_gmt":"2025-03-01T20:32:15","slug":"buket-iz-gerber-k-1522","status":"publish","type":"product","link":"https:\/\/anirililled.ee\/et\/product\/buket-iz-gerber-k-1522\/","title":{"rendered":"Gerbera kimp"},"content":{"rendered":"<blockquote><p>Gerbera kimp \"K-1522\". \nPilt illustratiivne, vastab \"L\" suurusele. \n\nFlorist j\u00e4\u00e4tab endale \u00f5iguse lillevalikut muuta, v\u00e4rvitoonid j\u00e4\u00e4vad samaks, kui tellimuse t\u00e4itmise t\u00e4htaeg on l\u00fchike.<\/p><\/blockquote>\n<p><span style=\"font-family: Arial, sans-serif; font-size: 10pt;\">\u00a0\"S\" - 7 tk.\u00a0<\/span><\/p>\n<p><span style=\"font-size: 10pt; font-family: Arial, sans-serif;\">\u00a0\"M\"-\u00a0<\/span><span style=\"font-family: Arial, sans-serif; font-size: 13.3333px;\">25 tk.\u00a0<\/span><\/p>\n<p><span style=\"font-family: Arial, sans-serif; font-size: 10pt;\">\u00a0 \"L\"- 51 <\/span><span style=\"font-family: Arial, sans-serif; font-size: 13.3333px;\">t\u00fckk<\/span><\/p>","protected":false},"excerpt":{"rendered":"<p>Gerbera kimp \"K-1522\". Foto on illustratiivne, vastab suurusele \"L\". Lillepoodnik j\u00e4tab endale \u00f5iguse muuta lillekomplekti, j\u00e4rgides v\u00e4rviskeemi, kui t\u00e4htaeg on l\u00fchike.  \"S\" - 7 tk \"M\" - 25 tk \"L\" - 51 tk<\/p>","protected":false},"featured_media":31,"comment_status":"closed","ping_status":"closed","template":"","meta":[],"product_cat":[331],"product_tag":[],"class_list":{"0":"post-595","1":"product","2":"type-product","3":"status-publish","4":"has-post-thumbnail","6":"product_cat-331","7":"pa_size-l","8":"pa_size-m","9":"pa_size-s","11":"first","12":"instock","13":"purchasable","14":"product-type-variable"},"_links":{"self":[{"href":"https:\/\/anirililled.ee\/et\/wp-json\/wp\/v2\/product\/595","targetHints":{"allow":["GET"]}}],"collection":[{"href":"https:\/\/anirililled.ee\/et\/wp-json\/wp\/v2\/product"}],"about":[{"href":"https:\/\/anirililled.ee\/et\/wp-json\/wp\/v2\/types\/product"}],"replies":[{"embeddable":true,"href":"https:\/\/anirililled.ee\/et\/wp-json\/wp\/v2\/comments?post=595"}],"wp:featuredmedia":[{"embeddable":true,"href":"https:\/\/anirililled.ee\/et\/wp-json\/wp\/v2\/media\/31"}],"wp:attachment":[{"href":"https:\/\/anirililled.ee\/et\/wp-json\/wp\/v2\/media?parent=595"}],"wp:term":[{"taxonomy":"product_cat","embeddable":true,"href":"https:\/\/anirililled.ee\/et\/wp-json\/wp\/v2\/product_cat?post=595"},{"taxonomy":"product_tag","embeddable":true,"href":"https:\/\/anirililled.ee\/et\/wp-json\/wp\/v2\/product_tag?post=595"}],"curies":[{"name":"wp","href":"https:\/\/api.w.org\/{rel}","templated":true}]}}