{"id":3720,"date":"2025-08-16T15:29:20","date_gmt":"2025-08-16T12:29:20","guid":{"rendered":"https:\/\/anirililled.ee\/?post_type=product&#038;p=3720"},"modified":"2026-03-28T10:01:28","modified_gmt":"2026-03-28T07:01:28","slug":"buket-iz-51-rozovoj-rozy","status":"publish","type":"product","link":"https:\/\/anirililled.ee\/et\/product\/buket-iz-51-rozovoj-rozy\/","title":{"rendered":"Kimp 51 roosast roosi"},"content":{"rendered":"<blockquote><p>Kimp 51 roosast roosi<\/p><\/blockquote>\n<p style=\"text-align: left;\">Kood: \"K-505\"<\/p>\n<p>V\u00e4rv: roosa<\/p>\n<p>K\u00f5rgus: 40 cm.<\/p>\n<p><em>Pilt illustratiivne.\u00a0Florist j\u00e4\u00e4tab endale \u00f5iguse v\u00e4rvitoonid muuta,\u00a0kui tellimuse t\u00e4itmise t\u00e4htaeg on l\u00fchike.<\/em><\/p>\n<p>&nbsp;<\/p>","protected":false},"excerpt":{"rendered":"<p>\u0411\u0443\u043a\u0435\u0442\u00a0 \u0438\u0437 51 \u0440\u043e\u0437\u043e\u0432\u043e\u0439 \u0440\u043e\u0437\u044b \u041a\u043e\u0434: &#171;K-505&#187; \u0426\u0432\u0435\u0442: \u0440\u043e\u0437\u043e\u0432\u044b\u0439 \u0412\u044b\u0441\u043e\u0442\u0430: 40 cm. \u0418\u0437\u043e\u0431\u0440\u0430\u0436\u0435\u043d\u0438\u0435 \u044f\u0432\u043b\u044f\u0435\u0442\u0441\u044f \u0438\u043b\u043b\u044e\u0441\u0442\u0440\u0430\u0442\u0438\u0432\u043d\u044b\u043c. \u0424\u043b\u043e\u0440\u0438\u0441\u0442 \u043e\u0441\u0442\u0430\u0432\u043b\u044f\u0435\u0442 \u0437\u0430 \u0441\u043e\u0431\u043e\u0439 \u043f\u0440\u0430\u0432\u043e \u0438\u0437\u043c\u0435\u043d\u0438\u0442\u044c \u043e\u0442\u0442\u0435\u043d\u043e\u043a \u0446\u0432\u0435\u0442\u0430, \u0435\u0441\u043b\u0438 \u0441\u0440\u043e\u043a \u0432\u044b\u043f\u043e\u043b\u043d\u0435\u043d\u0438\u044f \u0437\u0430\u043a\u0430\u0437\u0430 \u043a\u043e\u0440\u043e\u0442\u043a\u0438\u0439. &nbsp;<\/p>","protected":false},"featured_media":529,"comment_status":"open","ping_status":"closed","template":"","meta":[],"product_cat":[331,398],"product_tag":[],"class_list":{"0":"post-3720","1":"product","2":"type-product","3":"status-publish","4":"has-post-thumbnail","6":"product_cat-331","7":"product_cat-bukety-roz","9":"first","10":"instock","11":"shipping-taxable","12":"purchasable","13":"product-type-simple"},"_links":{"self":[{"href":"https:\/\/anirililled.ee\/et\/wp-json\/wp\/v2\/product\/3720","targetHints":{"allow":["GET"]}}],"collection":[{"href":"https:\/\/anirililled.ee\/et\/wp-json\/wp\/v2\/product"}],"about":[{"href":"https:\/\/anirililled.ee\/et\/wp-json\/wp\/v2\/types\/product"}],"replies":[{"embeddable":true,"href":"https:\/\/anirililled.ee\/et\/wp-json\/wp\/v2\/comments?post=3720"}],"wp:featuredmedia":[{"embeddable":true,"href":"https:\/\/anirililled.ee\/et\/wp-json\/wp\/v2\/media\/529"}],"wp:attachment":[{"href":"https:\/\/anirililled.ee\/et\/wp-json\/wp\/v2\/media?parent=3720"}],"wp:term":[{"taxonomy":"product_cat","embeddable":true,"href":"https:\/\/anirililled.ee\/et\/wp-json\/wp\/v2\/product_cat?post=3720"},{"taxonomy":"product_tag","embeddable":true,"href":"https:\/\/anirililled.ee\/et\/wp-json\/wp\/v2\/product_tag?post=3720"}],"curies":[{"name":"wp","href":"https:\/\/api.w.org\/{rel}","templated":true}]}}